{"id":29077,"date":"2023-07-11T20:58:59","date_gmt":"2023-07-11T20:58:59","guid":{"rendered":"https:\/\/auroraflowers.nl\/regulament-inscriere-florist-bootcamp-2023\/"},"modified":"2023-07-12T15:08:14","modified_gmt":"2023-07-12T15:08:14","slug":"regulament-inscriere-florist-bootcamp-2023","status":"publish","type":"page","link":"https:\/\/auroraflowers.nl\/ro\/regulament-inscriere-florist-bootcamp-2023\/","title":{"rendered":"Regulament \u00eenscriere Florist Bootcamp 2023"},"content":{"rendered":"<p>[et_pb_section fb_built=&#8221;1&#8243; _builder_version=&#8221;4.21.0&#8243; background_image=&#8221;https:\/\/auroraflowers.nl\/wp-content\/uploads\/2023\/07\/The-Villa.-locatia-dedicata-evenimentelor-din-Bucuresti-Bootcamp-2023-Aurora-Flowers.jpg&#8221; custom_padding=&#8221;10px|0px|0px|10px&#8221; global_colors_info=&#8221;{}&#8221;][et_pb_row column_structure=&#8221;1_3,1_3,1_3&#8243; use_custom_gutter=&#8221;on&#8221; gutter_width=&#8221;1&#8243; module_class=&#8221; et_pb_row_fullwidth&#8221; _builder_version=&#8221;4.16&#8243; width=&#8221;100%&#8221; width_tablet=&#8221;100%&#8221; width_phone=&#8221;100%&#8221; width_last_edited=&#8221;on|desktop&#8221; max_width=&#8221;100%&#8221; max_width_tablet=&#8221;100%&#8221; max_width_phone=&#8221;100%&#8221; max_width_last_edited=&#8221;on|desktop&#8221; custom_padding=&#8221;0px|0px|0px|0px&#8221; make_fullwidth=&#8221;on&#8221; global_colors_info=&#8221;{}&#8221;][et_pb_column type=&#8221;1_3&#8243; _builder_version=&#8221;4.16&#8243; custom_padding=&#8221;|||&#8221; global_colors_info=&#8221;{}&#8221; custom_padding__hover=&#8221;|||&#8221;][\/et_pb_column][et_pb_column type=&#8221;1_3&#8243; _builder_version=&#8221;4.16&#8243; custom_padding=&#8221;|||&#8221; global_colors_info=&#8221;{}&#8221; custom_padding__hover=&#8221;|||&#8221;][et_pb_button button_url=&#8221;https:\/\/auroraflowers.nl\/ro\/contact\/&#8221; button_text=&#8221;CONTACT&#8221; button_alignment=&#8221;right&#8221; admin_label=&#8221;Knop contact&#8221; _builder_version=&#8221;4.16&#8243; custom_button=&#8221;on&#8221; button_text_color=&#8221;#ffdd00&#8243; button_bg_color=&#8221;#00165b&#8221; button_border_color=&#8221;#00165b&#8221; button_icon=&#8221;&#x39;||divi||400&#8243; button_icon_color=&#8221;#ffdd00&#8243; button_on_hover=&#8221;off&#8221; button_text_color_hover=&#8221;#014587&#8243; button_border_color_hover=&#8221;#ffdd00&#8243; button_bg_color_hover=&#8221;#ffdd00&#8243; saved_tabs=&#8221;all&#8221; global_colors_info=&#8221;{}&#8221; button_text_size__hover_enabled=&#8221;off&#8221; button_one_text_size__hover_enabled=&#8221;off&#8221; button_two_text_size__hover_enabled=&#8221;off&#8221; button_text_color__hover_enabled=&#8221;on&#8221; button_text_color__hover=&#8221;#014587&#8243; button_one_text_color__hover_enabled=&#8221;off&#8221; button_two_text_color__hover_enabled=&#8221;off&#8221; button_border_width__hover_enabled=&#8221;off&#8221; button_one_border_width__hover_enabled=&#8221;off&#8221; button_two_border_width__hover_enabled=&#8221;off&#8221; button_border_color__hover_enabled=&#8221;on&#8221; button_border_color__hover=&#8221;#ffdd00&#8243; button_one_border_color__hover_enabled=&#8221;off&#8221; button_two_border_color__hover_enabled=&#8221;off&#8221; button_border_radius__hover_enabled=&#8221;off&#8221; button_one_border_radius__hover_enabled=&#8221;off&#8221; button_two_border_radius__hover_enabled=&#8221;off&#8221; button_letter_spacing__hover_enabled=&#8221;off&#8221; button_one_letter_spacing__hover_enabled=&#8221;off&#8221; button_two_letter_spacing__hover_enabled=&#8221;off&#8221; button_bg_color__hover_enabled=&#8221;on&#8221; button_bg_color__hover=&#8221;#ffdd00&#8243; button_one_bg_color__hover_enabled=&#8221;off&#8221; button_two_bg_color__hover_enabled=&#8221;off&#8221;][\/et_pb_button][\/et_pb_column][et_pb_column type=&#8221;1_3&#8243; _builder_version=&#8221;4.16&#8243; background_color=&#8221;rgba(244,244,244,0.86)&#8221; custom_padding=&#8221;|||&#8221; global_colors_info=&#8221;{}&#8221; custom_padding__hover=&#8221;|||&#8221;][et_pb_text admin_label=&#8221;Tekst TITEL&#8221; _builder_version=&#8221;4.21.0&#8243; text_font=&#8221;Playfair Display|on|||&#8221; text_text_color=&#8221;#013366&#8243; text_font_size=&#8221;38&#8243; text_letter_spacing=&#8221;2px&#8221; text_line_height=&#8221;1.8em&#8221; background_size=&#8221;initial&#8221; background_position=&#8221;top_left&#8221; background_repeat=&#8221;repeat&#8221; text_orientation=&#8221;center&#8221; module_alignment=&#8221;center&#8221; custom_margin=&#8221;30px|30px|30px|30px&#8221; saved_tabs=&#8221;all&#8221; global_colors_info=&#8221;{}&#8221;]<\/p>\n<p>Regulament \u00eenscriere Florist Bootcamp 2023<\/p>\n<p>[\/et_pb_text][\/et_pb_column][\/et_pb_row][\/et_pb_section][et_pb_section fb_built=&#8221;1&#8243; _builder_version=&#8221;4.16&#8243; global_colors_info=&#8221;{}&#8221;][et_pb_row module_id=&#8221;privacy&#8221; _builder_version=&#8221;4.16&#8243; global_colors_info=&#8221;{}&#8221;][et_pb_column type=&#8221;4_4&#8243; _builder_version=&#8221;4.16&#8243; custom_padding=&#8221;|||&#8221; global_colors_info=&#8221;{}&#8221; custom_padding__hover=&#8221;|||&#8221;][et_pb_text _builder_version=&#8221;4.21.0&#8243; link_font=&#8221;|600|||on||||&#8221; hover_enabled=&#8221;0&#8243; global_colors_info=&#8221;{}&#8221; sticky_enabled=&#8221;0&#8243;]<\/p>\n<p><strong>Prin completarea formularului de \u00eenregistrare la Florist Bootcamp 2023, fiecare participant accept\u0103 condi\u021biile de mai jos,<\/strong><\/p>\n<p>&nbsp;<\/p>\n<h2>Despre organizator<\/h2>\n<p>Evenimentul Florist Bootcamp 2023 \u2013 editia 1 \u2013 Bucuresti este organizat \u0219i administrat de SC Aurora Flowers and Plants SRL.<br \/>Compania va apela la serviciile partenerilor externi pentru acoperirea serviciilor \u0219i produselor necesare organiz\u0103rii. Participan\u021bii la eveniment vor avea rela\u021bii comerciale doar cu organizatorul.<\/p>\n<p>&nbsp;<\/p>\n<h2>Costul \u0219i plata particip\u0103rii<\/h2>\n<p>\u00cen baza \u00eenregistrarii participantului Organizatorul va emite factur\u0103 fiscal\u0103, iar participantul se oblig\u0103 s\u0103 \u00eenregistreze \u0219i achite factura emis\u0103. Participantul este responsabil de corectitudinea datelor \u00eenscrise la momentul \u00eenregistr\u0103rii.<\/p>\n<p>Costul pentru participarea unei persoane este de 4000 lei + TVA. Plata se va efectua \u00een dou\u0103 tran\u0219e egale de 2000 lei + TVA, exclusiv prin transfer bancar.\u00a0Organizatorul va emite c\u00e2te o factur\u0103 fiscal\u0103 c\u0103tre participant, astfel:<\/p>\n<ul>\n<li>plata I \u2013 factura se emite p\u00e2n\u0103 la 1 august, plata se face \u00eentre 1-15 august;<\/li>\n<li>plata II \u2013 factura se emite p\u00e2n\u0103 la 15 septembrie, plata se face \u00eentre 15-30 septembrie.<\/li>\n<\/ul>\n<p>Pentru participarea doar la Florists Networking Event 1 nov, se va emite o singur\u0103 factur\u0103 p\u00e2n\u0103 la 1 august, ce se va achita \u00eentre 1-15 august. Neachitarea facturii p\u00e2n\u0103 la 15 august duce la anularea rezerv\u0103rii.<\/p>\n<p>&nbsp;<\/p>\n<h2>Renun\u021barea la participare<\/h2>\n<ul>\n<li>P\u00e2n\u0103 la 30 septembrie \u2013 participan\u021bii pot solicita renun\u021barea la participare \u0219i rambursarea costurilor.<\/li>\n<li>\u00centre 1 octombrie \u2013 25 octombrie nu se poate solicita renun\u021barea la participare, dar se poate solicita schimbarea numelui participantului, f\u0103r\u0103 costuri suplimentare.<\/li>\n<li>Dup\u0103 25 octombrie \u2013 nu se poate solicita renun\u021barea la participare sau inlocuirea participantului, nu exist\u0103 posibilitate de rambursare.<\/li>\n<\/ul>\n<p>[\/et_pb_text][\/et_pb_column][\/et_pb_row][\/et_pb_section]<\/p>\n","protected":false},"excerpt":{"rendered":"<p>Regulament \u00eenscriere Florist Bootcamp 2023Prin completarea formularului de \u00eenregistrare la Florist Bootcamp 2023, fiecare participant accept\u0103 condi\u021biile de mai jos, &nbsp; Despre organizator Evenimentul Florist Bootcamp 2023 \u2013 editia 1 \u2013 Bucuresti este organizat \u0219i administrat de SC Aurora Flowers and Plants SRL.Compania va apela la serviciile partenerilor externi pentru acoperirea serviciilor \u0219i produselor necesare [&hellip;]<\/p>\n","protected":false},"author":1,"featured_media":0,"parent":0,"menu_order":0,"comment_status":"closed","ping_status":"closed","template":"","meta":{"_et_pb_use_builder":"on","_et_pb_old_content":"","_et_gb_content_width":"","footnotes":""},"dipi_cpt_category":[],"class_list":["post-29077","page","type-page","status-publish","hentry"],"yoast_head":"<!-- This site is optimized with the Yoast SEO plugin v27.4 - https:\/\/yoast.com\/product\/yoast-seo-wordpress\/ -->\n<title>Regulament \u00eenscriere Florist Bootcamp 2023 &#8212; Aurora Flowers<\/title>\n<meta name=\"robots\" content=\"index, follow, max-snippet:-1, max-image-preview:large, max-video-preview:-1\" \/>\n<link rel=\"canonical\" href=\"https:\/\/auroraflowers.nl\/ro\/regulament-inscriere-florist-bootcamp-2023\/\" \/>\n<meta property=\"og:locale\" content=\"ro_RO\" \/>\n<meta property=\"og:type\" content=\"article\" \/>\n<meta property=\"og:title\" content=\"Regulament \u00eenscriere Florist Bootcamp 2023 &#8212; Aurora Flowers\" \/>\n<meta property=\"og:description\" content=\"Regulament \u00eenscriere Florist Bootcamp 2023Prin completarea formularului de \u00eenregistrare la Florist Bootcamp 2023, fiecare participant accept\u0103 condi\u021biile de mai jos, &nbsp; Despre organizator Evenimentul Florist Bootcamp 2023 \u2013 editia 1 \u2013 Bucuresti este organizat \u0219i administrat de SC Aurora Flowers and Plants SRL.Compania va apela la serviciile partenerilor externi pentru acoperirea serviciilor \u0219i produselor necesare [&hellip;]\" \/>\n<meta property=\"og:url\" content=\"https:\/\/auroraflowers.nl\/ro\/regulament-inscriere-florist-bootcamp-2023\/\" \/>\n<meta property=\"og:site_name\" content=\"Aurora Flowers\" \/>\n<meta property=\"article:publisher\" content=\"https:\/\/business.facebook.com\/AuroraFlowersNL\/\" \/>\n<meta property=\"article:modified_time\" content=\"2023-07-12T15:08:14+00:00\" \/>\n<meta name=\"twitter:card\" content=\"summary_large_image\" \/>\n<meta name=\"twitter:label1\" content=\"Timp estimat pentru citire\" \/>\n\t<meta name=\"twitter:data1\" content=\"4 minute\" \/>\n<script type=\"application\/ld+json\" class=\"yoast-schema-graph\">{\"@context\":\"https:\\\/\\\/schema.org\",\"@graph\":[{\"@type\":\"WebPage\",\"@id\":\"https:\\\/\\\/auroraflowers.nl\\\/ro\\\/regulament-inscriere-florist-bootcamp-2023\\\/\",\"url\":\"https:\\\/\\\/auroraflowers.nl\\\/ro\\\/regulament-inscriere-florist-bootcamp-2023\\\/\",\"name\":\"Regulament \u00eenscriere Florist Bootcamp 2023 &#8212; Aurora Flowers\",\"isPartOf\":{\"@id\":\"https:\\\/\\\/auroraflowers.nl\\\/#website\"},\"datePublished\":\"2023-07-11T20:58:59+00:00\",\"dateModified\":\"2023-07-12T15:08:14+00:00\",\"breadcrumb\":{\"@id\":\"https:\\\/\\\/auroraflowers.nl\\\/ro\\\/regulament-inscriere-florist-bootcamp-2023\\\/#breadcrumb\"},\"inLanguage\":\"ro-RO\",\"potentialAction\":[{\"@type\":\"ReadAction\",\"target\":[\"https:\\\/\\\/auroraflowers.nl\\\/ro\\\/regulament-inscriere-florist-bootcamp-2023\\\/\"]}]},{\"@type\":\"BreadcrumbList\",\"@id\":\"https:\\\/\\\/auroraflowers.nl\\\/ro\\\/regulament-inscriere-florist-bootcamp-2023\\\/#breadcrumb\",\"itemListElement\":[{\"@type\":\"ListItem\",\"position\":1,\"name\":\"Home\",\"item\":\"https:\\\/\\\/auroraflowers.nl\\\/ro\\\/\"},{\"@type\":\"ListItem\",\"position\":2,\"name\":\"Regulament \u00eenscriere Florist Bootcamp 2023\"}]},{\"@type\":\"WebSite\",\"@id\":\"https:\\\/\\\/auroraflowers.nl\\\/#website\",\"url\":\"https:\\\/\\\/auroraflowers.nl\\\/\",\"name\":\"Aurora Flowers\",\"description\":\"Flowers and Plants from The Netherlands\",\"potentialAction\":[{\"@type\":\"SearchAction\",\"target\":{\"@type\":\"EntryPoint\",\"urlTemplate\":\"https:\\\/\\\/auroraflowers.nl\\\/?s={search_term_string}\"},\"query-input\":{\"@type\":\"PropertyValueSpecification\",\"valueRequired\":true,\"valueName\":\"search_term_string\"}}],\"inLanguage\":\"ro-RO\"}]}<\/script>\n<!-- \/ Yoast SEO plugin. -->","yoast_head_json":{"title":"Regulament \u00eenscriere Florist Bootcamp 2023 &#8212; Aurora Flowers","robots":{"index":"index","follow":"follow","max-snippet":"max-snippet:-1","max-image-preview":"max-image-preview:large","max-video-preview":"max-video-preview:-1"},"canonical":"https:\/\/auroraflowers.nl\/ro\/regulament-inscriere-florist-bootcamp-2023\/","og_locale":"ro_RO","og_type":"article","og_title":"Regulament \u00eenscriere Florist Bootcamp 2023 &#8212; Aurora Flowers","og_description":"Regulament \u00eenscriere Florist Bootcamp 2023Prin completarea formularului de \u00eenregistrare la Florist Bootcamp 2023, fiecare participant accept\u0103 condi\u021biile de mai jos, &nbsp; Despre organizator Evenimentul Florist Bootcamp 2023 \u2013 editia 1 \u2013 Bucuresti este organizat \u0219i administrat de SC Aurora Flowers and Plants SRL.Compania va apela la serviciile partenerilor externi pentru acoperirea serviciilor \u0219i produselor necesare [&hellip;]","og_url":"https:\/\/auroraflowers.nl\/ro\/regulament-inscriere-florist-bootcamp-2023\/","og_site_name":"Aurora Flowers","article_publisher":"https:\/\/business.facebook.com\/AuroraFlowersNL\/","article_modified_time":"2023-07-12T15:08:14+00:00","twitter_card":"summary_large_image","twitter_misc":{"Timp estimat pentru citire":"4 minute"},"schema":{"@context":"https:\/\/schema.org","@graph":[{"@type":"WebPage","@id":"https:\/\/auroraflowers.nl\/ro\/regulament-inscriere-florist-bootcamp-2023\/","url":"https:\/\/auroraflowers.nl\/ro\/regulament-inscriere-florist-bootcamp-2023\/","name":"Regulament \u00eenscriere Florist Bootcamp 2023 &#8212; Aurora Flowers","isPartOf":{"@id":"https:\/\/auroraflowers.nl\/#website"},"datePublished":"2023-07-11T20:58:59+00:00","dateModified":"2023-07-12T15:08:14+00:00","breadcrumb":{"@id":"https:\/\/auroraflowers.nl\/ro\/regulament-inscriere-florist-bootcamp-2023\/#breadcrumb"},"inLanguage":"ro-RO","potentialAction":[{"@type":"ReadAction","target":["https:\/\/auroraflowers.nl\/ro\/regulament-inscriere-florist-bootcamp-2023\/"]}]},{"@type":"BreadcrumbList","@id":"https:\/\/auroraflowers.nl\/ro\/regulament-inscriere-florist-bootcamp-2023\/#breadcrumb","itemListElement":[{"@type":"ListItem","position":1,"name":"Home","item":"https:\/\/auroraflowers.nl\/ro\/"},{"@type":"ListItem","position":2,"name":"Regulament \u00eenscriere Florist Bootcamp 2023"}]},{"@type":"WebSite","@id":"https:\/\/auroraflowers.nl\/#website","url":"https:\/\/auroraflowers.nl\/","name":"Aurora Flowers","description":"Flowers and Plants from The Netherlands","potentialAction":[{"@type":"SearchAction","target":{"@type":"EntryPoint","urlTemplate":"https:\/\/auroraflowers.nl\/?s={search_term_string}"},"query-input":{"@type":"PropertyValueSpecification","valueRequired":true,"valueName":"search_term_string"}}],"inLanguage":"ro-RO"}]}},"_links":{"self":[{"href":"https:\/\/auroraflowers.nl\/ro\/wp-json\/wp\/v2\/pages\/29077","targetHints":{"allow":["GET"]}}],"collection":[{"href":"https:\/\/auroraflowers.nl\/ro\/wp-json\/wp\/v2\/pages"}],"about":[{"href":"https:\/\/auroraflowers.nl\/ro\/wp-json\/wp\/v2\/types\/page"}],"author":[{"embeddable":true,"href":"https:\/\/auroraflowers.nl\/ro\/wp-json\/wp\/v2\/users\/1"}],"replies":[{"embeddable":true,"href":"https:\/\/auroraflowers.nl\/ro\/wp-json\/wp\/v2\/comments?post=29077"}],"version-history":[{"count":5,"href":"https:\/\/auroraflowers.nl\/ro\/wp-json\/wp\/v2\/pages\/29077\/revisions"}],"predecessor-version":[{"id":29161,"href":"https:\/\/auroraflowers.nl\/ro\/wp-json\/wp\/v2\/pages\/29077\/revisions\/29161"}],"wp:attachment":[{"href":"https:\/\/auroraflowers.nl\/ro\/wp-json\/wp\/v2\/media?parent=29077"}],"wp:term":[{"taxonomy":"dipi_cpt_category","embeddable":true,"href":"https:\/\/auroraflowers.nl\/ro\/wp-json\/wp\/v2\/dipi_cpt_category?post=29077"}],"curies":[{"name":"wp","href":"https:\/\/api.w.org\/{rel}","templated":true}]}}