{"id":26153,"date":"2018-04-25T14:30:43","date_gmt":"2018-04-25T14:30:43","guid":{"rendered":"http:\/\/auroraflowers.nl\/privacy-statement\/"},"modified":"2018-06-08T14:50:45","modified_gmt":"2018-06-08T14:50:45","slug":"privacy-statement","status":"publish","type":"page","link":"https:\/\/auroraflowers.nl\/ro\/privacy-statement\/","title":{"rendered":"DECLARA\u021aIE DE CONFIDEN\u0162IALITA"},"content":{"rendered":"<p>[et_pb_section bb_built=&#8221;1&#8243; specialty=&#8221;off&#8221; _builder_version=&#8221;3.1.1&#8243; background_image=&#8221;https:\/\/auroraflowers.nl\/website\/wp-content\/uploads\/2018\/04\/roze-rozen-Aurora-Flowers-w.jpg&#8221; background_position=&#8221;top_center&#8221; custom_padding=&#8221;10px|0px|0px|10px&#8221; next_background_color=&#8221;#ffffff&#8221;][et_pb_row _builder_version=&#8221;3.0.86&#8243; background_color_3=&#8221;rgba(244,244,244,0.86)&#8221; make_fullwidth=&#8221;on&#8221; use_custom_gutter=&#8221;on&#8221; gutter_width=&#8221;1&#8243; custom_padding=&#8221;0px|0px|0px|0px&#8221;][et_pb_column type=&#8221;1_3&#8243;][\/et_pb_column][et_pb_column type=&#8221;1_3&#8243;][et_pb_button admin_label=&#8221;Knop contact&#8221; button_url=&#8221;https:\/\/auroraflowers.nl\/ro\/contact\/&#8221; url_new_window=&#8221;off&#8221; button_text=&#8221;CONTACT&#8221; button_alignment=&#8221;right&#8221; background_layout=&#8221;light&#8221; custom_button=&#8221;on&#8221; button_text_color=&#8221;#ffdd00&#8243; button_bg_color=&#8221;#00165b&#8221; button_icon=&#8221;%%24%%&#8221; button_icon_placement=&#8221;right&#8221; button_on_hover=&#8221;off&#8221; button_text_color_hover=&#8221;#014587&#8243; button_bg_color_hover=&#8221;#ffdd00&#8243; button_border_color=&#8221;#00165b&#8221; button_icon_color=&#8221;#ffdd00&#8243; button_border_color_hover=&#8221;#ffdd00&#8243; saved_tabs=&#8221;all&#8221; _builder_version=&#8221;3.0.86&#8243; \/][\/et_pb_column][et_pb_column type=&#8221;1_3&#8243;][et_pb_text admin_label=&#8221;Tekst TITEL&#8221; text_orientation=&#8221;center&#8221; text_font=&#8221;Playfair Display|on|||&#8221; text_font_size=&#8221;38&#8243; text_text_color=&#8221;#013366&#8243; text_letter_spacing=&#8221;2px&#8221; text_line_height=&#8221;1.8em&#8221; custom_margin=&#8221;30px|30px|30px|30px&#8221; disabled=&#8221;off&#8221; module_alignment=&#8221;center&#8221; background_position=&#8221;top_left&#8221; background_repeat=&#8221;repeat&#8221; background_size=&#8221;initial&#8221; _builder_version=&#8221;3.1.1&#8243; saved_tabs=&#8221;all&#8221;]<\/p>\n<p><strong>DECLARA\u021aIE DE CONFIDEN\u0162IALITATE AURORA FLOWERS B.V.<\/strong><\/p>\n<p>[\/et_pb_text][et_pb_text admin_label=&#8221;Tekst privacy&#8221; text_orientation=&#8221;center&#8221; text_font_size=&#8221;18&#8243; text_text_color=&#8221;#013366&#8243; text_line_height=&#8221;1.8em&#8221; custom_margin=&#8221;15px|30px||30px&#8221; disabled=&#8221;off&#8221; module_alignment=&#8221;center&#8221; background_position=&#8221;top_left&#8221; background_repeat=&#8221;repeat&#8221; background_size=&#8221;initial&#8221; _builder_version=&#8221;3.1.1&#8243; saved_tabs=&#8221;all&#8221;]<\/p>\n<p>Lu\u0103m \u00een serios confiden\u021bialitatea clien\u021bilor no\u0219tri. Citi\u021bi declara\u021bia noastr\u0103 de confiden\u021bialitate de mai jos. Dac\u0103 ave\u021bi \u00eentreb\u0103ri despre acest lucru, v\u0103 rug\u0103m s\u0103 ne contacta\u021bi.<\/p>\n<p>&nbsp;<\/p>\n<p>[\/et_pb_text][et_pb_button admin_label=&#8221;Knop over ons&#8221; button_url=&#8221;#privacy&#8221; button_text=&#8221;DESPRE NOI&#8221; button_alignment=&#8221;left&#8221; custom_button=&#8221;on&#8221; button_text_color=&#8221;#ffdd00&#8243; button_bg_color=&#8221;#00165b&#8221; button_icon=&#8221;%%24%%&#8221; button_on_hover=&#8221;off&#8221; button_text_color_hover=&#8221;#014587&#8243; button_bg_color_hover=&#8221;#ffdd00&#8243; button_border_color=&#8221;#00165b&#8221; button_icon_color=&#8221;#ffdd00&#8243; button_border_color_hover=&#8221;#ffdd00&#8243; saved_tabs=&#8221;all&#8221; _builder_version=&#8221;3.1.1&#8243; \/][\/et_pb_column][\/et_pb_row][\/et_pb_section][et_pb_section bb_built=&#8221;1&#8243; fullwidth=&#8221;off&#8221; specialty=&#8221;off&#8221; prev_background_color=&#8221;#000000&#8243;][et_pb_row _builder_version=&#8221;3.1.1&#8243; module_id=&#8221;privacy&#8221;][et_pb_column type=&#8221;4_4&#8243;][et_pb_text _builder_version=&#8221;3.6&#8243; link_font=&#8221;|700|||on||||&#8221;]<\/p>\n<p><strong>DECLARA\u021aIE DE CONFIDEN\u0162IALITATE AURORA FLOWERS B.V.<\/strong><\/p>\n<p>&nbsp;<\/p>\n<p>Aurora Flowers B.V., cu sediul la adresa: Venus 181, cod 2675 LN localitatea Honselersdijk, este responsabil\u0103 cu prelucrarea datelor cu caracter personal cuprinse \u00een aceast\u0103 declara\u021bie de confiden\u021bialitate.<\/p>\n<p><strong>Date de contact:<\/strong><\/p>\n<p>Website: <a href=\"https:\/\/auroraflowers.nl\/ro\">https:\/\/auroraflowers.nl\/ro<\/a><\/p>\n<p>Webshop:\u00a0<a href=\"https:\/\/aurora.floradirect.net\/\">https:\/\/aurora.floradirect.net\/<\/a><\/p>\n<p>Venus 181<\/p>\n<p>2675 LN Honselersdijk<\/p>\n<p>+31 174 638720<\/p>\n<p>Domnul G.J. Platteschor este func\u021bionarul responsabil cu protec\u021bia datelor cu caracter personal din cadrul societ\u0103\u021bii Aurora Flowers B.V. \u00cel pute\u021bi contacta la <a href=\"mailto:info@auroraflowers.nl\">info@auroraflowers.nl<\/a> .<\/p>\n<p>&nbsp;<\/p>\n<p><strong>Datele cu caracter personal pe care le prelucr\u0103m<\/strong><\/p>\n<p>Aurora Flowers B.V. prelucreaz\u0103 datele dvs. cu caracter personal pentru a v\u0103 putea pune la dispozi\u021bie serviciile noastre \u0219i\/sau pentru c\u0103 ne oferi\u021bi chiar dvs. aceste date. Mai jos g\u0103si\u021bi o situa\u021bie datelor dvs. cu caracter personal pe care le prelucr\u0103m:<\/p>\n<ul>\n<li>Prenumele \u0219i numele;<\/li>\n<li>Datele adresei;<\/li>\n<li>Telefon;<\/li>\n<li>Adrese de e-mail;<\/li>\n<li>Adrese de IP;<\/li>\n<li>Alte date cu caracter personal pe care le furniza\u021bi \u00een mod activ, de exemplu la crearea unui cont \u00een webshop, \u00een coresponden\u021ba trimis\u0103 de dvs. sau prin telefon;<\/li>\n<li>Date legate de loca\u0163ie;<\/li>\n<li>Date privind activit\u0103\u021bile dvs. pe website-ul nostru;<\/li>\n<li>Date privind browserul de Internet \u0219i tipul aparatului;<\/li>\n<li>Cod IBAN \u0219i\/sau BIC;<\/li>\n<li>Cod fiscal.<\/li>\n<\/ul>\n<p><strong>Datele cu caracter personal speciale \u0219i\/sau sensibile pe care le prelucr\u0103m<\/strong><\/p>\n<p>Website-ul \u0219i\/sau serviciul nostru nu are inten\u021bia de a colecta datele vizitatorilor website-ului cu v\u00e2rste de sub 16 ani. Nu f\u0103r\u0103 consim\u021b\u0103m\u00e2ntul p\u0103rin\u021bilor sau tutorilor acestora. Cu toate acestea, nu putem verifica dac\u0103 un vizitator are v\u00e2rsta de peste 16 ani. Sf\u0103tuim a\u0219adar p\u0103rin\u021bii s\u0103 se implice \u00een activit\u0103\u021bile online ale copiilor lor, pentru ca astfel s\u0103 previn\u0103 colectarea datelor copiilor f\u0103r\u0103 consim\u021b\u0103m\u00e2ntul p\u0103rin\u021bilor. Dac\u0103 sunte\u021bi convins c\u0103 am colectat date despre un minor f\u0103r\u0103 consim\u021b\u0103m\u00e2ntul respectiv, contacta\u021bi-ne la <a href=\"mailto:info@auroraflowers.nl\">info@auroraflowers.nl<\/a> \u0219i vom \u0219terge aceste informa\u021bii.<\/p>\n<p>&nbsp;<\/p>\n<p><strong>\u00cen ce scop \u0219i pe baza c\u0103ror temeiuri prelucr\u0103m datele cu caracter personal<\/strong><\/p>\n<p>Aurora Flowers B.V. v\u0103 prelucreaz\u0103 datele cu caracter personal \u00een urm\u0103toarele scopuri:<\/p>\n<ul>\n<li>Pentru operarea pl\u0103\u021bii dvs.;<\/li>\n<li>Pentru trimiterea buletinului nostru informativ \u0219i\/sau pliantului publicitar;<\/li>\n<li>Pentru a v\u0103 putea suna sau trimite e-mail dac\u0103 este nevoie pentru a v\u0103 putea oferi serviciile noastre;<\/li>\n<li>Pentru a v\u0103 informa legat de modific\u0103rile serviciilor \u0219i produselor noastre;<\/li>\n<li>Pentru a v\u0103 oferi posibilitatea de a crea un cont;<\/li>\n<li>Pentru a v\u0103 putea preda bunurile \u0219i serviciile;<\/li>\n<li>Aurora Flowers B.V. analizeaz\u0103 comportamentul dvs. pe website pentru ca astfel s\u0103 \u00eembun\u0103t\u0103\u021beasc\u0103 website-ul \u0219i s\u0103 adapteze oferta de produse \u0219i servicii \u00een func\u021bie de preferin\u021bele dvs.;<\/li>\n<li>Aurora Flowers B.V. prelucreaz\u0103 de asemenea datele cu caracter personal dac\u0103 avem obliga\u021bia legal\u0103 \u00een acest sens, de exemplu datele de care avem nevoie pentru declara\u021bia noastr\u0103 fiscal\u0103.<\/li>\n<\/ul>\n<p>&nbsp;<\/p>\n<p><strong>Proces decizional automatizat<\/strong><\/p>\n<p>Aurora Flowers B.V. nu ia hot\u0103r\u00e2ri pe baza prelucr\u0103rilor automatizate cu privire la chestiuni care pot avea efecte (considerabile) asupra persoanelor. Este vorba aici despre hot\u0103r\u00e2ri luate de programe sau sisteme computerizate, f\u0103r\u0103 a exista o persoan\u0103 (de exemplu un angajat al Aurora Flowers B.V.) implicat\u0103 \u00een procesul decizional.<\/p>\n<p>Aurora Flowers B.V. folose\u0219te urm\u0103toarele programe sau sisteme de computer:<\/p>\n<ul>\n<li>Unit 4<\/li>\n<li>WordPress<\/li>\n<li>Advert<\/li>\n<li>Mailchimp<\/li>\n<\/ul>\n<p>&nbsp;<\/p>\n<p><strong>C\u00e2t timp p\u0103str\u0103m datele cu caracter personal<\/strong><\/p>\n<p>Aurora Flowers B.V. nu p\u0103streaz\u0103 datele dvs. cu caracter personal pe perioade mai lungi dec\u00e2t este strict necesar pentru a atinge scopurile \u00een care au fost colectate datele dvs.<\/p>\n<p>P\u0103str\u0103m datele de mai jos ale clien\u021bilor care au apelat la serviciile noastre timp de 7 ani, conform termenului de p\u0103strare legal prev\u0103zut de Administra\u0163ia fiscal\u0103:<\/p>\n<ul>\n<li>Prenumele \u0219i numele;<\/li>\n<li>Datele adresei;<\/li>\n<li>Telefon;<\/li>\n<li>Adrese de e-mail;<\/li>\n<li>Cod IBAN \u0219i\/sau BIC;<\/li>\n<li>Cod fiscal.<\/li>\n<\/ul>\n<p>&nbsp;<\/p>\n<p><strong>Transmiterea datelor cu caracter personal c\u0103tre ter\u021bi<\/strong><\/p>\n<p>Aurora Flowers B.V. transmite datele dvs. cu caracter personal c\u0103tre diferi\u021bi ter\u021bi dac\u0103 acest lucru este necesar pentru executarea contractului \u0219i pentru \u00eendeplinirea unei eventuale obliga\u021bii legale. Cu societ\u0103\u021bile care prelucreaz\u0103 datele dvs. la solicitarea noastr\u0103 \u00eencheiem un contract de prelucrare de date pentru a ne asigura c\u0103 se garanteaz\u0103 acela\u0219i nivel de securitate \u0219i confiden\u021bialitate datelor dvs. Aurora Flowers B.V. r\u0103m\u00e2ne responsabil\u0103 pentru aceste opera\u021biuni de prelucrare.<\/p>\n<p>&nbsp;<\/p>\n<p><strong>Cookie-uri sau tehnologii similare pe care le folosim<\/strong><\/p>\n<p>Aurora Flowers B.V. folose\u0219te exclusiv cookie-uri tehnice \u0219i func\u021bionale. \u0218i cookie-uri analitice, care nu \u00eencalc\u0103 confiden\u021bialitatea dvs. Un cookie este un mic fi\u0219ier text care, \u00een momentul primei vizite pe acest website, se salveaz\u0103 \u00een computerul, tableta sau smartphone-ul dvs. Cookie-urile pe care le folosim sunt necesare pentru func\u021bionarea tehnic\u0103 a website-ului \u0219i v\u0103 u\u0219ureaz\u0103 activitatea. Ne asigur\u0103m c\u0103 website-ul func\u021bioneaz\u0103 \u00een condi\u021bii optime \u0219i re\u021binem, de exemplu, set\u0103rile preferin\u021belor dvs. De asemenea, este o modalitate de a ne putea optimiza website-ul. Pute\u021bi refuza cookie-urile set\u00e2nd browser-ul dvs. de Internet \u00een a\u0219a fel \u00eenc\u00e2t acesta s\u0103 nu mai salveze cookie-uri. \u00cen plus, pute\u021bi \u0219terge toate informa\u021biile salvate anterior, prin set\u0103rile anterioare ale browser-ului dvs.<\/p>\n<p>&nbsp;<\/p>\n<p><strong>Accesul la date, modificarea sau \u0219tergerea acestora<\/strong><\/p>\n<p>Ave\u021bi dreptul de a avea acces, de a corecta sau de a \u0219terge datele dvs. Pe l\u00e2ng\u0103 aceasta, ave\u021bi dreptul de a v\u0103 retrage consim\u021b\u0103m\u00e2ntul legat de prelucrarea datelor sau de a v\u0103 opune prelucr\u0103rii datelor dvs. cu caracter personal de c\u0103tre Aurora Flowers B.V. \u0219i ave\u021bi dreptul la portabilitatea datelor. Aceasta \u00eenseamn\u0103 c\u0103 pute\u021bi depune o cerere la noi pentru a ne solicita s\u0103 trimitem datele dvs. cu caracter personal pe care le avem \u00eentr-un fi\u0219ier pe computer unei organiza\u021bii specificate de dvs. Pute\u021bi trimite o cerere de acces, rectificare, \u0219tergere, portabilitate a datelor dvs. personale sau o cerere de retragere a consim\u021b\u0103m\u00e2ntului sau de obiec\u021bie la prelucrarea datelor cu caracter personal la adresa <a href=\"mailto:info@auroraflowers.nl\">info@auroraflowers.nl<\/a>.<\/p>\n<p>Pentru a ne asigura c\u0103 dvs. sunte\u021bi cel\/cea care a\u021bi trimis cererea de acces la datele personale, v\u0103 rug\u0103m ca \u00eempreun\u0103 cu cererea s\u0103 trimite\u021bi o copie a actului dvs. de identitate. Pe aceast\u0103 copie, acoperi\u021bi cu negru fotografia de pa\u0219aport MRZ (machine readable zone, banda cu numere din partea de jos a pa\u0219aportului), seria pa\u0219aportului \u0219i codul social-fiscal (BSN). Aceasta pentru a v\u0103 proteja confiden\u021bialitatea. Vom r\u0103spunde \u00een cel mai scurt timp cererii dvs., \u00een maxim patru s\u0103pt\u0103m\u00e2ni. Aurora Flowers B.V. dore\u0219te, de asemenea, s\u0103 v\u0103 informeze c\u0103 ave\u021bi posibilitatea de a depune o pl\u00e2ngere la autoritatea na\u021bional\u0103 de supraveghere, la ANSPDCP.<\/p>\n<p>Pute\u021bi face acest lucru acces\u00e2nd urm\u0103torul link: <a href=\"https:\/\/autoriteitpersoonsgegevens.nl\/nl\/contact-met-de-autoriteit-persoonsgegevens\/tip-ons\">https:\/\/autoriteitpersoonsgegevens.nl\/nl\/contact-met-de-autoriteit-persoonsgegevens\/tip-ons<\/a> .<\/p>\n<p>&nbsp;<\/p>\n<p><strong>Cum securiz\u0103m datele cu caracter personal<\/strong><\/p>\n<p>Aurora Flowers B.V. ia \u00een serios protec\u021bia datelor dvs. \u0219i ia m\u0103suri adecvate pentru a preveni utilizarea ilegal\u0103, pierderea, accesul neautorizat, publicarea nedorit\u0103 \u0219i modificarea neautorizat\u0103 a acestora. Dac\u0103 considera\u021bi c\u0103 datele dvs. nu sunt securizate \u00een mod adecvat sau dac\u0103 ave\u021bi suspiciuni de utilizare ilegal\u0103, lua\u021bi leg\u0103tura cu <a href=\"mailto:info@auroraflowers.nl\">info@auroraflowers.nl<\/a>.<\/p>\n<p>[\/et_pb_text][\/et_pb_column][\/et_pb_row][\/et_pb_section]<\/p>\n","protected":false},"excerpt":{"rendered":"<p>DECLARA\u021aIE DE CONFIDEN\u0162IALITATE AURORA FLOWERS B.V. Lu\u0103m \u00een serios confiden\u021bialitatea clien\u021bilor no\u0219tri. Citi\u021bi declara\u021bia noastr\u0103 de confiden\u021bialitate de mai jos. Dac\u0103 ave\u021bi \u00eentreb\u0103ri despre acest lucru, v\u0103 rug\u0103m s\u0103 ne contacta\u021bi. &nbsp; DECLARA\u021aIE DE CONFIDEN\u0162IALITATE AURORA FLOWERS B.V. &nbsp; Aurora Flowers B.V., cu sediul la adresa: Venus 181, cod 2675 LN localitatea Honselersdijk, este responsabil\u0103 [&hellip;]<\/p>\n","protected":false},"author":1,"featured_media":0,"parent":0,"menu_order":0,"comment_status":"closed","ping_status":"closed","template":"","meta":{"_et_pb_use_builder":"on","_et_pb_old_content":"","_et_gb_content_width":"","footnotes":""},"dipi_cpt_category":[],"class_list":["post-26153","page","type-page","status-publish","hentry"],"yoast_head":"<!-- This site is optimized with the Yoast SEO plugin v27.4 - https:\/\/yoast.com\/product\/yoast-seo-wordpress\/ -->\n<title>DECLARA\u021aIE DE CONFIDEN\u0162IALITA &#8212; Aurora Flowers<\/title>\n<meta name=\"robots\" content=\"index, follow, max-snippet:-1, max-image-preview:large, max-video-preview:-1\" \/>\n<link rel=\"canonical\" href=\"https:\/\/auroraflowers.nl\/ro\/privacy-statement\/\" \/>\n<meta property=\"og:locale\" content=\"ro_RO\" \/>\n<meta property=\"og:type\" content=\"article\" \/>\n<meta property=\"og:title\" content=\"DECLARA\u021aIE DE CONFIDEN\u0162IALITA &#8212; Aurora Flowers\" \/>\n<meta property=\"og:description\" content=\"DECLARA\u021aIE DE CONFIDEN\u0162IALITATE AURORA FLOWERS B.V. Lu\u0103m \u00een serios confiden\u021bialitatea clien\u021bilor no\u0219tri. Citi\u021bi declara\u021bia noastr\u0103 de confiden\u021bialitate de mai jos. Dac\u0103 ave\u021bi \u00eentreb\u0103ri despre acest lucru, v\u0103 rug\u0103m s\u0103 ne contacta\u021bi. &nbsp; DECLARA\u021aIE DE CONFIDEN\u0162IALITATE AURORA FLOWERS B.V. &nbsp; Aurora Flowers B.V., cu sediul la adresa: Venus 181, cod 2675 LN localitatea Honselersdijk, este responsabil\u0103 [&hellip;]\" \/>\n<meta property=\"og:url\" content=\"https:\/\/auroraflowers.nl\/ro\/privacy-statement\/\" \/>\n<meta property=\"og:site_name\" content=\"Aurora Flowers\" \/>\n<meta property=\"article:publisher\" content=\"https:\/\/business.facebook.com\/AuroraFlowersNL\/\" \/>\n<meta property=\"article:modified_time\" content=\"2018-06-08T14:50:45+00:00\" \/>\n<meta name=\"twitter:card\" content=\"summary_large_image\" \/>\n<meta name=\"twitter:label1\" content=\"Timp estimat pentru citire\" \/>\n\t<meta name=\"twitter:data1\" content=\"8 minute\" \/>\n<script type=\"application\/ld+json\" class=\"yoast-schema-graph\">{\"@context\":\"https:\\\/\\\/schema.org\",\"@graph\":[{\"@type\":\"WebPage\",\"@id\":\"https:\\\/\\\/auroraflowers.nl\\\/ro\\\/privacy-statement\\\/\",\"url\":\"https:\\\/\\\/auroraflowers.nl\\\/ro\\\/privacy-statement\\\/\",\"name\":\"DECLARA\u021aIE DE CONFIDEN\u0162IALITA &#8212; Aurora Flowers\",\"isPartOf\":{\"@id\":\"https:\\\/\\\/auroraflowers.nl\\\/#website\"},\"datePublished\":\"2018-04-25T14:30:43+00:00\",\"dateModified\":\"2018-06-08T14:50:45+00:00\",\"breadcrumb\":{\"@id\":\"https:\\\/\\\/auroraflowers.nl\\\/ro\\\/privacy-statement\\\/#breadcrumb\"},\"inLanguage\":\"ro-RO\",\"potentialAction\":[{\"@type\":\"ReadAction\",\"target\":[\"https:\\\/\\\/auroraflowers.nl\\\/ro\\\/privacy-statement\\\/\"]}]},{\"@type\":\"BreadcrumbList\",\"@id\":\"https:\\\/\\\/auroraflowers.nl\\\/ro\\\/privacy-statement\\\/#breadcrumb\",\"itemListElement\":[{\"@type\":\"ListItem\",\"position\":1,\"name\":\"Home\",\"item\":\"https:\\\/\\\/auroraflowers.nl\\\/ro\\\/\"},{\"@type\":\"ListItem\",\"position\":2,\"name\":\"DECLARA\u021aIE DE CONFIDEN\u0162IALITA\"}]},{\"@type\":\"WebSite\",\"@id\":\"https:\\\/\\\/auroraflowers.nl\\\/#website\",\"url\":\"https:\\\/\\\/auroraflowers.nl\\\/\",\"name\":\"Aurora Flowers\",\"description\":\"Flowers and Plants from The Netherlands\",\"potentialAction\":[{\"@type\":\"SearchAction\",\"target\":{\"@type\":\"EntryPoint\",\"urlTemplate\":\"https:\\\/\\\/auroraflowers.nl\\\/?s={search_term_string}\"},\"query-input\":{\"@type\":\"PropertyValueSpecification\",\"valueRequired\":true,\"valueName\":\"search_term_string\"}}],\"inLanguage\":\"ro-RO\"}]}<\/script>\n<!-- \/ Yoast SEO plugin. -->","yoast_head_json":{"title":"DECLARA\u021aIE DE CONFIDEN\u0162IALITA &#8212; Aurora Flowers","robots":{"index":"index","follow":"follow","max-snippet":"max-snippet:-1","max-image-preview":"max-image-preview:large","max-video-preview":"max-video-preview:-1"},"canonical":"https:\/\/auroraflowers.nl\/ro\/privacy-statement\/","og_locale":"ro_RO","og_type":"article","og_title":"DECLARA\u021aIE DE CONFIDEN\u0162IALITA &#8212; Aurora Flowers","og_description":"DECLARA\u021aIE DE CONFIDEN\u0162IALITATE AURORA FLOWERS B.V. Lu\u0103m \u00een serios confiden\u021bialitatea clien\u021bilor no\u0219tri. Citi\u021bi declara\u021bia noastr\u0103 de confiden\u021bialitate de mai jos. Dac\u0103 ave\u021bi \u00eentreb\u0103ri despre acest lucru, v\u0103 rug\u0103m s\u0103 ne contacta\u021bi. &nbsp; DECLARA\u021aIE DE CONFIDEN\u0162IALITATE AURORA FLOWERS B.V. &nbsp; Aurora Flowers B.V., cu sediul la adresa: Venus 181, cod 2675 LN localitatea Honselersdijk, este responsabil\u0103 [&hellip;]","og_url":"https:\/\/auroraflowers.nl\/ro\/privacy-statement\/","og_site_name":"Aurora Flowers","article_publisher":"https:\/\/business.facebook.com\/AuroraFlowersNL\/","article_modified_time":"2018-06-08T14:50:45+00:00","twitter_card":"summary_large_image","twitter_misc":{"Timp estimat pentru citire":"8 minute"},"schema":{"@context":"https:\/\/schema.org","@graph":[{"@type":"WebPage","@id":"https:\/\/auroraflowers.nl\/ro\/privacy-statement\/","url":"https:\/\/auroraflowers.nl\/ro\/privacy-statement\/","name":"DECLARA\u021aIE DE CONFIDEN\u0162IALITA &#8212; Aurora Flowers","isPartOf":{"@id":"https:\/\/auroraflowers.nl\/#website"},"datePublished":"2018-04-25T14:30:43+00:00","dateModified":"2018-06-08T14:50:45+00:00","breadcrumb":{"@id":"https:\/\/auroraflowers.nl\/ro\/privacy-statement\/#breadcrumb"},"inLanguage":"ro-RO","potentialAction":[{"@type":"ReadAction","target":["https:\/\/auroraflowers.nl\/ro\/privacy-statement\/"]}]},{"@type":"BreadcrumbList","@id":"https:\/\/auroraflowers.nl\/ro\/privacy-statement\/#breadcrumb","itemListElement":[{"@type":"ListItem","position":1,"name":"Home","item":"https:\/\/auroraflowers.nl\/ro\/"},{"@type":"ListItem","position":2,"name":"DECLARA\u021aIE DE CONFIDEN\u0162IALITA"}]},{"@type":"WebSite","@id":"https:\/\/auroraflowers.nl\/#website","url":"https:\/\/auroraflowers.nl\/","name":"Aurora Flowers","description":"Flowers and Plants from The Netherlands","potentialAction":[{"@type":"SearchAction","target":{"@type":"EntryPoint","urlTemplate":"https:\/\/auroraflowers.nl\/?s={search_term_string}"},"query-input":{"@type":"PropertyValueSpecification","valueRequired":true,"valueName":"search_term_string"}}],"inLanguage":"ro-RO"}]}},"_links":{"self":[{"href":"https:\/\/auroraflowers.nl\/ro\/wp-json\/wp\/v2\/pages\/26153","targetHints":{"allow":["GET"]}}],"collection":[{"href":"https:\/\/auroraflowers.nl\/ro\/wp-json\/wp\/v2\/pages"}],"about":[{"href":"https:\/\/auroraflowers.nl\/ro\/wp-json\/wp\/v2\/types\/page"}],"author":[{"embeddable":true,"href":"https:\/\/auroraflowers.nl\/ro\/wp-json\/wp\/v2\/users\/1"}],"replies":[{"embeddable":true,"href":"https:\/\/auroraflowers.nl\/ro\/wp-json\/wp\/v2\/comments?post=26153"}],"version-history":[{"count":5,"href":"https:\/\/auroraflowers.nl\/ro\/wp-json\/wp\/v2\/pages\/26153\/revisions"}],"predecessor-version":[{"id":26225,"href":"https:\/\/auroraflowers.nl\/ro\/wp-json\/wp\/v2\/pages\/26153\/revisions\/26225"}],"wp:attachment":[{"href":"https:\/\/auroraflowers.nl\/ro\/wp-json\/wp\/v2\/media?parent=26153"}],"wp:term":[{"taxonomy":"dipi_cpt_category","embeddable":true,"href":"https:\/\/auroraflowers.nl\/ro\/wp-json\/wp\/v2\/dipi_cpt_category?post=26153"}],"curies":[{"name":"wp","href":"https:\/\/api.w.org\/{rel}","templated":true}]}}