{"id":25802891,"date":"2025-02-20T16:30:58","date_gmt":"2025-02-20T16:30:58","guid":{"rendered":"https:\/\/auroraflowers.nl\/blogs-2\/"},"modified":"2025-02-21T14:36:47","modified_gmt":"2025-02-21T14:36:47","slug":"blogss","status":"publish","type":"page","link":"https:\/\/auroraflowers.nl\/ro\/blogss\/","title":{"rendered":"BLOGS"},"content":{"rendered":"<p>[et_pb_section fb_built=&#8221;1&#8243; admin_label=&#8221;section&#8221; _builder_version=&#8221;4.27.4&#8243; background_image=&#8221;https:\/\/auroraflowers.nl\/wp-content\/uploads\/2023\/06\/header-groepsfoto-Aurora-Flowers-per-2022.jpg&#8221; custom_padding=&#8221;36vh||||false|false&#8221; global_colors_info=&#8221;{}&#8221;][\/et_pb_section][et_pb_section fb_built=&#8221;1&#8243; _builder_version=&#8221;4.21.0&#8243; _module_preset=&#8221;default&#8221; background_color=&#8221;#000456&#8243; custom_padding=&#8221;0px||0px||true|false&#8221; global_colors_info=&#8221;{}&#8221;][et_pb_row _builder_version=&#8221;4.21.0&#8243; _module_preset=&#8221;default&#8221; global_colors_info=&#8221;{}&#8221;][et_pb_column type=&#8221;4_4&#8243; _builder_version=&#8221;4.21.0&#8243; _module_preset=&#8221;default&#8221; global_colors_info=&#8221;{}&#8221;][et_pb_text _builder_version=&#8221;4.27.4&#8243; _module_preset=&#8221;default&#8221; header_text_color=&#8221;#FFFFFF&#8221; header_font_size=&#8221;40px&#8221; header_line_height=&#8221;1.5em&#8221; header_2_text_color=&#8221;#FFFFFF&#8221; header_2_line_height=&#8221;1.5em&#8221; background_color=&#8221;RGBA(255,255,255,0)&#8221; header_2_font_size_tablet=&#8221;&#8221; header_2_font_size_phone=&#8221;22px&#8221; header_2_font_size_last_edited=&#8221;on|phone&#8221; global_colors_info=&#8221;{}&#8221;]<\/p>\n<h1 style=\"text-align: center;\">AURORA Blogs<\/h1>\n<p>[\/et_pb_text][\/et_pb_column][\/et_pb_row][\/et_pb_section][et_pb_section fb_built=&#8221;1&#8243; custom_padding_last_edited=&#8221;on|phone&#8221; _builder_version=&#8221;4.23.2&#8243; background_color=&#8221;#ffffff&#8221; background_image=&#8221;https:\/\/auroraflowers.nl\/wp-content\/uploads\/2025\/02\/diro-pattern-02.png&#8221; background_size=&#8221;contain&#8221; custom_padding=&#8221;100px||100px||false|false&#8221; custom_padding_tablet=&#8221;60px||60px||false|false&#8221; custom_padding_phone=&#8221;&#8221; global_colors_info=&#8221;{}&#8221;][et_pb_row _builder_version=&#8221;4.27.4&#8243; width=&#8221;100%&#8221; max_width=&#8221;1500px&#8221; module_alignment=&#8221;center&#8221; custom_padding=&#8221;10px|||||&#8221; global_colors_info=&#8221;{}&#8221;][et_pb_column type=&#8221;4_4&#8243; _builder_version=&#8221;4.16&#8243; global_colors_info=&#8221;{}&#8221;][dipi_blog_slider include_categories=&#8221;92,91&#8243; use_thumbnail_height=&#8221;on&#8221; thumbnail_height=&#8221;290px&#8221; excerpt_length=&#8221;180&#8243; show_more=&#8221;on&#8221; show_more_text=&#8221;Cite\u015fte mai mult&#8221; show_author=&#8221;off&#8221; date_circle_color=&#8221;#FFFFFF&#8221; columns=&#8221;3&#8243; loop=&#8221;on&#8221; autoplay=&#8221;on&#8221; navigation=&#8221;on&#8221; pagination=&#8221;on&#8221; navigation_prev_icon_yn=&#8221;on&#8221; navigation_prev_icon=&#8221;&#x23;||divi||400&#8243; navigation_next_icon_yn=&#8221;on&#8221; navigation_next_icon=&#8221;&#x24;||divi||400&#8243; navigation_size=&#8221;30&#8243; navigation_padding=&#8221;30&#8243; navigation_color=&#8221;#000456&#8243; navigation_bg_color=&#8221;#FFDD00&#8243; pagination_color=&#8221;#15022a&#8221; pagination_active_color=&#8221;#15022a&#8221; image_animation=&#8221;zoomin&#8221; item_bg_color=&#8221;#000456&#8243; overlay_bg_use_color_gradient=&#8221;on&#8221; overlay_bg_color_gradient_stops=&#8221;rgba(10,1,1,0.13) 0%|rgba(0,4,86,0.62) 100%&#8221; overlay_bg_color_gradient_start=&#8221;rgba(10,0,0,0)&#8221; overlay_bg_color_gradient_start_position=&#8221;36%&#8221; overlay_bg_color_gradient_end=&#8221;#000000&#8243; thumbnail_height_tablet=&#8221;290px&#8221; thumbnail_height_phone=&#8221;160px&#8221; thumbnail_height_last_edited=&#8221;on|phone&#8221; columns_tablet=&#8221;1&#8243; columns_phone=&#8221;1&#8243; columns_last_edited=&#8221;on|tablet&#8221; space_between_tablet=&#8221;&#8221; space_between_phone=&#8221;50&#8243; space_between_last_edited=&#8221;on|phone&#8221; container_padding_tablet=&#8221;&#8221; container_padding_phone=&#8221;30px|0px|30px|0px|false|false&#8221; container_padding_last_edited=&#8221;on|phone&#8221; navigation_size_tablet=&#8221;30&#8243; navigation_size_phone=&#8221;20&#8243; navigation_size_last_edited=&#8221;on|phone&#8221; navigation_padding_tablet=&#8221;30&#8243; navigation_padding_phone=&#8221;25&#8243; navigation_padding_last_edited=&#8221;on|phone&#8221; navigation_position_left_tablet=&#8221;-50px&#8221; navigation_position_left_phone=&#8221;-30px&#8221; navigation_position_left_last_edited=&#8221;on|desktop&#8221; navigation_position_right_tablet=&#8221;-50px&#8221; navigation_position_right_phone=&#8221;-30px&#8221; navigation_position_right_last_edited=&#8221;on|phone&#8221; _builder_version=&#8221;4.27.4&#8243; header_font=&#8221;|700|||||||&#8221; header_text_align=&#8221;center&#8221; header_text_color=&#8221;#ffffff&#8221; header_font_size=&#8221;28px&#8221; header_line_height=&#8221;1.2em&#8221; body_font=&#8221;Poppins|300|||||||&#8221; body_text_align=&#8221;center&#8221; body_text_color=&#8221;rgba(255,255,255,0.51)&#8221; body_font_size=&#8221;15px&#8221; cat_font=&#8221;Poppins|||on|||||&#8221; cat_text_align=&#8221;center&#8221; cat_text_color=&#8221;rgba(255,255,255,0.4)&#8221; cat_font_size=&#8221;14px&#8221; cat_letter_spacing=&#8221;1px&#8221; date_text_color=&#8221;#000456&#8243; custom_button=&#8221;on&#8221; button_text_size=&#8221;18px&#8221; button_text_color=&#8221;#000456&#8243; button_bg_color=&#8221;#FFDD00&#8243; button_border_width=&#8221;0px&#8221; button_icon=&#8221;%%3%%&#8221; button_alignment=&#8221;center&#8221; header_font_size_tablet=&#8221;&#8221; header_font_size_phone=&#8221;20px&#8221; header_font_size_last_edited=&#8221;on|phone&#8221; body_font_size_tablet=&#8221;&#8221; body_font_size_phone=&#8221;14px&#8221; body_font_size_last_edited=&#8221;on|phone&#8221; custom_css_title=&#8221;max-width: 370px;||margin: auto;&#8221; custom_css_content=&#8221;color: #ffffff60;&#8221; box_shadow_style_item=&#8221;preset1&#8243; box_shadow_blur_item=&#8221;22px&#8221; box_shadow_color_item=&#8221;rgba(21,2,42,0.2)&#8221; global_colors_info=&#8221;{}&#8221; overlay_bg_color__hover_enabled=&#8221;on|hover&#8221; overlay_bg_color_gradient_start__hover=&#8221;rgba(10,0,0,0)&#8221; overlay_bg_color_gradient_direction__hover=&#8221;180deg&#8221; overlay_bg_color_gradient_start_position__hover=&#8221;50%&#8221; overlay_bg_color__hover=&#8221;rgba(0,0,0,0)&#8221; overlay_bg_enable_color__hover=&#8221;on&#8221; overlay_bg_color_gradient_overlays_image__hover=&#8221;on&#8221; overlay_bg_color_gradient_end__hover=&#8221;#000000&#8243;][\/dipi_blog_slider][\/et_pb_column][\/et_pb_row][\/et_pb_section]<\/p>\n","protected":false},"excerpt":{"rendered":"<p>AURORA Blogs<div class=\"et_pb_module dipi_blog_slider dipi_blog_slider_0\">\n\t\t\t\t\n\t\t\t\t\n\t\t\t\t\n\t\t\t\t\n\t\t\t\t\n\t\t\t\t\n\t\t\t\t<div class=\"et_pb_module_inner\">\n\t\t\t\t\t\n\t\t    <div class=\"dipi-blog-slider-main preloading\" \n\t\t    data-columnsphone=\"&#8221;1&#8243;\"\n\t\t    data-columnstablet=\"&#8221;1&#8243;\"\n\t\t    data-columnsdesktop=\"&#8221;3&#8243;\"\n\t\t    data-spacebetween=\"50\"\n\t\t    data-loop=\"&#8221;on&#8221;\"\n\t\t    data-speed=\"500\"\n\t\t    data-navigation=\"&#8221;on&#8221;\"\n\t\t    data-pagination=\"&#8221;on&#8221;\"\n\t\t    data-autoplay=\"&#8221;on&#8221;\"\n\t\t    data-autoplayspeed=\"5000\"\n\t\t    data-pauseonhover=\"on\"\n\t\t    data-effect=\"slide\"\n\t\t    data-rotate=\"50\"\n\t\t    data-dynamicbullets=\"on\"\n\t\t    data-ordernumber=\"0\"\n\t\t    data-centered=\"off\"\n\t\t    data-spacebetween_tablet=\"&#8221;&#8221;\"\n\t\t    data-spacebetween_phone=\"&#8221;50&#8243;\"\n\t\t    data-shadow=\"true\">\n\t\t        <div class=\"swiper-container\">\n\t\t            <div class=\"dipi-blog-slider-wrapper\">\n\t\t                <div class=\"dipi-blog-post clearfix category-blogposts-ro category-jobului\">\n<div class=\"dipi-entry-featured-image-url dipi-&#8221;zoomin&#8221;\">\n\n\t\t<a    \n        class=\"dipi-blog-post-overlay-link\"\n        href=\"https:\/\/auroraflowers.nl\/ro\/jobului\/asistent-logistica-pentru-hub-bucuresti\/\"\n        target=\"\"\n        aria-label=\"Asistent logistica pentru HUB Bucuresti\"\n    ><\/a>\n\t\n    <div class=\"dipi-blog-post-overlay\">\n            <\/div>\n\n    <img\n                decoding=\"async\"\n                loading=\"lazy\"\n                class=\"wp-post-image\"\n                src=\"https:\/\/auroraflowers.nl\/wp-content\/uploads\/2025\/01\/WhatsApp-Image-2025-02-04-at-15.56.53_08fb5bd9.jpg\"\n                alt=\"\"\n                srcset=\"https:\/\/auroraflowers.nl\/wp-content\/uploads\/2025\/01\/WhatsApp-Image-2025-02-04-at-15.56.53_08fb5bd9.jpg 768w, https:\/\/auroraflowers.nl\/wp-content\/uploads\/2025\/01\/WhatsApp-Image-2025-02-04-at-15.56.53_08fb5bd9.jpg 980w, https:\/\/auroraflowers.nl\/wp-content\/uploads\/2025\/01\/WhatsApp-Image-2025-02-04-at-15.56.53_08fb5bd9.jpg 1024w\"\n                sizes=\"(max-width: 768px) 768px, (max-width: 980px) 980px, 1024px\"\n            \/>\n            \n<\/div><div class=\"dipi-date\">\n        \n        <span class=\"dipi-month\">mart.<\/span>\n        <span class=\"dipi-day\">01<\/span>\n        <span class=\"dipi-year\">2025<\/span>\n    \n    <\/div><div class=\"dipi-post-content\">\n    <div class=\"dipi-categories\">\n        <a href=\"https:\/\/auroraflowers.nl\/ro\/category\/blogposts-ro\/\" rel=\"tag\">Blogposts<\/a>, <a href=\"https:\/\/auroraflowers.nl\/ro\/category\/jobului\/\" rel=\"tag\">Jobului<\/a>    <\/div>\n    <h2 class=\"dipi-entry-title\">\n        <a href=\"https:\/\/auroraflowers.nl\/ro\/jobului\/asistent-logistica-pentru-hub-bucuresti\/\" \n        target=\"\"\n        aria-label=\"Asistent logistica pentru HUB Bucuresti\"\n    >\n            Asistent logistica pentru HUB Bucuresti        <\/a>\n    <\/h2>    <div class=\"dipi-post-text\">\n[et_pb_section][et_pb_row][et_pb_text]\r\nLoca\u021bie: Biroul din Bucure\u0219ti (\u0218oseaua de Centur\u0103, Mogo\u0219oaia) Tip job: Norm\u0103 \u00eentreag\u0103,\r\nCandidatul Ideal\r\nJobul presupune un efort fizic moderat \u0219i se adreseaz\u0103 persoanelor care se simt confortabil at\u00e2t cu munca fizic\u0103, c\u00e2t \u0219i cu sarcini administrative.\r\n\r\n \t\r\n\r\n \tResponsabil\u0103 \u0219i organizat\u0103.\r\n \tCare poate gestiona activit\u0103\u021bi logistice zilnice \u00eentr-un depozit.\r\n \tCu abilit\u0103\u021bi de comunicare pentru a colabora cu echipa, partenerii si pentru a oferi suport clientilor\r\n \tUtilizare computer si telefon pentru sarcini aferente (Office, email, aplicatii de comunicare, lucru cu documente si imagini).\r\n \tPermis de conducere categoria B obligatoriu\r\n \tCu cuno\u0219tin\u021be medii de englez\u0103 (util pentru comunicarea cu biroul din Olanda).\r\n \tCu o condi\u021bie fizic\u0103 bun\u0103, av\u00e2nd \u00een vedere c\u0103 jobul implic\u0103 \u0219i manipularea m\u0103rfurilor.\r\n\r\n\r\n\r\n\ufe01\ufe04\ufe06\ufe04\ufe05\ufe04\ufe05\ufe0c\u200b\ufe02\ufe06\ufe04\ufe06\u200b\ufe01\ufe01\ufe0e\ufe0c\u200b\ufe08\ufe02\ufe07\ufe0d\u200b\ufe08\ufe06\ufe05\ufe0f\ufe0a\ufe04\ufe08\ufe0c\ufe0a\ufe0e\ufe02\ufe0e\r\nDescrierea jobului\r\nResponsabilit\u0103\u021bi:\r\n\r\n \t\r\n\r\n \tPreg\u0103tirea \u0219i organizarea livr\u0103rilor din hub-ul Bucure\u0219ti.\r\n \tManipularea m\u0103rfurilor \u0219i organizarea acestora \u00een depozit (doar c\u00e2teva ore pe zi, \u00een zilele logistice).\r\n \tVerificarea \u0219i procesarea documentelor pentru transporturi.\r\n \tComunicarea cu partenerii de transport \u0219i clien\u021bii care ridic\u0103 marfa din hub.\r\n \tGestionarea ambalajelor returnabile \u0219i organizarea spa\u021biului logistic.\r\n \taportarea activit\u0103\u021bii \u0219i men\u021binerea eviden\u021belor necesare.\r\n\r\n\r\n\r\nProgram de lucru:\r\n\r\n \t\r\n\r\n \tLuni - joi: activitate combinat\u0103 - c\u00e2teva ore de munc\u0103 fizic\u0103 \u00een depozit (gestionare m\u0103rfuri, preg\u0103tire livr\u0103ri) \u0219i restul timpului organizare logistic\u0103 \u0219i activit\u0103\u021bi administrative.\r\n \tDuminic\u0103: activitate similar\u0103, doar par\u021bial din zi.\r\n \t\u00cen zilele logistice (miercuri, joi, duminica), programul poate \u00eencepe diminea\u021ba devreme, \u00een jur de 5-6 AM, in functie de ora de sosire a camioanelor.\r\n \tZile libere: vineri \u0219i s\u00e2mb\u0103t\u0103.\r\n \t\u00cen viitor, programul poate fi ajustat la luni-vineri.\r\n\r\n\r\n\r\nCe trebuie s\u0103 \u0219tii despre acest job:\r\n\r\n \t\r\n\r\n \tEste un job combinat: zile cu munc\u0103 fizic\u0103 par\u021bial\u0103 \u0219i activit\u0103\u021bi administrative.\r\n \tSe adreseaz\u0103 \u00een special b\u0103rba\u021bilor care sunt confortabili at\u00e2t cu activit\u0103\u021bi de organizare \u0219i raportare, c\u00e2t \u0219i cu manipularea m\u0103rfurilor.\r\n\r\n\r\n\r\nBeneficii:\r\n\r\n \t\r\n\r\n \tSalariu competitiv, aliniat cu industria, cerin\u021bele postului si evolutia\r\n \tBonus de concediu anual\r\n \tMa\u0219in\u0103 de serviciu pentru deplas\u0103ri.\r\n \tTraining la locul de munc\u0103.\r\n \tMediu de lucru dinamic, \u00eentr-o companie \u00een cre\u0219tere.\r\n\r\n\r\n\r\nDespre Aurora Flowers and Plants: Suntem o companie de referin\u021b\u0103 \u00een industria floristic\u0103 din Rom\u00e2nia, cu o re\u021bea logistic\u0103 extins\u0103 \u0219i parteneriate interna\u021bionale. Promov\u0103m solu\u021bii inovatoare \u0219i ne extindem continuu portofoliul de clien\u021bi \u0219i servicii. Suntem lideri \u00een furnizarea de solu\u021bii pentru industria floristic\u0103, cu o re\u021bea extins\u0103 \u00een Rom\u00e2nia \u0219i alte trei \u021b\u0103ri din Europa. Al\u0103tur\u0103-te echipei noastre \u0219i contribuie la dezvoltarea unui sector unic \u0219i inovator! Aplic\u0103 acum!  Trimite CV-ul t\u0103u la\u00a0mircea@auroraflowers.nl, al\u0103turi de orice alte informa\u021bii relevante pentru postul disponibil.\r\n\r\n<\/div>\n    <\/div><!-- dipi-post-content --><\/div><!-- dipi-blog-post -->\n<div class=\"dipi-blog-post clearfix category-blogposts-ro category-jobului\">\n<div class=\"dipi-entry-featured-image-url dipi-&#8221;zoomin&#8221;\">\n\n\t\t<a    \n        class=\"dipi-blog-post-overlay-link\"\n        href=\"https:\/\/auroraflowers.nl\/ro\/jobului\/job-bucuresti-consultant-dezvoltare-clienti-vanzari\/\"\n        target=\"\"\n        aria-label=\"Aurora Flowers and Plants caut\u0103 Consultant Dezvoltare Clien\u021bi \u0219i V\u00e2nz\u0103ri \u00een Bucure\u0219ti\"\n    ><\/a>\n\t\n    <div class=\"dipi-blog-post-overlay\">\n            <\/div>\n\n    <img\n                decoding=\"async\"\n                loading=\"lazy\"\n                class=\"wp-post-image\"\n                src=\"https:\/\/auroraflowers.nl\/wp-content\/uploads\/2024\/12\/echipa.jpg\"\n                alt=\"\"\n                srcset=\"https:\/\/auroraflowers.nl\/wp-content\/uploads\/2024\/12\/echipa.jpg 768w, https:\/\/auroraflowers.nl\/wp-content\/uploads\/2024\/12\/echipa.jpg 980w, https:\/\/auroraflowers.nl\/wp-content\/uploads\/2024\/12\/echipa.jpg 1024w\"\n                sizes=\"(max-width: 768px) 768px, (max-width: 980px) 980px, 1024px\"\n            \/>\n            \n<\/div><div class=\"dipi-date\">\n        \n        <span class=\"dipi-month\">dec.<\/span>\n        <span class=\"dipi-day\">31<\/span>\n        <span class=\"dipi-year\">2024<\/span>\n    \n    <\/div><div class=\"dipi-post-content\">\n    <div class=\"dipi-categories\">\n        <a href=\"https:\/\/auroraflowers.nl\/ro\/category\/blogposts-ro\/\" rel=\"tag\">Blogposts<\/a>, <a href=\"https:\/\/auroraflowers.nl\/ro\/category\/jobului\/\" rel=\"tag\">Jobului<\/a>    <\/div>\n    <h2 class=\"dipi-entry-title\">\n        <a href=\"https:\/\/auroraflowers.nl\/ro\/jobului\/job-bucuresti-consultant-dezvoltare-clienti-vanzari\/\" \n        target=\"\"\n        aria-label=\"Aurora Flowers and Plants caut\u0103 Consultant Dezvoltare Clien\u021bi \u0219i V\u00e2nz\u0103ri \u00een Bucure\u0219ti\"\n    >\n            Aurora Flowers and Plants caut\u0103 Consultant Dezvoltare Clien\u021bi \u0219i V\u00e2nz\u0103ri \u00een Bucure\u0219ti        <\/a>\n    <\/h2>    <div class=\"dipi-post-text\">\n&#13;\nLoca\u021bie: Biroul din Bucure\u0219ti (\u0218oseaua de Centur\u0103, Mogo\u0219oaia)Tip job: Norm\u0103 \u00eentreag\u0103, program L-V (flexibil \u00een perioadele de v\u00e2rf)Despre rol:C\u0103ut\u0103m un profesionist t\u00e2n\u0103r, dinamic \u0219i motivat, dispus s\u0103 evolueze \u00eentr-un job variat, \u00eentr-un domeniuunic \u00een Rom\u00e2nia. Vei avea ocazia s\u0103 \u00eenve\u021bi specificul industriei florale \u0219i s\u0103 contribui activ la dezvoltareaportofoliului nostru de clien\u021bi, promov\u00e2nd metoda noastr\u0103 de lucru \u0219i consolid\u00e2nd rela\u021bii de lung\u0103 durat\u0103.&#13;\n&#13;\nCe vei face:\u2022 Vei asimila rapid procesele noastre unice, cu sprijinul echipei.\u2022 Vei identifica \u0219i analiza noi oportunit\u0103\u021bi de pia\u021b\u0103, gener\u00e2nd leaduri valoroase.\u2022 Vei dezvolta \u0219i men\u021bine rela\u021bii de lung\u0103 durat\u0103 cu clien\u021bii existen\u021bi, oferind suport tehnic \u0219i consultativ.\u2022 Vei crea solu\u021bii personalizate pentru nevoile fiec\u0103rui client.\u2022 Vei actualiza baza de date a clien\u021bilor \u0219i vei \u00eentocmi rapoarte periodice de activitate.\u2022 Vei crea materiale promo\u021bionale digitale, vei organiza materiale foto pentru produse \u0219i vei gestionamesaje push prin canale digitale.\u2022 Vei coordona campanii de feedback \u0219i vei identifica nevoile clien\u021bilor.\u2022 Vei participa la proiectele companiei desf\u0103\u0219urate pe teritoriul Rom\u00e2niei.\u2022 \u00cen perioadele aglomerate, te vei implica \u0219i \u00een activitatea logistic\u0103, \u00een func\u021bie de necesit\u0103\u021bile companiei.&#13;\n&#13;\nCandidatul ideal:\u2022 Experien\u021b\u0103 relevant\u0103 \u00een v\u00e2nz\u0103ri\/identificarea de leaduri\/suport consultativ (minim 1 an). Experien\u021ba \u00eenindustria floristic\u0103 reprezint\u0103 un avantaj, dar nu este obligatorie.\u2022 Deschidere \u0219i dorin\u021b\u0103 de a \u00eenv\u0103\u021ba specificul unui domeniu de ni\u0219\u0103 \u0219i de a asimila noi procese.\u2022 Abilit\u0103\u021bi excelente de comunicare, negociere \u0219i solu\u021bionare a problemelor.\u2022 Experien\u021b\u0103 \u00een utilizarea re\u021belelor sociale pentru generarea de leaduri \u0219i comunicare.\u2022 Abilit\u0103\u021bi de management al task-urilor, deadline-urilor \u0219i solicit\u0103rilor clien\u021bilor.\u2022 Permis de conducere categoria B \u0219i disponibilitate pentru deplas\u0103ri \u00een \u021bar\u0103 pentru proiecte saucampanii.\u2022 Flexibilitate \u00een programul de lucru \u00een perioadele aglomerate.\u2022 Cuno\u0219tin\u021be de limba englez\u0103 (nivel conversational business); limba spaniol\u0103 reprezint\u0103 un avantaj.\u2022 Familiaritate cu aplica\u021biile MS Office, CRM-uri \u0219i alte solu\u021bii business web.&#13;\n&#13;\nCe oferim:\u2022 Training dedicat pentru integrarea \u00een domeniu.\u2022 Oportunitatea de a lucra \u00eentr-un mediu dinamic \u0219i inovator.\u2022 Pachet salarial competitiv \u0219i beneficii corelate cu domeniul.\u2022 Posibilitatea de a dezvolta o carier\u0103 \u00eentr-un sector unic \u00een Rom\u00e2nia.&#13;\n&#13;\nDespre Aurora Flowers and Plants:Suntem o companie de referin\u021b\u0103 \u00een industria floristic\u0103 din Rom\u00e2nia, cu o re\u021bea logistic\u0103 extins\u0103 \u0219iparteneriate interna\u021bionale. Promov\u0103m solu\u021bii inovatoare \u0219i ne extindem continuu portofoliul de clien\u021bi \u0219iservicii. Suntem lideri \u00een furnizarea de solu\u021bii pentru industria floristic\u0103, cu o re\u021bea extins\u0103 \u00een Rom\u00e2nia \u0219ialte trei \u021b\u0103ri din Europa. Al\u0103tur\u0103-te echipei noastre \u0219i contribuie la dezvoltarea unui sector unic \u0219iinovator!&#13;\n&#13;\nAplic\u0103 acum!Trimite CV-ul t\u0103u la mircea@auroraflowers.nl, al\u0103turi de orice alte informa\u021bii relevante pentru postuldisponibil.&#13;<\/div>\n    <\/div><!-- dipi-post-content --><\/div><!-- dipi-blog-post -->\n\n\t\t            <\/div>\n\t\t        <\/div>\n\t\t        \n\t\t        <div class=\"swiper-container-horizontal\">\n\t\t            \n\t\t        <\/div>\n\t\t    <\/div>\n\t\t\t\t<\/div>\n\t\t\t<\/div><\/p>\n","protected":false},"author":1,"featured_media":0,"parent":0,"menu_order":0,"comment_status":"closed","ping_status":"closed","template":"","meta":{"_et_pb_use_builder":"on","_et_pb_old_content":"","_et_gb_content_width":"","footnotes":""},"dipi_cpt_category":[],"class_list":["post-25802891","page","type-page","status-publish","hentry"],"yoast_head":"<!-- This site is optimized with the Yoast SEO plugin v27.4 - https:\/\/yoast.com\/product\/yoast-seo-wordpress\/ -->\n<title>BLOGS &#8212; Aurora Flowers<\/title>\n<meta name=\"robots\" content=\"index, follow, max-snippet:-1, max-image-preview:large, max-video-preview:-1\" \/>\n<link rel=\"canonical\" href=\"https:\/\/auroraflowers.nl\/ro\/blogss\/\" \/>\n<meta property=\"og:locale\" content=\"ro_RO\" \/>\n<meta property=\"og:type\" content=\"article\" \/>\n<meta property=\"og:title\" content=\"BLOGS &#8212; Aurora Flowers\" \/>\n<meta property=\"og:description\" content=\"AURORA Blogs\" \/>\n<meta property=\"og:url\" content=\"https:\/\/auroraflowers.nl\/ro\/blogss\/\" \/>\n<meta property=\"og:site_name\" content=\"Aurora Flowers\" \/>\n<meta property=\"article:publisher\" content=\"https:\/\/business.facebook.com\/AuroraFlowersNL\/\" \/>\n<meta property=\"article:modified_time\" content=\"2025-02-21T14:36:47+00:00\" \/>\n<meta name=\"twitter:card\" content=\"summary_large_image\" \/>\n<meta name=\"twitter:label1\" content=\"Timp estimat pentru citire\" \/>\n\t<meta name=\"twitter:data1\" content=\"3 minute\" \/>\n<script type=\"application\/ld+json\" class=\"yoast-schema-graph\">{\"@context\":\"https:\\\/\\\/schema.org\",\"@graph\":[{\"@type\":\"WebPage\",\"@id\":\"https:\\\/\\\/auroraflowers.nl\\\/ro\\\/blogss\\\/\",\"url\":\"https:\\\/\\\/auroraflowers.nl\\\/ro\\\/blogss\\\/\",\"name\":\"BLOGS &#8212; Aurora Flowers\",\"isPartOf\":{\"@id\":\"https:\\\/\\\/auroraflowers.nl\\\/#website\"},\"datePublished\":\"2025-02-20T16:30:58+00:00\",\"dateModified\":\"2025-02-21T14:36:47+00:00\",\"breadcrumb\":{\"@id\":\"https:\\\/\\\/auroraflowers.nl\\\/ro\\\/blogss\\\/#breadcrumb\"},\"inLanguage\":\"ro-RO\",\"potentialAction\":[{\"@type\":\"ReadAction\",\"target\":[\"https:\\\/\\\/auroraflowers.nl\\\/ro\\\/blogss\\\/\"]}]},{\"@type\":\"BreadcrumbList\",\"@id\":\"https:\\\/\\\/auroraflowers.nl\\\/ro\\\/blogss\\\/#breadcrumb\",\"itemListElement\":[{\"@type\":\"ListItem\",\"position\":1,\"name\":\"Home\",\"item\":\"https:\\\/\\\/auroraflowers.nl\\\/ro\\\/\"},{\"@type\":\"ListItem\",\"position\":2,\"name\":\"BLOGS\"}]},{\"@type\":\"WebSite\",\"@id\":\"https:\\\/\\\/auroraflowers.nl\\\/#website\",\"url\":\"https:\\\/\\\/auroraflowers.nl\\\/\",\"name\":\"Aurora Flowers\",\"description\":\"Flowers and Plants from The Netherlands\",\"potentialAction\":[{\"@type\":\"SearchAction\",\"target\":{\"@type\":\"EntryPoint\",\"urlTemplate\":\"https:\\\/\\\/auroraflowers.nl\\\/?s={search_term_string}\"},\"query-input\":{\"@type\":\"PropertyValueSpecification\",\"valueRequired\":true,\"valueName\":\"search_term_string\"}}],\"inLanguage\":\"ro-RO\"}]}<\/script>\n<!-- \/ Yoast SEO plugin. -->","yoast_head_json":{"title":"BLOGS &#8212; Aurora Flowers","robots":{"index":"index","follow":"follow","max-snippet":"max-snippet:-1","max-image-preview":"max-image-preview:large","max-video-preview":"max-video-preview:-1"},"canonical":"https:\/\/auroraflowers.nl\/ro\/blogss\/","og_locale":"ro_RO","og_type":"article","og_title":"BLOGS &#8212; Aurora Flowers","og_description":"AURORA Blogs","og_url":"https:\/\/auroraflowers.nl\/ro\/blogss\/","og_site_name":"Aurora Flowers","article_publisher":"https:\/\/business.facebook.com\/AuroraFlowersNL\/","article_modified_time":"2025-02-21T14:36:47+00:00","twitter_card":"summary_large_image","twitter_misc":{"Timp estimat pentru citire":"3 minute"},"schema":{"@context":"https:\/\/schema.org","@graph":[{"@type":"WebPage","@id":"https:\/\/auroraflowers.nl\/ro\/blogss\/","url":"https:\/\/auroraflowers.nl\/ro\/blogss\/","name":"BLOGS &#8212; Aurora Flowers","isPartOf":{"@id":"https:\/\/auroraflowers.nl\/#website"},"datePublished":"2025-02-20T16:30:58+00:00","dateModified":"2025-02-21T14:36:47+00:00","breadcrumb":{"@id":"https:\/\/auroraflowers.nl\/ro\/blogss\/#breadcrumb"},"inLanguage":"ro-RO","potentialAction":[{"@type":"ReadAction","target":["https:\/\/auroraflowers.nl\/ro\/blogss\/"]}]},{"@type":"BreadcrumbList","@id":"https:\/\/auroraflowers.nl\/ro\/blogss\/#breadcrumb","itemListElement":[{"@type":"ListItem","position":1,"name":"Home","item":"https:\/\/auroraflowers.nl\/ro\/"},{"@type":"ListItem","position":2,"name":"BLOGS"}]},{"@type":"WebSite","@id":"https:\/\/auroraflowers.nl\/#website","url":"https:\/\/auroraflowers.nl\/","name":"Aurora Flowers","description":"Flowers and Plants from The Netherlands","potentialAction":[{"@type":"SearchAction","target":{"@type":"EntryPoint","urlTemplate":"https:\/\/auroraflowers.nl\/?s={search_term_string}"},"query-input":{"@type":"PropertyValueSpecification","valueRequired":true,"valueName":"search_term_string"}}],"inLanguage":"ro-RO"}]}},"_links":{"self":[{"href":"https:\/\/auroraflowers.nl\/ro\/wp-json\/wp\/v2\/pages\/25802891","targetHints":{"allow":["GET"]}}],"collection":[{"href":"https:\/\/auroraflowers.nl\/ro\/wp-json\/wp\/v2\/pages"}],"about":[{"href":"https:\/\/auroraflowers.nl\/ro\/wp-json\/wp\/v2\/types\/page"}],"author":[{"embeddable":true,"href":"https:\/\/auroraflowers.nl\/ro\/wp-json\/wp\/v2\/users\/1"}],"replies":[{"embeddable":true,"href":"https:\/\/auroraflowers.nl\/ro\/wp-json\/wp\/v2\/comments?post=25802891"}],"version-history":[{"count":5,"href":"https:\/\/auroraflowers.nl\/ro\/wp-json\/wp\/v2\/pages\/25802891\/revisions"}],"predecessor-version":[{"id":25803068,"href":"https:\/\/auroraflowers.nl\/ro\/wp-json\/wp\/v2\/pages\/25802891\/revisions\/25803068"}],"wp:attachment":[{"href":"https:\/\/auroraflowers.nl\/ro\/wp-json\/wp\/v2\/media?parent=25802891"}],"wp:term":[{"taxonomy":"dipi_cpt_category","embeddable":true,"href":"https:\/\/auroraflowers.nl\/ro\/wp-json\/wp\/v2\/dipi_cpt_category?post=25802891"}],"curies":[{"name":"wp","href":"https:\/\/api.w.org\/{rel}","templated":true}]}}