{"id":26150,"date":"2018-04-25T14:29:59","date_gmt":"2018-04-25T14:29:59","guid":{"rendered":"http:\/\/auroraflowers.nl\/privacy-statement\/"},"modified":"2018-06-08T14:49:20","modified_gmt":"2018-06-08T14:49:20","slug":"privacy-statement","status":"publish","type":"page","link":"https:\/\/auroraflowers.nl\/pt-pt\/privacy-statement\/","title":{"rendered":"Declara\u00e7\u00e3o de Privacidade"},"content":{"rendered":"<p>[et_pb_section bb_built=&#8221;1&#8243; specialty=&#8221;off&#8221; _builder_version=&#8221;3.1.1&#8243; background_image=&#8221;https:\/\/auroraflowers.nl\/website\/wp-content\/uploads\/2018\/04\/roze-rozen-Aurora-Flowers-w.jpg&#8221; background_position=&#8221;top_center&#8221; custom_padding=&#8221;10px|0px|0px|10px&#8221; next_background_color=&#8221;#ffffff&#8221;][et_pb_row _builder_version=&#8221;3.0.86&#8243; background_color_3=&#8221;rgba(244,244,244,0.86)&#8221; make_fullwidth=&#8221;on&#8221; use_custom_gutter=&#8221;on&#8221; gutter_width=&#8221;1&#8243; custom_padding=&#8221;0px|0px|0px|0px&#8221;][et_pb_column type=&#8221;1_3&#8243;][\/et_pb_column][et_pb_column type=&#8221;1_3&#8243;][et_pb_button admin_label=&#8221;Knop contact&#8221; button_url=&#8221;https:\/\/auroraflowers.nl\/pt-pt\/contato\/&#8221; url_new_window=&#8221;off&#8221; button_text=&#8221;CONTATO&#8221; button_alignment=&#8221;right&#8221; background_layout=&#8221;light&#8221; custom_button=&#8221;on&#8221; button_text_color=&#8221;#ffdd00&#8243; button_bg_color=&#8221;#00165b&#8221; button_icon=&#8221;%%24%%&#8221; button_icon_placement=&#8221;right&#8221; button_on_hover=&#8221;off&#8221; button_text_color_hover=&#8221;#014587&#8243; button_bg_color_hover=&#8221;#ffdd00&#8243; button_border_color=&#8221;#00165b&#8221; button_icon_color=&#8221;#ffdd00&#8243; button_border_color_hover=&#8221;#ffdd00&#8243; saved_tabs=&#8221;all&#8221; _builder_version=&#8221;3.0.86&#8243; \/][\/et_pb_column][et_pb_column type=&#8221;1_3&#8243;][et_pb_text admin_label=&#8221;Tekst TITEL&#8221; text_orientation=&#8221;center&#8221; text_font=&#8221;Playfair Display|on|||&#8221; text_font_size=&#8221;38&#8243; text_text_color=&#8221;#013366&#8243; text_letter_spacing=&#8221;2px&#8221; text_line_height=&#8221;1.8em&#8221; custom_margin=&#8221;30px|30px|30px|30px&#8221; disabled=&#8221;off&#8221; module_alignment=&#8221;center&#8221; background_position=&#8221;top_left&#8221; background_repeat=&#8221;repeat&#8221; background_size=&#8221;initial&#8221; _builder_version=&#8221;3.1.1&#8243; saved_tabs=&#8221;all&#8221;]<\/p>\n<p>DECLARA\u00c7\u00c3O DE PRIVACIDADE DA SOCIEDADE AURORA FLOWERS B.V.<\/p>\n<p>[\/et_pb_text][et_pb_text admin_label=&#8221;Tekst privacy&#8221; text_orientation=&#8221;center&#8221; text_font_size=&#8221;18&#8243; text_text_color=&#8221;#013366&#8243; text_line_height=&#8221;1.8em&#8221; custom_margin=&#8221;15px|30px||30px&#8221; disabled=&#8221;off&#8221; module_alignment=&#8221;center&#8221; background_position=&#8221;top_left&#8221; background_repeat=&#8221;repeat&#8221; background_size=&#8221;initial&#8221; _builder_version=&#8221;3.1.1&#8243; saved_tabs=&#8221;all&#8221;]<\/p>\n<p><strong>N\u00f3s levamos a privacidade de nossos clientes a s\u00e9rio. Leia nossa declara\u00e7\u00e3o de privacidade abaixo. Se voc\u00ea tiver d\u00favidas sobre isso, entre em contato conosco.<\/strong><\/p>\n<p>&nbsp;<\/p>\n<p>[\/et_pb_text][et_pb_button admin_label=&#8221;Knop over ons&#8221; button_url=&#8221;#privacy&#8221; button_text=&#8221;SOBRE N\u00d3S&#8221; button_alignment=&#8221;left&#8221; custom_button=&#8221;on&#8221; button_text_color=&#8221;#ffdd00&#8243; button_bg_color=&#8221;#00165b&#8221; button_icon=&#8221;%%24%%&#8221; button_on_hover=&#8221;off&#8221; button_text_color_hover=&#8221;#014587&#8243; button_bg_color_hover=&#8221;#ffdd00&#8243; button_border_color=&#8221;#00165b&#8221; button_icon_color=&#8221;#ffdd00&#8243; button_border_color_hover=&#8221;#ffdd00&#8243; saved_tabs=&#8221;all&#8221; _builder_version=&#8221;3.1.1&#8243; \/][\/et_pb_column][\/et_pb_row][\/et_pb_section][et_pb_section bb_built=&#8221;1&#8243; fullwidth=&#8221;off&#8221; specialty=&#8221;off&#8221; prev_background_color=&#8221;#000000&#8243;][et_pb_row _builder_version=&#8221;3.1.1&#8243; module_id=&#8221;privacy&#8221;][et_pb_column type=&#8221;4_4&#8243;][et_pb_text _builder_version=&#8221;3.6&#8243; link_font=&#8221;|700|||on||||&#8221;]<\/p>\n<p>A sociedade Aurora Flowers B.V., sita \u00e0 rua Venus 181, 2675 LN Honselersdijk, \u00e9 respons\u00e1vel pelo processamento de dados pessoais como reproduzido na presente declara\u00e7\u00e3o de privacidade.<\/p>\n<p><strong>Dados de contato:<\/strong><\/p>\n<p>Website: <a href=\"https:\/\/auroraflowers.nl\/\">https:\/\/auroraflowers.nl\/<\/a><\/p>\n<p>Webshop: <a href=\"https:\/\/aurora.floradirect.net\/\">https:\/\/aurora.floradirect.net\/<\/a><\/p>\n<p>Venus 181<\/p>\n<p>2675 LN Honselersdijk<\/p>\n<p>+31 174 638720<\/p>\n<p>O senhor G.J. Platteschor \u00e9 o Funcion\u00e1rio Encarregado com a Prote\u00e7\u00e3o de Dados da sociedade Aurora Flowers B.V. Contato: <a href=\"mailto:info@auroraflowers.nl\">info@auroraflowers.nl<\/a>.<\/p>\n<p>&nbsp;<\/p>\n<p><strong>Dados pessoais que n\u00f3s processamos<\/strong><\/p>\n<p>A sociedade Aurora Flowers B.V. processa os seus dados pessoais porque a V. Exa. utiliza os nossos servi\u00e7os e\/ou porque \u00e9 a V. Exa. que nos fornece estes dados. Em baixo a V. Exa. encontra um resumo dos dados pessoais que n\u00f3s processamos:<\/p>\n<ul>\n<li>Nome e apelidos;<\/li>\n<li>Morada, c\u00f3digo postal e local;<\/li>\n<li>Telefones;<\/li>\n<li>Endere\u00e7os e-mail;<\/li>\n<li>Endere\u00e7os IP;<\/li>\n<li>Outros dados pessoais que a V. Exa. fornece ativamente, p.e. ao criar uma conta de teste na loja virtual, nas correspond\u00eancias ou pelo telefone;<\/li>\n<li>Dados do local;<\/li>\n<li>Informa\u00e7\u00f5es sobre as suas atividades no nosso website;<\/li>\n<li>Navegador internet e tipo do aparelho;<\/li>\n<li>N\u00famero IBAN e\/ou BIC;<\/li>\n<li>N\u00famero IVA.<\/li>\n<\/ul>\n<p>&nbsp;<\/p>\n<p><strong>Dados pessoais especiais e\/ou sens\u00edveis que n\u00f3s processamos<\/strong><\/p>\n<p>Dados pessoais de visitantes menores de 16 anos, a menos com autoriza\u00e7\u00e3o dos pais ou do tutor, por\u00e9m n\u00e3o podemos controlar se um visitante \u00e9 maior de 16 anos. Por isso aconselhamos aos pais de serem interessados nas atividades online dos seus filhos, para evitar que v\u00e3o ser recolhidas informa\u00e7\u00f5es sobre menores sem a autoriza\u00e7\u00e3o dos pais. Quando a V. Exa. est\u00e1 convencida de que recolh\u00e1mos dados pessoais sobre um menor sem a referida autoriza\u00e7\u00e3o, ent\u00e3o entre em contato connosco em <a href=\"mailto:info@auroraflowers.nl\">info@auroraflowers.nl<\/a>, e n\u00f3s retiramos aqueles dados.<\/p>\n<p>&nbsp;<\/p>\n<p><strong>Qual \u00e9 o fim e com base no qual fundamento n\u00f3s processamos dados pessoais<\/strong><\/p>\n<p>A sociedade Aurora Flowers B.V. processa os seus dados pessoais para os seguintes fins:<\/p>\n<ul>\n<li>O tratamento do seu pagamento;<\/li>\n<li>O envio do nosso news letter e\/ou de publicidades;<\/li>\n<li>Poder ligar o enviar um e-mail a V. Exa. se for necess\u00e1rio para poder executar a nossa presta\u00e7\u00e3o de servi\u00e7os;<\/li>\n<li>Informar a V. Exa. sobre altera\u00e7\u00f5es dos nossos servi\u00e7os e produtos;<\/li>\n<li>Oferecer \u00e0 V. Exa. a possibilidade de criar uma conta pessoal;<\/li>\n<li>Para entregar bens e\/ou servi\u00e7os \u00e0 V. Exa;<\/li>\n<li>A sociedade Aurora Flowers B.V. analisa o seu comportamento no website para poder melhorar o website e adaptar a oferta dos produtos e servi\u00e7os \u00e0s suas prefer\u00eancias;<\/li>\n<li>A sociedade Aurora Flowers B.V. tamb\u00e9m processa dados pessoais quando a lei nos obriga de fazer isso, como dados que n\u00f3s precisamos para a nossa declara\u00e7\u00e3o dos impostos.<\/li>\n<\/ul>\n<p>&nbsp;<\/p>\n<p><strong>Elabora\u00e7\u00e3o de decis\u00f5es automatizada\u00a0<\/strong><\/p>\n<p>Com base nos procesamentos automatizados a sociedade Aurora Flowers B.V. n\u00e3o tomar\u00e1 decis\u00f5es sobre assuntos que podem ter (grandes) consequ\u00eancias para pessoas. Aqui trata-se de decis\u00f5es tomadas por programas ou sistemas inform\u00e1ticos sem a interven\u00e7\u00e3o de uma pessoa (p.e. um funcion\u00e1rio da sociedade Aurora Flowers B.V.).<\/p>\n<p>A sociedade Aurora Flowers B.V. utiliza os seguintes programas ou sistemas inform\u00e1ticos:<\/p>\n<ul>\n<li>Unit 4<\/li>\n<li>WordPress<\/li>\n<li>Advert<\/li>\n<li>Mailchimp<\/li>\n<\/ul>\n<p>&nbsp;<\/p>\n<p><strong>Durante quanto tempo guardamos dados pessoais<\/strong><\/p>\n<p>A sociedade Aurora Flowers B.V. n\u00e3o guardar\u00e1 os seus dados pessoais durante mais tempo do que estritamente necess\u00e1rio para realizar os fins para os quais os seus dados pessoas ser\u00e3o recolhidos.<\/p>\n<p>De acordo com o prazo de conserva\u00e7\u00e3o em vigor de 7 anos da autoridade tribut\u00e1ria guardamos os seguintes dados dos clientes que utilizaram a nossa presta\u00e7\u00e3o de servi\u00e7os:<\/p>\n<ul>\n<li>Nome e apelidos;<\/li>\n<li>Morada, c\u00f3digo postal e local;<\/li>\n<li>Telefones;<\/li>\n<li>E-mails;<\/li>\n<li>N\u00famero IBAN e\/ou BIC;<\/li>\n<li>N\u00famero IVA.<\/li>\n<\/ul>\n<p>&nbsp;<\/p>\n<p><strong>Partilhar dados pessoais com terceiros<\/strong><\/p>\n<p>A sociedade Aurora Flowers B.V. partilha os seus dados pessoais com v\u00e1rios terceiros se isso for necess\u00e1rio para a execu\u00e7\u00e3o do contrato e para responder \u00e0 uma eventual obriga\u00e7\u00e3o legal. Para assegurar o mesmo n\u00edvel de prote\u00e7\u00e3o e confidencialidade dos seus dados, contraimos contratos de processamento com as empresas que por nossa ordem processam os seus dados. A sociedade Aurora Flowers B.V. ficar\u00e1 respons\u00e1vel por estes processamentos.<\/p>\n<p>&nbsp;<\/p>\n<p><strong>Cookies, ou t\u00e9cnicas similares que utilizamos<\/strong><\/p>\n<p>A sociedade Aurora Flowers B.V. somente utiliza cookies t\u00e9cnicas e funcionais, assim como cookies anal\u00edtos que n\u00e3o infrinjam a sua privacidade. Um cookie \u00e9 um pequeno arquivo de texto guardado no seu computador, tablet ou smartphone \u00e0 sua primeira visita a este website. Os cookies que utilizamos s\u00e3o necess\u00e1rios para o funcionamento t\u00e9cnico do website e a sua facilidade de utiliza\u00e7\u00e3o, permitindo o funcionamento correto do website e por exemplo a conserva\u00e7\u00e3o dos seus ajustamentos preferidos, assim como a otimiza\u00e7\u00e3o do nosso website. A V. Exa. poder\u00e1 recusar cookies ajustando o seu navegador de maneira que mais n\u00e3o arquivar\u00e1 cookies. Al\u00e9m disso a V. Exa. tamb\u00e9m poder\u00e1 afastar todas as informa\u00e7\u00f5es aquivadas atrav\u00e9s do seu navegador anteriormente.<\/p>\n<p>&nbsp;<\/p>\n<p><strong>Consultar, adaptar ou afastar dados<\/strong><\/p>\n<p>A V. Exa. tem o direito de consultar, corrigir ou afastar os seus dados pessoais. Al\u00e9m disso a V. Exa. tem o direito de retirar a sua eventual autoriza\u00e7\u00e3o para o processamento de dados ou reclamar contra o processamento dos seus dados pessoais pela sociedade Aurora Flowers B.V. e a V. Exa. tem o direito de portabilidade de dados, o que significa que a V. Exa. poder\u00e1 apresentar nos um pedido de envio em um arquivo inform\u00e1tico dos dados pessoais dos quais n\u00f3s dispomos para a V. Exa. ou para uma organiza\u00e7\u00e3o indicada pela V. Exa. A V. Exa. poder\u00e1 dirigir um pedido de consulta, de corre\u00e7\u00e3o, de afastamento, de portabilidade dos seus dados pessoais ou pedido de anula\u00e7\u00e3o da sua autoriza\u00e7ao ou reclama\u00e7\u00e3o sobre processamento dos seus dados pessoais para\u00a0<a href=\"mailto:info@auroraflowers.nl\">info@auroraflowers.nl<\/a>.<\/p>\n<p>Para ter a certeza que foi a V. Exa. que nos enviou o pedido de consulta, solcitamos o envio de uma fotoc\u00f3pia do seu documento de identidade junto com os seu pedido. Para a prote\u00e7\u00e3o da sua privacidade pede-se a V. Exa. de cobrar a sua fotografia, a zona destinada a leitura \u00f3tica, a banda de n\u00fameros em baixo do passaporte), o n\u00famero de passaporte e o seu n\u00famero de identifica\u00e7\u00e3o fiscal e social nesta fotoc\u00f3pia. N\u00f3s respondemos o seu pedido o mais r\u00e1pido poss\u00edvel, mas dentro quatro semanas.\u00a0 A Aurora Flowers B.V. tamb\u00e9m quer informar a V. Exa. sobre a possibilidade da apresenta\u00e7\u00e3o de uma queixa ao vigilante nacional, a Autoriteit Persoonsgegevens atrav\u00e9s do seguinte link: <a href=\"https:\/\/autoriteitpersoonsgegevens.nl\/nl\/contact-met-de-autoriteit-persoonsgegevens\/tip-ons\">https:\/\/autoriteitpersoonsgegevens.nl\/nl\/contact-met-de-autoriteit-persoonsgegevens\/tip-ons<\/a> .<\/p>\n<p>&nbsp;<\/p>\n<p><strong>Como protegemos dados pessoais<\/strong><\/p>\n<p>A Aurora Flowers B.V. toma a prote\u00e7\u00e3o dos seus dados pessoais a s\u00e9rio e toma medidas adequadas para combater o abuso, a perda, o acesso n\u00e3o autorizado, a publica\u00e7\u00e3o indesej\u00e1vel e a altera\u00e7\u00e3o n\u00e3o permitida. Quando a V. Exa. acha que os seus dados n\u00e3o s\u00e3o bem protegidos ou que h\u00e1 indica\u00e7\u00f5es de abuso, ent\u00e3o entre em contato com\u00a0 <a href=\"mailto:info@auroraflowers.nl\">info@auroraflowers.nl<\/a>.<\/p>\n<p>[\/et_pb_text][\/et_pb_column][\/et_pb_row][\/et_pb_section]<\/p>\n","protected":false},"excerpt":{"rendered":"<p>DECLARA\u00c7\u00c3O DE PRIVACIDADE DA SOCIEDADE AURORA FLOWERS B.V. N\u00f3s levamos a privacidade de nossos clientes a s\u00e9rio. Leia nossa declara\u00e7\u00e3o de privacidade abaixo. Se voc\u00ea tiver d\u00favidas sobre isso, entre em contato conosco. &nbsp; A sociedade Aurora Flowers B.V., sita \u00e0 rua Venus 181, 2675 LN Honselersdijk, \u00e9 respons\u00e1vel pelo processamento de dados pessoais como [&hellip;]<\/p>\n","protected":false},"author":1,"featured_media":0,"parent":0,"menu_order":0,"comment_status":"closed","ping_status":"closed","template":"","meta":{"_et_pb_use_builder":"on","_et_pb_old_content":"","_et_gb_content_width":"","footnotes":""},"dipi_cpt_category":[],"class_list":["post-26150","page","type-page","status-publish","hentry"],"yoast_head":"<!-- This site is optimized with the Yoast SEO plugin v27.4 - https:\/\/yoast.com\/product\/yoast-seo-wordpress\/ -->\n<title>Declara\u00e7\u00e3o de Privacidade &#8212; Aurora Flowers<\/title>\n<meta name=\"robots\" content=\"index, follow, max-snippet:-1, max-image-preview:large, max-video-preview:-1\" \/>\n<link rel=\"canonical\" href=\"https:\/\/auroraflowers.nl\/pt-pt\/privacy-statement\/\" \/>\n<meta property=\"og:locale\" content=\"pt_PT\" \/>\n<meta property=\"og:type\" content=\"article\" \/>\n<meta property=\"og:title\" content=\"Declara\u00e7\u00e3o de Privacidade &#8212; Aurora Flowers\" \/>\n<meta property=\"og:description\" content=\"DECLARA\u00c7\u00c3O DE PRIVACIDADE DA SOCIEDADE AURORA FLOWERS B.V. N\u00f3s levamos a privacidade de nossos clientes a s\u00e9rio. Leia nossa declara\u00e7\u00e3o de privacidade abaixo. Se voc\u00ea tiver d\u00favidas sobre isso, entre em contato conosco. &nbsp; A sociedade Aurora Flowers B.V., sita \u00e0 rua Venus 181, 2675 LN Honselersdijk, \u00e9 respons\u00e1vel pelo processamento de dados pessoais como [&hellip;]\" \/>\n<meta property=\"og:url\" content=\"https:\/\/auroraflowers.nl\/pt-pt\/privacy-statement\/\" \/>\n<meta property=\"og:site_name\" content=\"Aurora Flowers\" \/>\n<meta property=\"article:publisher\" content=\"https:\/\/business.facebook.com\/AuroraFlowersNL\/\" \/>\n<meta property=\"article:modified_time\" content=\"2018-06-08T14:49:20+00:00\" \/>\n<meta name=\"twitter:card\" content=\"summary_large_image\" \/>\n<meta name=\"twitter:label1\" content=\"Tempo estimado de leitura\" \/>\n\t<meta name=\"twitter:data1\" content=\"8 minutos\" \/>\n<script type=\"application\/ld+json\" class=\"yoast-schema-graph\">{\"@context\":\"https:\\\/\\\/schema.org\",\"@graph\":[{\"@type\":\"WebPage\",\"@id\":\"https:\\\/\\\/auroraflowers.nl\\\/pt-pt\\\/privacy-statement\\\/\",\"url\":\"https:\\\/\\\/auroraflowers.nl\\\/pt-pt\\\/privacy-statement\\\/\",\"name\":\"Declara\u00e7\u00e3o de Privacidade &#8212; Aurora Flowers\",\"isPartOf\":{\"@id\":\"https:\\\/\\\/auroraflowers.nl\\\/#website\"},\"datePublished\":\"2018-04-25T14:29:59+00:00\",\"dateModified\":\"2018-06-08T14:49:20+00:00\",\"breadcrumb\":{\"@id\":\"https:\\\/\\\/auroraflowers.nl\\\/pt-pt\\\/privacy-statement\\\/#breadcrumb\"},\"inLanguage\":\"pt-PT\",\"potentialAction\":[{\"@type\":\"ReadAction\",\"target\":[\"https:\\\/\\\/auroraflowers.nl\\\/pt-pt\\\/privacy-statement\\\/\"]}]},{\"@type\":\"BreadcrumbList\",\"@id\":\"https:\\\/\\\/auroraflowers.nl\\\/pt-pt\\\/privacy-statement\\\/#breadcrumb\",\"itemListElement\":[{\"@type\":\"ListItem\",\"position\":1,\"name\":\"Home\",\"item\":\"https:\\\/\\\/auroraflowers.nl\\\/pt-pt\\\/\"},{\"@type\":\"ListItem\",\"position\":2,\"name\":\"Declara\u00e7\u00e3o de Privacidade\"}]},{\"@type\":\"WebSite\",\"@id\":\"https:\\\/\\\/auroraflowers.nl\\\/#website\",\"url\":\"https:\\\/\\\/auroraflowers.nl\\\/\",\"name\":\"Aurora Flowers\",\"description\":\"Flowers and Plants from The Netherlands\",\"potentialAction\":[{\"@type\":\"SearchAction\",\"target\":{\"@type\":\"EntryPoint\",\"urlTemplate\":\"https:\\\/\\\/auroraflowers.nl\\\/?s={search_term_string}\"},\"query-input\":{\"@type\":\"PropertyValueSpecification\",\"valueRequired\":true,\"valueName\":\"search_term_string\"}}],\"inLanguage\":\"pt-PT\"}]}<\/script>\n<!-- \/ Yoast SEO plugin. -->","yoast_head_json":{"title":"Declara\u00e7\u00e3o de Privacidade &#8212; Aurora Flowers","robots":{"index":"index","follow":"follow","max-snippet":"max-snippet:-1","max-image-preview":"max-image-preview:large","max-video-preview":"max-video-preview:-1"},"canonical":"https:\/\/auroraflowers.nl\/pt-pt\/privacy-statement\/","og_locale":"pt_PT","og_type":"article","og_title":"Declara\u00e7\u00e3o de Privacidade &#8212; Aurora Flowers","og_description":"DECLARA\u00c7\u00c3O DE PRIVACIDADE DA SOCIEDADE AURORA FLOWERS B.V. N\u00f3s levamos a privacidade de nossos clientes a s\u00e9rio. Leia nossa declara\u00e7\u00e3o de privacidade abaixo. Se voc\u00ea tiver d\u00favidas sobre isso, entre em contato conosco. &nbsp; A sociedade Aurora Flowers B.V., sita \u00e0 rua Venus 181, 2675 LN Honselersdijk, \u00e9 respons\u00e1vel pelo processamento de dados pessoais como [&hellip;]","og_url":"https:\/\/auroraflowers.nl\/pt-pt\/privacy-statement\/","og_site_name":"Aurora Flowers","article_publisher":"https:\/\/business.facebook.com\/AuroraFlowersNL\/","article_modified_time":"2018-06-08T14:49:20+00:00","twitter_card":"summary_large_image","twitter_misc":{"Tempo estimado de leitura":"8 minutos"},"schema":{"@context":"https:\/\/schema.org","@graph":[{"@type":"WebPage","@id":"https:\/\/auroraflowers.nl\/pt-pt\/privacy-statement\/","url":"https:\/\/auroraflowers.nl\/pt-pt\/privacy-statement\/","name":"Declara\u00e7\u00e3o de Privacidade &#8212; Aurora Flowers","isPartOf":{"@id":"https:\/\/auroraflowers.nl\/#website"},"datePublished":"2018-04-25T14:29:59+00:00","dateModified":"2018-06-08T14:49:20+00:00","breadcrumb":{"@id":"https:\/\/auroraflowers.nl\/pt-pt\/privacy-statement\/#breadcrumb"},"inLanguage":"pt-PT","potentialAction":[{"@type":"ReadAction","target":["https:\/\/auroraflowers.nl\/pt-pt\/privacy-statement\/"]}]},{"@type":"BreadcrumbList","@id":"https:\/\/auroraflowers.nl\/pt-pt\/privacy-statement\/#breadcrumb","itemListElement":[{"@type":"ListItem","position":1,"name":"Home","item":"https:\/\/auroraflowers.nl\/pt-pt\/"},{"@type":"ListItem","position":2,"name":"Declara\u00e7\u00e3o de Privacidade"}]},{"@type":"WebSite","@id":"https:\/\/auroraflowers.nl\/#website","url":"https:\/\/auroraflowers.nl\/","name":"Aurora Flowers","description":"Flowers and Plants from The Netherlands","potentialAction":[{"@type":"SearchAction","target":{"@type":"EntryPoint","urlTemplate":"https:\/\/auroraflowers.nl\/?s={search_term_string}"},"query-input":{"@type":"PropertyValueSpecification","valueRequired":true,"valueName":"search_term_string"}}],"inLanguage":"pt-PT"}]}},"_links":{"self":[{"href":"https:\/\/auroraflowers.nl\/pt-pt\/wp-json\/wp\/v2\/pages\/26150","targetHints":{"allow":["GET"]}}],"collection":[{"href":"https:\/\/auroraflowers.nl\/pt-pt\/wp-json\/wp\/v2\/pages"}],"about":[{"href":"https:\/\/auroraflowers.nl\/pt-pt\/wp-json\/wp\/v2\/types\/page"}],"author":[{"embeddable":true,"href":"https:\/\/auroraflowers.nl\/pt-pt\/wp-json\/wp\/v2\/users\/1"}],"replies":[{"embeddable":true,"href":"https:\/\/auroraflowers.nl\/pt-pt\/wp-json\/wp\/v2\/comments?post=26150"}],"version-history":[{"count":5,"href":"https:\/\/auroraflowers.nl\/pt-pt\/wp-json\/wp\/v2\/pages\/26150\/revisions"}],"predecessor-version":[{"id":26224,"href":"https:\/\/auroraflowers.nl\/pt-pt\/wp-json\/wp\/v2\/pages\/26150\/revisions\/26224"}],"wp:attachment":[{"href":"https:\/\/auroraflowers.nl\/pt-pt\/wp-json\/wp\/v2\/media?parent=26150"}],"wp:term":[{"taxonomy":"dipi_cpt_category","embeddable":true,"href":"https:\/\/auroraflowers.nl\/pt-pt\/wp-json\/wp\/v2\/dipi_cpt_category?post=26150"}],"curies":[{"name":"wp","href":"https:\/\/api.w.org\/{rel}","templated":true}]}}