{"id":25805268,"date":"2026-03-09T13:29:56","date_gmt":"2026-03-09T13:29:56","guid":{"rendered":"https:\/\/auroraflowers.nl\/nova-loja-online-quase-totalmente-online\/"},"modified":"2026-03-30T12:57:02","modified_gmt":"2026-03-30T12:57:02","slug":"registe","status":"publish","type":"page","link":"https:\/\/auroraflowers.nl\/pt-pt\/registe\/","title":{"rendered":"Registe"},"content":{"rendered":"<p>[et_pb_section fb_built=&#8221;1&#8243; _builder_version=&#8221;4.16&#8243; background_color=&#8221;#2ea3f2&#8243; use_background_color_gradient=&#8221;on&#8221; background_color_gradient_direction=&#8221;330deg&#8221; background_color_gradient_stops=&#8221;#2ea3f2 0%|#2e6df4 100%&#8221; background_color_gradient_start=&#8221;#2ea3f2&#8243; background_color_gradient_end=&#8221;#2e6df4&#8243; global_colors_info=&#8221;{}&#8221;][et_pb_row column_structure=&#8221;1_2,1_2&#8243; _builder_version=&#8221;4.16&#8243; background_size=&#8221;initial&#8221; background_position=&#8221;top_left&#8221; background_repeat=&#8221;repeat&#8221; global_colors_info=&#8221;{}&#8221;][et_pb_column type=&#8221;1_2&#8243; _builder_version=&#8221;4.16&#8243; custom_padding=&#8221;|||&#8221; global_colors_info=&#8221;{}&#8221; custom_padding__hover=&#8221;|||&#8221;][et_pb_heading title=&#8221;Registe-se aqui para a nova loja virtual.&#8221; _builder_version=&#8221;4.27.6&#8243; _module_preset=&#8221;default&#8221; title_level=&#8221;h2&#8243; title_text_color=&#8221;#FFFFFF&#8221; global_colors_info=&#8221;{}&#8221;][\/et_pb_heading][et_pb_text _builder_version=&#8221;4.27.6&#8243; _module_preset=&#8221;default&#8221; text_text_color=&#8221;#FFFFFF&#8221; global_colors_info=&#8221;{}&#8221;]<\/p>\n<p>Utilize o formul\u00e1rio de inscri\u00e7\u00e3o em anexo para se registar na nossa nova loja virtual.<\/p>\n<p>[\/et_pb_text][\/et_pb_column][et_pb_column type=&#8221;1_2&#8243; _builder_version=&#8221;4.16&#8243; custom_padding=&#8221;|||&#8221; global_colors_info=&#8221;{}&#8221; custom_padding__hover=&#8221;|||&#8221;][dsm_contact_form_7 cf7_library=&#8221;25805245&#8243; button_alignment=&#8221;right&#8221; _builder_version=&#8221;4.27.6&#8243; _module_preset=&#8221;default&#8221; labels_text_color=&#8221;#FFFFFF&#8221; custom_button_one=&#8221;on&#8221; button_one_text_color=&#8221;#FFDD00&#8243; global_colors_info=&#8221;{}&#8221;][\/dsm_contact_form_7][\/et_pb_column][\/et_pb_row][\/et_pb_section]<\/p>\n","protected":false},"excerpt":{"rendered":"<p>Utilize o formul\u00e1rio de inscri\u00e7\u00e3o em anexo para se registar na nossa nova loja virtual.<div class=\"et_pb_module dsm_contact_form_7 dsm_contact_form_7_0\">\n\t\t\t\t\n\t\t\t\t\n\t\t\t\t\n\t\t\t\t\n\t\t\t\t\n\t\t\t\t\n\t\t\t\t<div class=\"et_pb_module_inner\">\n\t\t\t\t\t<div class=\"\">\n\t\t\t\t\n<div class=\"wpcf7 no-js\" id=\"wpcf7-f25805253-o1\" lang=\"pt-PT\" dir=\"ltr\" data-wpcf7-id=\"25805253\">\n<div class=\"screen-reader-response\"><p role=\"status\" aria-live=\"polite\" aria-atomic=\"true\"><\/p> <ul><\/ul><\/div>\n<form action=\"\/pt-pt\/wp-json\/wp\/v2\/pages\/25805268#wpcf7-f25805253-o1\" method=\"post\" class=\"wpcf7-form init\" aria-label=\"Formul\u00e1rio de contacto\" novalidate=\"novalidate\" data-status=\"init\">\n<fieldset class=\"hidden-fields-container\"><input type=\"hidden\" name=\"_wpcf7\" value=\"25805253\" \/><input type=\"hidden\" name=\"_wpcf7_version\" value=\"6.1.5\" \/><input type=\"hidden\" name=\"_wpcf7_locale\" value=\"pt_PT\" \/><input type=\"hidden\" name=\"_wpcf7_unit_tag\" value=\"wpcf7-f25805253-o1\" \/><input type=\"hidden\" name=\"_wpcf7_container_post\" value=\"0\" \/><input type=\"hidden\" name=\"_wpcf7_posted_data_hash\" value=\"\" \/>\n<\/fieldset>\n<p><span class=\"wpcf7-form-control-wrap\" data-name=\"your-name\"><input size=\"40\" maxlength=\"400\" class=\"wpcf7-form-control wpcf7-text wpcf7-validates-as-required\" aria-required=\"true\" aria-invalid=\"false\" placeholder=\"Nome *\" value=\"\" type=\"text\" name=\"your-name\" \/><\/span>\n<\/p>\n<p><span class=\"wpcf7-form-control-wrap\" data-name=\"your-bedrijf\"><input size=\"40\" maxlength=\"400\" class=\"wpcf7-form-control wpcf7-text wpcf7-validates-as-required\" aria-required=\"true\" aria-invalid=\"false\" placeholder=\"Nome da empresa *\" value=\"\" type=\"text\" name=\"your-bedrijf\" \/><\/span>\n<\/p>\n<p><span class=\"wpcf7-form-control-wrap\" data-name=\"adres\"><input size=\"40\" maxlength=\"400\" class=\"wpcf7-form-control wpcf7-text wpcf7-validates-as-required\" aria-required=\"true\" aria-invalid=\"false\" placeholder=\"Endere\u00e7o *\" value=\"\" type=\"text\" name=\"adres\" \/><\/span>\n<\/p>\n<p><span class=\"wpcf7-form-control-wrap\" data-name=\"woonplaats\"><input size=\"40\" maxlength=\"400\" class=\"wpcf7-form-control wpcf7-text wpcf7-validates-as-required\" aria-required=\"true\" aria-invalid=\"false\" placeholder=\"Cidade *\" value=\"\" type=\"text\" name=\"woonplaats\" \/><\/span>\n<\/p>\n<p><span class=\"wpcf7-form-control-wrap\" data-name=\"your-email\"><input size=\"40\" maxlength=\"400\" class=\"wpcf7-form-control wpcf7-email wpcf7-validates-as-required wpcf7-text wpcf7-validates-as-email\" aria-required=\"true\" aria-invalid=\"false\" placeholder=\"e-mail *\" value=\"\" type=\"email\" name=\"your-email\" \/><\/span>\n<\/p>\n<p><span class=\"wpcf7-form-control-wrap\" data-name=\"BTWnummer\"><input size=\"40\" maxlength=\"400\" class=\"wpcf7-form-control wpcf7-text wpcf7-validates-as-required\" aria-required=\"true\" aria-invalid=\"false\" placeholder=\"N\u00famero de IVA *\" value=\"\" type=\"text\" name=\"BTWnummer\" \/><\/span>\n<\/p>\n<p><span class=\"wpcf7-form-control-wrap\" data-name=\"tel-199\"><input size=\"40\" maxlength=\"400\" class=\"wpcf7-form-control wpcf7-tel wpcf7-validates-as-required wpcf7-text wpcf7-validates-as-tel\" aria-required=\"true\" aria-invalid=\"false\" placeholder=\"C\u00f3digo de pa\u00eds + N\u00famero de telefone *\" value=\"\" type=\"tel\" name=\"tel-199\" \/><\/span>\n<\/p>\n<p><span class=\"wpcf7-form-control-wrap\" data-name=\"your-message\"><textarea cols=\"40\" rows=\"10\" maxlength=\"2000\" class=\"wpcf7-form-control wpcf7-textarea\" aria-invalid=\"false\" placeholder=\"Sua mensagem\" name=\"your-message\"><\/textarea><\/span>\n<\/p>\n<div class=\"g-recaptcha\" data-sitekey=\"6Lck9RkTAAAAABQsGBO8P_LauHcsp94dKDRF2t7N\">\n<\/div>\n<p><button class=\"wpcf7-form-control wpcf7-submit has-spinner et_pb_button et_pb_bg_layout_light\" type=\"submit\" value=\"Send\">Send<\/button>\n<\/p><input type=\"hidden\" id=\"ct_checkjs_cf7_389bc7bb1e1c2a5e7e147703232a88f6\" name=\"ct_checkjs_cf7\" value=\"0\" \/><input\n                    class=\"apbct_special_field apbct_email_id__wp_contact_form_7\"\n                    name=\"apbct__email_id__wp_contact_form_7\"\n                    aria-label=\"apbct__label_id__wp_contact_form_7\"\n                    type=\"text\" size=\"30\" maxlength=\"200\" autocomplete=\"off\"\n                    value=\"\"\n                \/><p style=\"display: none !important;\" class=\"akismet-fields-container\" data-prefix=\"_wpcf7_ak_\"><label>&#916;<textarea name=\"_wpcf7_ak_hp_textarea\" cols=\"45\" rows=\"8\" maxlength=\"100\"><\/textarea><\/label><input type=\"hidden\" id=\"ak_js_1\" name=\"_wpcf7_ak_js\" value=\"78\"\/><script>document.getElementById( \"ak_js_1\" ).setAttribute( \"value\", ( new Date() ).getTime() );<\/script><\/p><div class=\"wpcf7-response-output\" aria-hidden=\"true\"><\/div>\n<\/form>\n<\/div>\n\n\t\t\t<\/div>\n\t\t\t\t<\/div>\n\t\t\t<\/div><\/p>\n","protected":false},"author":1,"featured_media":0,"parent":0,"menu_order":0,"comment_status":"closed","ping_status":"closed","template":"","meta":{"_et_pb_use_builder":"on","_et_pb_old_content":"","_et_gb_content_width":"","footnotes":""},"dipi_cpt_category":[],"class_list":["post-25805268","page","type-page","status-publish","hentry"],"yoast_head":"<!-- This site is optimized with the Yoast SEO plugin v27.4 - https:\/\/yoast.com\/product\/yoast-seo-wordpress\/ -->\n<title>Registe &#8212; Aurora Flowers<\/title>\n<meta name=\"robots\" content=\"index, follow, max-snippet:-1, max-image-preview:large, max-video-preview:-1\" \/>\n<link rel=\"canonical\" href=\"https:\/\/auroraflowers.nl\/pt-pt\/registe\/\" \/>\n<meta property=\"og:locale\" content=\"pt_PT\" \/>\n<meta property=\"og:type\" content=\"article\" \/>\n<meta property=\"og:title\" content=\"Registe &#8212; Aurora Flowers\" \/>\n<meta property=\"og:description\" content=\"Utilize o formul\u00e1rio de inscri\u00e7\u00e3o em anexo para se registar na nossa nova loja virtual.\" \/>\n<meta property=\"og:url\" content=\"https:\/\/auroraflowers.nl\/pt-pt\/registe\/\" \/>\n<meta property=\"og:site_name\" content=\"Aurora Flowers\" \/>\n<meta property=\"article:publisher\" content=\"https:\/\/business.facebook.com\/AuroraFlowersNL\/\" \/>\n<meta property=\"article:modified_time\" content=\"2026-03-30T12:57:02+00:00\" \/>\n<meta name=\"twitter:card\" content=\"summary_large_image\" \/>\n<meta name=\"twitter:label1\" content=\"Tempo estimado de leitura\" \/>\n\t<meta name=\"twitter:data1\" content=\"1 minuto\" \/>\n<script type=\"application\/ld+json\" class=\"yoast-schema-graph\">{\"@context\":\"https:\\\/\\\/schema.org\",\"@graph\":[{\"@type\":\"WebPage\",\"@id\":\"https:\\\/\\\/auroraflowers.nl\\\/pt-pt\\\/registe\\\/\",\"url\":\"https:\\\/\\\/auroraflowers.nl\\\/pt-pt\\\/registe\\\/\",\"name\":\"Registe &#8212; Aurora Flowers\",\"isPartOf\":{\"@id\":\"https:\\\/\\\/auroraflowers.nl\\\/#website\"},\"datePublished\":\"2026-03-09T13:29:56+00:00\",\"dateModified\":\"2026-03-30T12:57:02+00:00\",\"breadcrumb\":{\"@id\":\"https:\\\/\\\/auroraflowers.nl\\\/pt-pt\\\/registe\\\/#breadcrumb\"},\"inLanguage\":\"pt-PT\",\"potentialAction\":[{\"@type\":\"ReadAction\",\"target\":[\"https:\\\/\\\/auroraflowers.nl\\\/pt-pt\\\/registe\\\/\"]}]},{\"@type\":\"BreadcrumbList\",\"@id\":\"https:\\\/\\\/auroraflowers.nl\\\/pt-pt\\\/registe\\\/#breadcrumb\",\"itemListElement\":[{\"@type\":\"ListItem\",\"position\":1,\"name\":\"Home\",\"item\":\"https:\\\/\\\/auroraflowers.nl\\\/pt-pt\\\/\"},{\"@type\":\"ListItem\",\"position\":2,\"name\":\"Registe\"}]},{\"@type\":\"WebSite\",\"@id\":\"https:\\\/\\\/auroraflowers.nl\\\/#website\",\"url\":\"https:\\\/\\\/auroraflowers.nl\\\/\",\"name\":\"Aurora Flowers\",\"description\":\"Flowers and Plants from The Netherlands\",\"potentialAction\":[{\"@type\":\"SearchAction\",\"target\":{\"@type\":\"EntryPoint\",\"urlTemplate\":\"https:\\\/\\\/auroraflowers.nl\\\/?s={search_term_string}\"},\"query-input\":{\"@type\":\"PropertyValueSpecification\",\"valueRequired\":true,\"valueName\":\"search_term_string\"}}],\"inLanguage\":\"pt-PT\"}]}<\/script>\n<!-- \/ Yoast SEO plugin. -->","yoast_head_json":{"title":"Registe &#8212; Aurora Flowers","robots":{"index":"index","follow":"follow","max-snippet":"max-snippet:-1","max-image-preview":"max-image-preview:large","max-video-preview":"max-video-preview:-1"},"canonical":"https:\/\/auroraflowers.nl\/pt-pt\/registe\/","og_locale":"pt_PT","og_type":"article","og_title":"Registe &#8212; Aurora Flowers","og_description":"Utilize o formul\u00e1rio de inscri\u00e7\u00e3o em anexo para se registar na nossa nova loja virtual.","og_url":"https:\/\/auroraflowers.nl\/pt-pt\/registe\/","og_site_name":"Aurora Flowers","article_publisher":"https:\/\/business.facebook.com\/AuroraFlowersNL\/","article_modified_time":"2026-03-30T12:57:02+00:00","twitter_card":"summary_large_image","twitter_misc":{"Tempo estimado de leitura":"1 minuto"},"schema":{"@context":"https:\/\/schema.org","@graph":[{"@type":"WebPage","@id":"https:\/\/auroraflowers.nl\/pt-pt\/registe\/","url":"https:\/\/auroraflowers.nl\/pt-pt\/registe\/","name":"Registe &#8212; Aurora Flowers","isPartOf":{"@id":"https:\/\/auroraflowers.nl\/#website"},"datePublished":"2026-03-09T13:29:56+00:00","dateModified":"2026-03-30T12:57:02+00:00","breadcrumb":{"@id":"https:\/\/auroraflowers.nl\/pt-pt\/registe\/#breadcrumb"},"inLanguage":"pt-PT","potentialAction":[{"@type":"ReadAction","target":["https:\/\/auroraflowers.nl\/pt-pt\/registe\/"]}]},{"@type":"BreadcrumbList","@id":"https:\/\/auroraflowers.nl\/pt-pt\/registe\/#breadcrumb","itemListElement":[{"@type":"ListItem","position":1,"name":"Home","item":"https:\/\/auroraflowers.nl\/pt-pt\/"},{"@type":"ListItem","position":2,"name":"Registe"}]},{"@type":"WebSite","@id":"https:\/\/auroraflowers.nl\/#website","url":"https:\/\/auroraflowers.nl\/","name":"Aurora Flowers","description":"Flowers and Plants from The Netherlands","potentialAction":[{"@type":"SearchAction","target":{"@type":"EntryPoint","urlTemplate":"https:\/\/auroraflowers.nl\/?s={search_term_string}"},"query-input":{"@type":"PropertyValueSpecification","valueRequired":true,"valueName":"search_term_string"}}],"inLanguage":"pt-PT"}]}},"_links":{"self":[{"href":"https:\/\/auroraflowers.nl\/pt-pt\/wp-json\/wp\/v2\/pages\/25805268","targetHints":{"allow":["GET"]}}],"collection":[{"href":"https:\/\/auroraflowers.nl\/pt-pt\/wp-json\/wp\/v2\/pages"}],"about":[{"href":"https:\/\/auroraflowers.nl\/pt-pt\/wp-json\/wp\/v2\/types\/page"}],"author":[{"embeddable":true,"href":"https:\/\/auroraflowers.nl\/pt-pt\/wp-json\/wp\/v2\/users\/1"}],"replies":[{"embeddable":true,"href":"https:\/\/auroraflowers.nl\/pt-pt\/wp-json\/wp\/v2\/comments?post=25805268"}],"version-history":[{"count":5,"href":"https:\/\/auroraflowers.nl\/pt-pt\/wp-json\/wp\/v2\/pages\/25805268\/revisions"}],"predecessor-version":[{"id":25805469,"href":"https:\/\/auroraflowers.nl\/pt-pt\/wp-json\/wp\/v2\/pages\/25805268\/revisions\/25805469"}],"wp:attachment":[{"href":"https:\/\/auroraflowers.nl\/pt-pt\/wp-json\/wp\/v2\/media?parent=25805268"}],"wp:term":[{"taxonomy":"dipi_cpt_category","embeddable":true,"href":"https:\/\/auroraflowers.nl\/pt-pt\/wp-json\/wp\/v2\/dipi_cpt_category?post=25805268"}],"curies":[{"name":"wp","href":"https:\/\/api.w.org\/{rel}","templated":true}]}}