{"id":26156,"date":"2018-04-25T14:31:17","date_gmt":"2018-04-25T14:31:17","guid":{"rendered":"http:\/\/auroraflowers.nl\/privacy-statement\/"},"modified":"2018-06-08T14:47:13","modified_gmt":"2018-06-08T14:47:13","slug":"declaracion-de-privacidad","status":"publish","type":"page","link":"https:\/\/auroraflowers.nl\/es\/declaracion-de-privacidad\/","title":{"rendered":"Declaraci\u00f3n de privacidad"},"content":{"rendered":"<p>[et_pb_section bb_built=\u00bb1&#8243; specialty=\u00bboff\u00bb _builder_version=\u00bb3.1.1&#8243; background_image=\u00bbhttps:\/\/auroraflowers.nl\/website\/wp-content\/uploads\/2018\/04\/roze-rozen-Aurora-Flowers-w.jpg\u00bb background_position=\u00bbtop_center\u00bb custom_padding=\u00bb10px|0px|0px|10px\u00bb next_background_color=\u00bb#ffffff\u00bb][et_pb_row _builder_version=\u00bb3.0.86&#8243; background_color_3=\u00bbrgba(244,244,244,0.86)\u00bb make_fullwidth=\u00bbon\u00bb use_custom_gutter=\u00bbon\u00bb gutter_width=\u00bb1&#8243; custom_padding=\u00bb0px|0px|0px|0px\u00bb][et_pb_column type=\u00bb1_3&#8243;][\/et_pb_column][et_pb_column type=\u00bb1_3&#8243;][et_pb_button admin_label=\u00bbKnop contact\u00bb button_url=\u00bbhttps:\/\/auroraflowers.nl\/es\/contacto\/\u00bb url_new_window=\u00bboff\u00bb button_text=\u00bbCONTACTO\u00bb button_alignment=\u00bbright\u00bb background_layout=\u00bblight\u00bb custom_button=\u00bbon\u00bb button_text_color=\u00bb#ffdd00&#8243; button_bg_color=\u00bb#00165b\u00bb button_icon=\u00bb%%24%%\u00bb button_icon_placement=\u00bbright\u00bb button_on_hover=\u00bboff\u00bb button_text_color_hover=\u00bb#014587&#8243; button_bg_color_hover=\u00bb#ffdd00&#8243; button_border_color=\u00bb#00165b\u00bb button_icon_color=\u00bb#ffdd00&#8243; button_border_color_hover=\u00bb#ffdd00&#8243; saved_tabs=\u00bball\u00bb _builder_version=\u00bb3.0.86&#8243; \/][\/et_pb_column][et_pb_column type=\u00bb1_3&#8243;][et_pb_text admin_label=\u00bbTekst TITEL\u00bb text_orientation=\u00bbcenter\u00bb text_font=\u00bbPlayfair Display|on|||\u00bb text_font_size=\u00bb38&#8243; text_text_color=\u00bb#013366&#8243; text_letter_spacing=\u00bb2px\u00bb text_line_height=\u00bb1.8em\u00bb custom_margin=\u00bb30px|30px|30px|30px\u00bb disabled=\u00bboff\u00bb module_alignment=\u00bbcenter\u00bb background_position=\u00bbtop_left\u00bb background_repeat=\u00bbrepeat\u00bb background_size=\u00bbinitial\u00bb _builder_version=\u00bb3.1.1&#8243; saved_tabs=\u00bball\u00bb]<\/p>\n<p><strong>DECLARACI\u00d3N DE PRIVACIDAD DE AURORA FLOWERS B.V. <\/strong><\/p>\n<p>[\/et_pb_text][et_pb_text admin_label=\u00bbTekst privacy\u00bb text_orientation=\u00bbcenter\u00bb text_font_size=\u00bb18&#8243; text_text_color=\u00bb#013366&#8243; text_line_height=\u00bb1.8em\u00bb custom_margin=\u00bb15px|30px||30px\u00bb disabled=\u00bboff\u00bb module_alignment=\u00bbcenter\u00bb background_position=\u00bbtop_left\u00bb background_repeat=\u00bbrepeat\u00bb background_size=\u00bbinitial\u00bb _builder_version=\u00bb3.1.1&#8243; saved_tabs=\u00bball\u00bb]<\/p>\n<p><strong>Aurora Flowers B.V. es responsable del tratamiento de datos de car\u00e1cter personal como descrito en esta declaraci\u00f3n de privacidad.<\/strong><\/p>\n<p>[\/et_pb_text][et_pb_button admin_label=\u00bbKnop over ons\u00bb button_url=\u00bb#privacy\u00bb button_text=\u00bbP\u00d3NGASE EN CONTACTO\u00bb button_alignment=\u00bbleft\u00bb custom_button=\u00bbon\u00bb button_text_color=\u00bb#ffdd00&#8243; button_bg_color=\u00bb#00165b\u00bb button_icon=\u00bb%%24%%\u00bb button_on_hover=\u00bboff\u00bb button_text_color_hover=\u00bb#014587&#8243; button_bg_color_hover=\u00bb#ffdd00&#8243; button_border_color=\u00bb#00165b\u00bb button_icon_color=\u00bb#ffdd00&#8243; button_border_color_hover=\u00bb#ffdd00&#8243; saved_tabs=\u00bball\u00bb _builder_version=\u00bb3.1.1&#8243; \/][\/et_pb_column][\/et_pb_row][\/et_pb_section][et_pb_section bb_built=\u00bb1&#8243; fullwidth=\u00bboff\u00bb specialty=\u00bboff\u00bb prev_background_color=\u00bb#000000&#8243;][et_pb_row _builder_version=\u00bb3.1.1&#8243; module_id=\u00bbprivacy\u00bb][et_pb_column type=\u00bb4_4&#8243;][et_pb_text _builder_version=\u00bb3.6&#8243; link_font=\u00bb|700|||on||||\u00bb]<\/p>\n<p>Aurora Flowers B.V. establecida en Venus 181 2675 LN Honselersdijk, es responsable del tratamiento de datos de car\u00e1cter personal como descrito en esta declaraci\u00f3n de privacidad.<\/p>\n<p>&nbsp;<\/p>\n<p><strong>Datos de contacto: <\/strong><\/p>\n<p>P\u00e1gina web: <a href=\"https:\/\/auroraflowers.nl\/\">https:\/\/auroraflowers.nl\/<\/a><\/p>\n<p>Tienda online: <a href=\"https:\/\/aurora.floradirect.net\/\">https:\/\/aurora.floradirect.net\/<\/a><\/p>\n<p>Venus 181<\/p>\n<p>2675 LN Honselersdijk<\/p>\n<p>+31 174 638720<\/p>\n<p>Don G.J. Platteschor es el Delegado para la Protecci\u00f3n de Datos de la empresa Aurora Flowers B.V. Puede ponerse en contacto con \u00e9l en la direcci\u00f3n de correo electr\u00f3nico: <a href=\"mailto:info@auroraflowers.nl\">info@auroraflowers.nl<\/a><\/p>\n<p>&nbsp;<\/p>\n<p><strong>\u00bfQu\u00e9 datos personales tratamos?<\/strong><\/p>\n<p>Porque Ud. hace uso de nuestros servicios y\/o porque Ud. mismo nos ha proporcionado sus datos, Aurora Flowers B.V. trata sus datos personales. A continuaci\u00f3n, encuentra una relaci\u00f3n de los datos que tratamos:<\/p>\n<ul>\n<li>Nombre y apellidos;<\/li>\n<li>Direcciones;<\/li>\n<li>N\u00fameros de tel\u00e9fono;<\/li>\n<li>Direcciones de correo electr\u00f3nico;<\/li>\n<li>Direcciones de IP;<\/li>\n<li>Otros datos personales que Ud. nos ha proporcionado activa- y voluntariamente, por ejemplo, al abrir una cuenta (de prueba) en nuestra tienda online, por correspondencia o por tel\u00e9fono;<\/li>\n<li>Datos de localizaci\u00f3n;<\/li>\n<li>Datos sobre sus actividades en nuestra p\u00e1gina web;<\/li>\n<li>Datos sobre su navegador de internet y el tipo de aparato;<\/li>\n<li>N\u00famero IBAN y\/o c\u00f3digo BIC;<\/li>\n<li>N\u00famero fiscal.<\/li>\n<\/ul>\n<p>&nbsp;<\/p>\n<p><strong>Datos personales excepcionales y\/o de alta sensibilidad<\/strong><\/p>\n<p>Nuestra p\u00e1gina web y\/o nuestros servicios no tienen la intenci\u00f3n de recopilar datos de visitantes de nuestra p\u00e1gina web que sean menores de 16 a\u00f1os, a menos que se haya otorgado el consentimiento por los padres o tutores legales. Sin embargo, no podemos comprobar si un visitante de la p\u00e1gina web es mayor de 16 a\u00f1os. Aconsejamos a los padres que vigilen las actividades de sus hijos menores en internet, para que, de esa manera, se impida que datos de menores sean recopilen sin el permiso paterno. \u00a0Si est\u00e1 convencido de que hemos recopilado datos personales de un menor sin permiso, por favor, p\u00f3ngase en contacto con nosotros enviando un correo electr\u00f3nico a: <a href=\"mailto:info@auroraflowers.nl\">info@auroraflowers.nl<\/a>, y nos encargaremos de eliminar esta informaci\u00f3n.<\/p>\n<p>&nbsp;<\/p>\n<p><strong>\u00bfCu\u00e1l es el fin y en base a qu\u00e9 principio tratamos datos personales?<\/strong><\/p>\n<p>Aurora Flowers B.V. trata sus datos personales para los siguientes fines:<\/p>\n<ul>\n<li>Gestionar pagos que Ud. realice<\/li>\n<li>Enviar de boletines de noticias y\/o publicidad;<\/li>\n<li>En el caso de que sea necesario para proporcionarle nuestros servicios, poder ponernos en contacto con Ud. ya por tel\u00e9fono, ya por correo electr\u00f3nico;<\/li>\n<li>Informarle de cambios o modificaciones en nuestros productos o servicios;<\/li>\n<li>Ofrecerle la posibilidad de abrir una cuenta;<\/li>\n<li>Suministrarle bienes o servicios;<\/li>\n<li>Aurora Flowers B.V. analiza su comportamiento en nuestra p\u00e1gina web para mejorar la misma y para adaptar nuestra oferta de productos y servicios a sus preferencias;<\/li>\n<li>Aurora Flowers B.V. trata tambi\u00e9n datos personales atendiendo a las obligaciones que la ley nos impone, por ejemplo, el tratamiento de datos que sea necesario para realizar nuestras declaraciones de impuestos.<\/li>\n<\/ul>\n<p>&nbsp;<\/p>\n<p><strong>Decisi\u00f3n automatizada<\/strong><\/p>\n<p>Aurora Flowers B.V. no toma decisiones en base a decisiones automatizadas sobre asuntos que puedan tener consecuencias (considerables) para personas. \u00a0Como decisiones automatizadas se entienden decisiones que son tomadas por programas de ordenador o sistemas inform\u00e1ticos sin la intervenci\u00f3n humana (por ejemplo, sin la intervenci\u00f3n de un empleado de Aurora Flowers B.V.).<\/p>\n<p>Aurora Flowers B.V. utiliza los siguientes programas de ordenador o sistemas inform\u00e1ticos:<\/p>\n<ul>\n<li>Unit 4<\/li>\n<li>WordPress<\/li>\n<li>Advert<\/li>\n<li>Mailchimp<\/li>\n<\/ul>\n<p>&nbsp;<\/p>\n<p><strong>\u00bfDurante cu\u00e1nto tiempo se guardan sus datos personales?<\/strong><\/p>\n<p>Aurora Flowers B.V. no guarda sus datos personales por m\u00e1s tiempo que el estrictamente necesario para conseguir la finalidad para la cual son recopilados.<\/p>\n<p>Se conservan por un t\u00e9rmino de 7 a\u00f1os, conforme al plazo para su conservaci\u00f3n vigente exigido por la Agencia Tributaria holandesa, los siguientes datos de los clientes que hacen\/ han hecho uso de nuestros servicios:<\/p>\n<ul>\n<li>Nombre y apellidos;<\/li>\n<li>Direcciones;<\/li>\n<li>N\u00fameros de tel\u00e9fono;<\/li>\n<li>Direcciones de correo electr\u00f3nico;<\/li>\n<li>IBAN y \/o c\u00f3digo BIC;<\/li>\n<li>N\u00famero fiscal.<\/li>\n<\/ul>\n<p>&nbsp;<\/p>\n<p><strong>Transferencia de datos personales a terceros<\/strong><\/p>\n<p>Aurora Flowers B.V. transfiere sus datos personales a terceros si tal transferencia es necesaria para el cumplimiento del contrato y para cumplir con las eventuales obligaciones legales. Suscribimos contratos de tratamiento de datos con empresas que tramitan sus datos a nuestra petici\u00f3n, para salvaguardar que se mantenga el mismo nivel de seguridad y confidencialidad de sus datos. Aurora Flowers B.V. contin\u00faa siendo responsable de este tratamiento de datos.<\/p>\n<p>&nbsp;<\/p>\n<p><strong>Cookies o t\u00e9cnicas similares que utilizamos<\/strong><\/p>\n<p>Aurora Flowers B.V. solamente utiliza cookies t\u00e9cnicas, funcionales y cookies anal\u00edticas que no representan una violaci\u00f3n a su intimidad. Una cookie es un peque\u00f1o archivo de datos que en la primera visita a esta p\u00e1gina web se almacena en su ordenador, tableta o tel\u00e9fono inteligente. Las cookies que utilizamos son necesarias para el funcionamiento t\u00e9cnico de la p\u00e1gina web y la comodidad en su uso. Se ocupan, por ello de que la p\u00e1gina web funcione debidamente y, por ejemplo, recuerdan sus preferencias de usuario. Tambi\u00e9n podemos optimalizar nuestra p\u00e1gina web haciendo uso de ellas. Puede borrar las cookies si configura su navegador de internet de manera que este no siga almacenando estas cookies. Adem\u00e1s, puede borrar toda la informaci\u00f3n que ha sido almacenada con anterioridad a trav\u00e9s de los ajustes en su browser.<\/p>\n<p>&nbsp;<\/p>\n<p><strong>Derecho de acceso, rectificaci\u00f3n o cancelaci\u00f3n de datos<\/strong><\/p>\n<p>Usted tiene derecho a acceder a sus datos, a que se rectifiquen o que se supriman. Adem\u00e1s, tiene derecho a revocar el consentimiento que eventualmente concedi\u00f3 para tratar sus datos u oponerse a que Aurora Flowers B.V. los tramite y tiene derecho a la transferibilidad de sus datos. Esto significa que puede hacernos llegar una solicitud para que le enviemos a Ud. o a otra, organizaci\u00f3n que usted nos indique, los datos que dispongamos de usted en un archivo computarizado. Igualmente, puede hacernos llegar una solicitud de acceso, rectificaci\u00f3n o transferencia de sus datos personales o su revocaci\u00f3n de consentimiento u oposici\u00f3n al trato de sus datos envi\u00e1ndola a: <a href=\"mailto:Info@auroraflowers.nl\"><u>Info@auroraflowers.nl<\/u>\u00a0<\/a><\/p>\n<p>Para asegurarnos de que la solicitud de acceso a sus datos ha sido realizada por Ud., le rogamos que env\u00ede junto con tal solicitud, una copia de su documento de identidad. En tal copia haga ilegible ocultando en negro su foto, su MRZ (machine<em> readable zone<\/em>, es decir la franja de n\u00fameros al pie de su pasaporte), su n\u00famero de pasaporte y su N\u00famero de identidad fiscal. Todo ello con el fin de proteger su intimidad. Le responderemos a la mayor brevedad, ya bien dentro de las cuatro semanas siguientes a la fecha de su petici\u00f3n. As\u00ed mismo, Aurora Flowers B.V. pone en su conocimiento que Ud. puede hacer uso de la posibilidad de presentar una queja ante los organismos nacionales holandeses de control, Autoriteit Persoonsgegevens.<\/p>\n<p><strong>Puede utilizar el siguiente enlace:<\/strong><\/p>\n<p><a href=\"https:\/\/autoriteitpersoonsgegevens.nl\/nl\/contact-met-de-autoriteit-persoonsgegevens\/tip-ons\">https:\/\/autoriteitpersoonsgegevens.nl\/nl\/contact-met-de-autoriteit-persoonsgegevens\/tip-ons<\/a><\/p>\n<p>&nbsp;<\/p>\n<p><strong>\u00bfC\u00f3mo protegemos datos personales?<\/strong><\/p>\n<p>Aurora Flowers B.V. se preocupa seriamente de la protecci\u00f3n de sus datos personales y toma las medidas adecuadas para combatir el abuso, perdida, acceso no autorizado, publicidad indeseada y modificaci\u00f3n il\u00edcita de datos. Si considera que sus datos no est\u00e1n lo suficientemente protegidos o existen se\u00f1ales de abuso, tome contacto con nosotros en la direcci\u00f3n de correo electr\u00f3nico: <a href=\"mailto:info@auroraflowers.nl\"><u>Info@auroraflowers.nl.<\/u><\/a><\/p>\n<p>[\/et_pb_text][\/et_pb_column][\/et_pb_row][\/et_pb_section]<\/p>\n","protected":false},"excerpt":{"rendered":"<p>DECLARACI\u00d3N DE PRIVACIDAD DE AURORA FLOWERS B.V. Aurora Flowers B.V. es responsable del tratamiento de datos de car\u00e1cter personal como descrito en esta declaraci\u00f3n de privacidad. Aurora Flowers B.V. establecida en Venus 181 2675 LN Honselersdijk, es responsable del tratamiento de datos de car\u00e1cter personal como descrito en esta declaraci\u00f3n de privacidad. &nbsp; Datos de [&hellip;]<\/p>\n","protected":false},"author":1,"featured_media":0,"parent":0,"menu_order":0,"comment_status":"closed","ping_status":"closed","template":"","meta":{"_et_pb_use_builder":"on","_et_pb_old_content":"","_et_gb_content_width":"","footnotes":""},"dipi_cpt_category":[],"class_list":["post-26156","page","type-page","status-publish","hentry"],"yoast_head":"<!-- This site is optimized with the Yoast SEO plugin v27.4 - https:\/\/yoast.com\/product\/yoast-seo-wordpress\/ -->\n<title>Declaraci\u00f3n de privacidad &#8212; Aurora Flowers<\/title>\n<meta name=\"robots\" content=\"index, follow, max-snippet:-1, max-image-preview:large, max-video-preview:-1\" \/>\n<link rel=\"canonical\" href=\"https:\/\/auroraflowers.nl\/es\/declaracion-de-privacidad\/\" \/>\n<meta property=\"og:locale\" content=\"es_ES\" \/>\n<meta property=\"og:type\" content=\"article\" \/>\n<meta property=\"og:title\" content=\"Declaraci\u00f3n de privacidad &#8212; Aurora Flowers\" \/>\n<meta property=\"og:description\" content=\"DECLARACI\u00d3N DE PRIVACIDAD DE AURORA FLOWERS B.V. Aurora Flowers B.V. es responsable del tratamiento de datos de car\u00e1cter personal como descrito en esta declaraci\u00f3n de privacidad. Aurora Flowers B.V. establecida en Venus 181 2675 LN Honselersdijk, es responsable del tratamiento de datos de car\u00e1cter personal como descrito en esta declaraci\u00f3n de privacidad. &nbsp; Datos de [&hellip;]\" \/>\n<meta property=\"og:url\" content=\"https:\/\/auroraflowers.nl\/es\/declaracion-de-privacidad\/\" \/>\n<meta property=\"og:site_name\" content=\"Aurora Flowers\" \/>\n<meta property=\"article:publisher\" content=\"https:\/\/business.facebook.com\/AuroraFlowersNL\/\" \/>\n<meta property=\"article:modified_time\" content=\"2018-06-08T14:47:13+00:00\" \/>\n<meta name=\"twitter:card\" content=\"summary_large_image\" \/>\n<meta name=\"twitter:label1\" content=\"Tiempo de lectura\" \/>\n\t<meta name=\"twitter:data1\" content=\"8 minutos\" \/>\n<script type=\"application\/ld+json\" class=\"yoast-schema-graph\">{\"@context\":\"https:\\\/\\\/schema.org\",\"@graph\":[{\"@type\":\"WebPage\",\"@id\":\"https:\\\/\\\/auroraflowers.nl\\\/es\\\/declaracion-de-privacidad\\\/\",\"url\":\"https:\\\/\\\/auroraflowers.nl\\\/es\\\/declaracion-de-privacidad\\\/\",\"name\":\"Declaraci\u00f3n de privacidad &#8212; Aurora Flowers\",\"isPartOf\":{\"@id\":\"https:\\\/\\\/auroraflowers.nl\\\/#website\"},\"datePublished\":\"2018-04-25T14:31:17+00:00\",\"dateModified\":\"2018-06-08T14:47:13+00:00\",\"breadcrumb\":{\"@id\":\"https:\\\/\\\/auroraflowers.nl\\\/es\\\/declaracion-de-privacidad\\\/#breadcrumb\"},\"inLanguage\":\"es\",\"potentialAction\":[{\"@type\":\"ReadAction\",\"target\":[\"https:\\\/\\\/auroraflowers.nl\\\/es\\\/declaracion-de-privacidad\\\/\"]}]},{\"@type\":\"BreadcrumbList\",\"@id\":\"https:\\\/\\\/auroraflowers.nl\\\/es\\\/declaracion-de-privacidad\\\/#breadcrumb\",\"itemListElement\":[{\"@type\":\"ListItem\",\"position\":1,\"name\":\"Home\",\"item\":\"https:\\\/\\\/auroraflowers.nl\\\/es\\\/\"},{\"@type\":\"ListItem\",\"position\":2,\"name\":\"Declaraci\u00f3n de privacidad\"}]},{\"@type\":\"WebSite\",\"@id\":\"https:\\\/\\\/auroraflowers.nl\\\/#website\",\"url\":\"https:\\\/\\\/auroraflowers.nl\\\/\",\"name\":\"Aurora Flowers\",\"description\":\"Flowers and Plants from The Netherlands\",\"potentialAction\":[{\"@type\":\"SearchAction\",\"target\":{\"@type\":\"EntryPoint\",\"urlTemplate\":\"https:\\\/\\\/auroraflowers.nl\\\/?s={search_term_string}\"},\"query-input\":{\"@type\":\"PropertyValueSpecification\",\"valueRequired\":true,\"valueName\":\"search_term_string\"}}],\"inLanguage\":\"es\"}]}<\/script>\n<!-- \/ Yoast SEO plugin. -->","yoast_head_json":{"title":"Declaraci\u00f3n de privacidad &#8212; Aurora Flowers","robots":{"index":"index","follow":"follow","max-snippet":"max-snippet:-1","max-image-preview":"max-image-preview:large","max-video-preview":"max-video-preview:-1"},"canonical":"https:\/\/auroraflowers.nl\/es\/declaracion-de-privacidad\/","og_locale":"es_ES","og_type":"article","og_title":"Declaraci\u00f3n de privacidad &#8212; Aurora Flowers","og_description":"DECLARACI\u00d3N DE PRIVACIDAD DE AURORA FLOWERS B.V. Aurora Flowers B.V. es responsable del tratamiento de datos de car\u00e1cter personal como descrito en esta declaraci\u00f3n de privacidad. Aurora Flowers B.V. establecida en Venus 181 2675 LN Honselersdijk, es responsable del tratamiento de datos de car\u00e1cter personal como descrito en esta declaraci\u00f3n de privacidad. &nbsp; Datos de [&hellip;]","og_url":"https:\/\/auroraflowers.nl\/es\/declaracion-de-privacidad\/","og_site_name":"Aurora Flowers","article_publisher":"https:\/\/business.facebook.com\/AuroraFlowersNL\/","article_modified_time":"2018-06-08T14:47:13+00:00","twitter_card":"summary_large_image","twitter_misc":{"Tiempo de lectura":"8 minutos"},"schema":{"@context":"https:\/\/schema.org","@graph":[{"@type":"WebPage","@id":"https:\/\/auroraflowers.nl\/es\/declaracion-de-privacidad\/","url":"https:\/\/auroraflowers.nl\/es\/declaracion-de-privacidad\/","name":"Declaraci\u00f3n de privacidad &#8212; Aurora Flowers","isPartOf":{"@id":"https:\/\/auroraflowers.nl\/#website"},"datePublished":"2018-04-25T14:31:17+00:00","dateModified":"2018-06-08T14:47:13+00:00","breadcrumb":{"@id":"https:\/\/auroraflowers.nl\/es\/declaracion-de-privacidad\/#breadcrumb"},"inLanguage":"es","potentialAction":[{"@type":"ReadAction","target":["https:\/\/auroraflowers.nl\/es\/declaracion-de-privacidad\/"]}]},{"@type":"BreadcrumbList","@id":"https:\/\/auroraflowers.nl\/es\/declaracion-de-privacidad\/#breadcrumb","itemListElement":[{"@type":"ListItem","position":1,"name":"Home","item":"https:\/\/auroraflowers.nl\/es\/"},{"@type":"ListItem","position":2,"name":"Declaraci\u00f3n de privacidad"}]},{"@type":"WebSite","@id":"https:\/\/auroraflowers.nl\/#website","url":"https:\/\/auroraflowers.nl\/","name":"Aurora Flowers","description":"Flowers and Plants from The Netherlands","potentialAction":[{"@type":"SearchAction","target":{"@type":"EntryPoint","urlTemplate":"https:\/\/auroraflowers.nl\/?s={search_term_string}"},"query-input":{"@type":"PropertyValueSpecification","valueRequired":true,"valueName":"search_term_string"}}],"inLanguage":"es"}]}},"_links":{"self":[{"href":"https:\/\/auroraflowers.nl\/es\/wp-json\/wp\/v2\/pages\/26156","targetHints":{"allow":["GET"]}}],"collection":[{"href":"https:\/\/auroraflowers.nl\/es\/wp-json\/wp\/v2\/pages"}],"about":[{"href":"https:\/\/auroraflowers.nl\/es\/wp-json\/wp\/v2\/types\/page"}],"author":[{"embeddable":true,"href":"https:\/\/auroraflowers.nl\/es\/wp-json\/wp\/v2\/users\/1"}],"replies":[{"embeddable":true,"href":"https:\/\/auroraflowers.nl\/es\/wp-json\/wp\/v2\/comments?post=26156"}],"version-history":[{"count":5,"href":"https:\/\/auroraflowers.nl\/es\/wp-json\/wp\/v2\/pages\/26156\/revisions"}],"predecessor-version":[{"id":26223,"href":"https:\/\/auroraflowers.nl\/es\/wp-json\/wp\/v2\/pages\/26156\/revisions\/26223"}],"wp:attachment":[{"href":"https:\/\/auroraflowers.nl\/es\/wp-json\/wp\/v2\/media?parent=26156"}],"wp:term":[{"taxonomy":"dipi_cpt_category","embeddable":true,"href":"https:\/\/auroraflowers.nl\/es\/wp-json\/wp\/v2\/dipi_cpt_category?post=26156"}],"curies":[{"name":"wp","href":"https:\/\/api.w.org\/{rel}","templated":true}]}}