{"id":25802867,"date":"2025-02-20T16:10:13","date_gmt":"2025-02-20T16:10:13","guid":{"rendered":"https:\/\/auroraflowers.nl\/blogs\/"},"modified":"2025-02-20T16:30:22","modified_gmt":"2025-02-20T16:30:22","slug":"blogsoud","status":"publish","type":"page","link":"https:\/\/auroraflowers.nl\/es\/blogsoud\/","title":{"rendered":"BLOGSoud"},"content":{"rendered":"<p>[et_pb_section fb_built=\u00bb1&#8243; admin_label=\u00bbsection\u00bb _builder_version=\u00bb4.27.4&#8243; background_image=\u00bbhttps:\/\/auroraflowers.nl\/wp-content\/uploads\/2023\/06\/header-groepsfoto-Aurora-Flowers-per-2022.jpg\u00bb custom_padding=\u00bb36vh||||false|false\u00bb global_colors_info=\u00bb{}\u00bb][\/et_pb_section][et_pb_section fb_built=\u00bb1&#8243; _builder_version=\u00bb4.21.0&#8243; _module_preset=\u00bbdefault\u00bb background_color=\u00bb#000456&#8243; custom_padding=\u00bb0px||0px||true|false\u00bb global_colors_info=\u00bb{}\u00bb][et_pb_row _builder_version=\u00bb4.21.0&#8243; _module_preset=\u00bbdefault\u00bb global_colors_info=\u00bb{}\u00bb][et_pb_column type=\u00bb4_4&#8243; _builder_version=\u00bb4.21.0&#8243; _module_preset=\u00bbdefault\u00bb global_colors_info=\u00bb{}\u00bb][et_pb_text _builder_version=\u00bb4.27.4&#8243; _module_preset=\u00bbdefault\u00bb header_text_color=\u00bb#FFFFFF\u00bb header_font_size=\u00bb40px\u00bb header_line_height=\u00bb1.5em\u00bb header_2_text_color=\u00bb#FFFFFF\u00bb header_2_line_height=\u00bb1.5em\u00bb background_color=\u00bbRGBA(255,255,255,0)\u00bb header_2_font_size_tablet=\u00bb\u00bb header_2_font_size_phone=\u00bb22px\u00bb header_2_font_size_last_edited=\u00bbon|phone\u00bb global_colors_info=\u00bb{}\u00bb]<\/p>\n<h1 style=\"text-align: center;\">AURORA Blogs<\/h1>\n<p>[\/et_pb_text][\/et_pb_column][\/et_pb_row][\/et_pb_section][et_pb_section fb_built=\u00bb1&#8243; custom_padding_last_edited=\u00bbon|phone\u00bb _builder_version=\u00bb4.23.2&#8243; background_color=\u00bb#ffffff\u00bb background_image=\u00bbhttps:\/\/auroraflowers.nl\/wp-content\/uploads\/2025\/02\/diro-pattern-02.png\u00bb background_size=\u00bbcontain\u00bb custom_padding=\u00bb100px||100px||false|false\u00bb custom_padding_tablet=\u00bb60px||60px||false|false\u00bb custom_padding_phone=\u00bb\u00bb global_colors_info=\u00bb{}\u00bb][et_pb_row _builder_version=\u00bb4.27.4&#8243; width=\u00bb100%\u00bb max_width=\u00bb1500px\u00bb module_alignment=\u00bbcenter\u00bb custom_padding=\u00bb10px|||||\u00bb global_colors_info=\u00bb{}\u00bb][et_pb_column type=\u00bb4_4&#8243; _builder_version=\u00bb4.16&#8243; global_colors_info=\u00bb{}\u00bb][dipi_blog_slider include_categories=\u00bb92,91&#8243; use_thumbnail_height=\u00bbon\u00bb thumbnail_height=\u00bb290px\u00bb excerpt_length=\u00bb180&#8243; show_more=\u00bbon\u00bb show_more_text=\u00bbLees meer\u00bb show_author=\u00bboff\u00bb date_circle_color=\u00bb#FFFFFF\u00bb columns=\u00bb3&#8243; loop=\u00bbon\u00bb autoplay=\u00bbon\u00bb navigation=\u00bbon\u00bb pagination=\u00bbon\u00bb navigation_prev_icon_yn=\u00bbon\u00bb navigation_prev_icon=\u00bb&#x23;||divi||400&#8243; navigation_next_icon_yn=\u00bbon\u00bb navigation_next_icon=\u00bb&#x24;||divi||400&#8243; navigation_size=\u00bb30&#8243; navigation_padding=\u00bb30&#8243; navigation_color=\u00bb#000456&#8243; navigation_bg_color=\u00bb#FFDD00&#8243; pagination_color=\u00bb#15022a\u00bb pagination_active_color=\u00bb#15022a\u00bb image_animation=\u00bbzoomin\u00bb item_bg_color=\u00bb#000456&#8243; overlay_bg_use_color_gradient=\u00bbon\u00bb overlay_bg_color_gradient_stops=\u00bbrgba(10,1,1,0.13) 0%|rgba(0,4,86,0.62) 100%\u00bb overlay_bg_color_gradient_start=\u00bbrgba(10,0,0,0)\u00bb overlay_bg_color_gradient_start_position=\u00bb36%\u00bb overlay_bg_color_gradient_end=\u00bb#000000&#8243; thumbnail_height_tablet=\u00bb290px\u00bb thumbnail_height_phone=\u00bb160px\u00bb thumbnail_height_last_edited=\u00bbon|phone\u00bb columns_tablet=\u00bb1&#8243; columns_phone=\u00bb1&#8243; columns_last_edited=\u00bbon|tablet\u00bb space_between_tablet=\u00bb\u00bb space_between_phone=\u00bb50&#8243; space_between_last_edited=\u00bbon|phone\u00bb container_padding_tablet=\u00bb\u00bb container_padding_phone=\u00bb30px|0px|30px|0px|false|false\u00bb container_padding_last_edited=\u00bbon|phone\u00bb navigation_size_tablet=\u00bb30&#8243; navigation_size_phone=\u00bb20&#8243; navigation_size_last_edited=\u00bbon|phone\u00bb navigation_padding_tablet=\u00bb30&#8243; navigation_padding_phone=\u00bb25&#8243; navigation_padding_last_edited=\u00bbon|phone\u00bb navigation_position_left_tablet=\u00bb-50px\u00bb navigation_position_left_phone=\u00bb-30px\u00bb navigation_position_left_last_edited=\u00bbon|desktop\u00bb navigation_position_right_tablet=\u00bb-50px\u00bb navigation_position_right_phone=\u00bb-30px\u00bb navigation_position_right_last_edited=\u00bbon|phone\u00bb _builder_version=\u00bb4.27.4&#8243; header_font=\u00bb|700|||||||\u00bb header_text_align=\u00bbcenter\u00bb header_text_color=\u00bb#ffffff\u00bb header_font_size=\u00bb28px\u00bb header_line_height=\u00bb1.2em\u00bb body_font=\u00bbPoppins|300|||||||\u00bb body_text_align=\u00bbcenter\u00bb body_text_color=\u00bbrgba(255,255,255,0.51)\u00bb body_font_size=\u00bb15px\u00bb cat_font=\u00bbPoppins|||on|||||\u00bb cat_text_align=\u00bbcenter\u00bb cat_text_color=\u00bbrgba(255,255,255,0.4)\u00bb cat_font_size=\u00bb14px\u00bb cat_letter_spacing=\u00bb1px\u00bb date_text_color=\u00bb#000456&#8243; custom_button=\u00bbon\u00bb button_text_size=\u00bb18px\u00bb button_text_color=\u00bb#000456&#8243; button_bg_color=\u00bb#FFDD00&#8243; button_border_width=\u00bb0px\u00bb button_icon=\u00bb%%3%%\u00bb button_alignment=\u00bbcenter\u00bb header_font_size_tablet=\u00bb\u00bb header_font_size_phone=\u00bb20px\u00bb header_font_size_last_edited=\u00bbon|phone\u00bb body_font_size_tablet=\u00bb\u00bb body_font_size_phone=\u00bb14px\u00bb body_font_size_last_edited=\u00bbon|phone\u00bb custom_css_title=\u00bbmax-width: 370px;||margin: auto;\u00bb custom_css_content=\u00bbcolor: #ffffff60;\u00bb box_shadow_style_item=\u00bbpreset1&#8243; box_shadow_blur_item=\u00bb22px\u00bb box_shadow_color_item=\u00bbrgba(21,2,42,0.2)\u00bb global_colors_info=\u00bb{}\u00bb overlay_bg_color__hover_enabled=\u00bbon|hover\u00bb overlay_bg_color_gradient_start__hover=\u00bbrgba(10,0,0,0)\u00bb overlay_bg_color_gradient_direction__hover=\u00bb180deg\u00bb overlay_bg_color_gradient_start_position__hover=\u00bb50%\u00bb overlay_bg_color__hover=\u00bbrgba(0,0,0,0)\u00bb overlay_bg_enable_color__hover=\u00bbon\u00bb overlay_bg_color_gradient_overlays_image__hover=\u00bbon\u00bb overlay_bg_color_gradient_end__hover=\u00bb#000000&#8243;][\/dipi_blog_slider][\/et_pb_column][\/et_pb_row][\/et_pb_section]<\/p>\n","protected":false},"excerpt":{"rendered":"<p>AURORA Blogs<div class=\"et_pb_module dipi_blog_slider dipi_blog_slider_0\">\n\t\t\t\t\n\t\t\t\t\n\t\t\t\t\n\t\t\t\t\n\t\t\t\t\n\t\t\t\t\n\t\t\t\t<div class=\"et_pb_module_inner\">\n\t\t\t\t\t\n\t\t    <div class=\"dipi-blog-slider-main preloading\" \n\t\t    data-columnsphone=\"\u00bb1&#8243;\"\n\t\t    data-columnstablet=\"\u00bb1&#8243;\"\n\t\t    data-columnsdesktop=\"\u00bb3&#8243;\"\n\t\t    data-spacebetween=\"50\"\n\t\t    data-loop=\"\u00bbon\u00bb\"\n\t\t    data-speed=\"500\"\n\t\t    data-navigation=\"\u00bbon\u00bb\"\n\t\t    data-pagination=\"\u00bbon\u00bb\"\n\t\t    data-autoplay=\"\u00bbon\u00bb\"\n\t\t    data-autoplayspeed=\"5000\"\n\t\t    data-pauseonhover=\"on\"\n\t\t    data-effect=\"slide\"\n\t\t    data-rotate=\"50\"\n\t\t    data-dynamicbullets=\"on\"\n\t\t    data-ordernumber=\"0\"\n\t\t    data-centered=\"off\"\n\t\t    data-spacebetween_tablet=\"\u00bb\u00bb\"\n\t\t    data-spacebetween_phone=\"\u00bb50&#8243;\"\n\t\t    data-shadow=\"true\">\n\t\t        <div class=\"swiper-container\">\n\t\t            <div class=\"dipi-blog-slider-wrapper\">\n\t\t                <div class=\"entry\">\n\t<h2 class=\"not-found-title\">No se encontraron resultados<\/h2>\n\t<p>La p\u00e1gina solicitada no pudo encontrarse. Trate de perfeccionar su b\u00fasqueda o utilice la navegaci\u00f3n para localizar la entrada.<\/p>\n<\/div>\n\n\t\t            <\/div>\n\t\t        <\/div>\n\t\t        \n\t\t        <div class=\"swiper-container-horizontal\">\n\t\t            \n\t\t        <\/div>\n\t\t    <\/div>\n\t\t\t\t<\/div>\n\t\t\t<\/div><\/p>\n","protected":false},"author":1,"featured_media":0,"parent":0,"menu_order":0,"comment_status":"closed","ping_status":"closed","template":"","meta":{"_et_pb_use_builder":"on","_et_pb_old_content":"","_et_gb_content_width":"","footnotes":""},"dipi_cpt_category":[],"class_list":["post-25802867","page","type-page","status-publish","hentry"],"yoast_head":"<!-- This site is optimized with the Yoast SEO plugin v27.4 - https:\/\/yoast.com\/product\/yoast-seo-wordpress\/ -->\n<title>BLOGSoud &#8212; Aurora Flowers<\/title>\n<meta name=\"robots\" content=\"index, follow, max-snippet:-1, max-image-preview:large, max-video-preview:-1\" \/>\n<link rel=\"canonical\" href=\"https:\/\/auroraflowers.nl\/es\/blogsoud\/\" \/>\n<meta property=\"og:locale\" content=\"es_ES\" \/>\n<meta property=\"og:type\" content=\"article\" \/>\n<meta property=\"og:title\" content=\"BLOGSoud &#8212; Aurora Flowers\" \/>\n<meta property=\"og:description\" content=\"AURORA Blogs\" \/>\n<meta property=\"og:url\" content=\"https:\/\/auroraflowers.nl\/es\/blogsoud\/\" \/>\n<meta property=\"og:site_name\" content=\"Aurora Flowers\" \/>\n<meta property=\"article:publisher\" content=\"https:\/\/business.facebook.com\/AuroraFlowersNL\/\" \/>\n<meta property=\"article:modified_time\" content=\"2025-02-20T16:30:22+00:00\" \/>\n<meta name=\"twitter:card\" content=\"summary_large_image\" \/>\n<meta name=\"twitter:label1\" content=\"Tiempo de lectura\" \/>\n\t<meta name=\"twitter:data1\" content=\"3 minutos\" \/>\n<script type=\"application\/ld+json\" class=\"yoast-schema-graph\">{\"@context\":\"https:\\\/\\\/schema.org\",\"@graph\":[{\"@type\":\"WebPage\",\"@id\":\"https:\\\/\\\/auroraflowers.nl\\\/es\\\/blogsoud\\\/\",\"url\":\"https:\\\/\\\/auroraflowers.nl\\\/es\\\/blogsoud\\\/\",\"name\":\"BLOGSoud &#8212; Aurora Flowers\",\"isPartOf\":{\"@id\":\"https:\\\/\\\/auroraflowers.nl\\\/#website\"},\"datePublished\":\"2025-02-20T16:10:13+00:00\",\"dateModified\":\"2025-02-20T16:30:22+00:00\",\"breadcrumb\":{\"@id\":\"https:\\\/\\\/auroraflowers.nl\\\/es\\\/blogsoud\\\/#breadcrumb\"},\"inLanguage\":\"es\",\"potentialAction\":[{\"@type\":\"ReadAction\",\"target\":[\"https:\\\/\\\/auroraflowers.nl\\\/es\\\/blogsoud\\\/\"]}]},{\"@type\":\"BreadcrumbList\",\"@id\":\"https:\\\/\\\/auroraflowers.nl\\\/es\\\/blogsoud\\\/#breadcrumb\",\"itemListElement\":[{\"@type\":\"ListItem\",\"position\":1,\"name\":\"Home\",\"item\":\"https:\\\/\\\/auroraflowers.nl\\\/es\\\/\"},{\"@type\":\"ListItem\",\"position\":2,\"name\":\"BLOGSoud\"}]},{\"@type\":\"WebSite\",\"@id\":\"https:\\\/\\\/auroraflowers.nl\\\/#website\",\"url\":\"https:\\\/\\\/auroraflowers.nl\\\/\",\"name\":\"Aurora Flowers\",\"description\":\"Flowers and Plants from The Netherlands\",\"potentialAction\":[{\"@type\":\"SearchAction\",\"target\":{\"@type\":\"EntryPoint\",\"urlTemplate\":\"https:\\\/\\\/auroraflowers.nl\\\/?s={search_term_string}\"},\"query-input\":{\"@type\":\"PropertyValueSpecification\",\"valueRequired\":true,\"valueName\":\"search_term_string\"}}],\"inLanguage\":\"es\"}]}<\/script>\n<!-- \/ Yoast SEO plugin. -->","yoast_head_json":{"title":"BLOGSoud &#8212; Aurora Flowers","robots":{"index":"index","follow":"follow","max-snippet":"max-snippet:-1","max-image-preview":"max-image-preview:large","max-video-preview":"max-video-preview:-1"},"canonical":"https:\/\/auroraflowers.nl\/es\/blogsoud\/","og_locale":"es_ES","og_type":"article","og_title":"BLOGSoud &#8212; Aurora Flowers","og_description":"AURORA Blogs","og_url":"https:\/\/auroraflowers.nl\/es\/blogsoud\/","og_site_name":"Aurora Flowers","article_publisher":"https:\/\/business.facebook.com\/AuroraFlowersNL\/","article_modified_time":"2025-02-20T16:30:22+00:00","twitter_card":"summary_large_image","twitter_misc":{"Tiempo de lectura":"3 minutos"},"schema":{"@context":"https:\/\/schema.org","@graph":[{"@type":"WebPage","@id":"https:\/\/auroraflowers.nl\/es\/blogsoud\/","url":"https:\/\/auroraflowers.nl\/es\/blogsoud\/","name":"BLOGSoud &#8212; Aurora Flowers","isPartOf":{"@id":"https:\/\/auroraflowers.nl\/#website"},"datePublished":"2025-02-20T16:10:13+00:00","dateModified":"2025-02-20T16:30:22+00:00","breadcrumb":{"@id":"https:\/\/auroraflowers.nl\/es\/blogsoud\/#breadcrumb"},"inLanguage":"es","potentialAction":[{"@type":"ReadAction","target":["https:\/\/auroraflowers.nl\/es\/blogsoud\/"]}]},{"@type":"BreadcrumbList","@id":"https:\/\/auroraflowers.nl\/es\/blogsoud\/#breadcrumb","itemListElement":[{"@type":"ListItem","position":1,"name":"Home","item":"https:\/\/auroraflowers.nl\/es\/"},{"@type":"ListItem","position":2,"name":"BLOGSoud"}]},{"@type":"WebSite","@id":"https:\/\/auroraflowers.nl\/#website","url":"https:\/\/auroraflowers.nl\/","name":"Aurora Flowers","description":"Flowers and Plants from The Netherlands","potentialAction":[{"@type":"SearchAction","target":{"@type":"EntryPoint","urlTemplate":"https:\/\/auroraflowers.nl\/?s={search_term_string}"},"query-input":{"@type":"PropertyValueSpecification","valueRequired":true,"valueName":"search_term_string"}}],"inLanguage":"es"}]}},"_links":{"self":[{"href":"https:\/\/auroraflowers.nl\/es\/wp-json\/wp\/v2\/pages\/25802867","targetHints":{"allow":["GET"]}}],"collection":[{"href":"https:\/\/auroraflowers.nl\/es\/wp-json\/wp\/v2\/pages"}],"about":[{"href":"https:\/\/auroraflowers.nl\/es\/wp-json\/wp\/v2\/types\/page"}],"author":[{"embeddable":true,"href":"https:\/\/auroraflowers.nl\/es\/wp-json\/wp\/v2\/users\/1"}],"replies":[{"embeddable":true,"href":"https:\/\/auroraflowers.nl\/es\/wp-json\/wp\/v2\/comments?post=25802867"}],"version-history":[{"count":3,"href":"https:\/\/auroraflowers.nl\/es\/wp-json\/wp\/v2\/pages\/25802867\/revisions"}],"predecessor-version":[{"id":25802884,"href":"https:\/\/auroraflowers.nl\/es\/wp-json\/wp\/v2\/pages\/25802867\/revisions\/25802884"}],"wp:attachment":[{"href":"https:\/\/auroraflowers.nl\/es\/wp-json\/wp\/v2\/media?parent=25802867"}],"wp:term":[{"taxonomy":"dipi_cpt_category","embeddable":true,"href":"https:\/\/auroraflowers.nl\/es\/wp-json\/wp\/v2\/dipi_cpt_category?post=25802867"}],"curies":[{"name":"wp","href":"https:\/\/api.w.org\/{rel}","templated":true}]}}