{"id":25595,"date":"2017-11-01T10:30:41","date_gmt":"2017-11-01T10:30:41","guid":{"rendered":"http:\/\/auroraflowers.tweejees.nl\/sobre-nosotros\/"},"modified":"2023-06-29T20:45:25","modified_gmt":"2023-06-29T20:45:25","slug":"sobre-nosotros","status":"publish","type":"page","link":"https:\/\/auroraflowers.nl\/es\/sobre-nosotros\/","title":{"rendered":"SOBRE NOSOTROS"},"content":{"rendered":"<p>[et_pb_section fb_built=\u00bb1&#8243; _builder_version=\u00bb4.21.0&#8243; background_image=\u00bbhttps:\/\/auroraflowers.nl\/wp-content\/uploads\/2020\/02\/Aurora-Flowers-Honselersdijk-Holland-bloemenmagazijn.jpg\u00bb background_position=\u00bbtop_center\u00bb custom_padding=\u00bb10px|0px|0px|10px\u00bb global_colors_info=\u00bb{}\u00bb][et_pb_row column_structure=\u00bb1_3,1_3,1_3&#8243; use_custom_gutter=\u00bbon\u00bb gutter_width=\u00bb1&#8243; module_class=\u00bb et_pb_row_fullwidth\u00bb _builder_version=\u00bb4.16&#8243; width=\u00bb100%\u00bb width_tablet=\u00bb100%\u00bb width_phone=\u00bb\u00bb width_last_edited=\u00bbon|desktop\u00bb max_width=\u00bb100%\u00bb max_width_tablet=\u00bb100%\u00bb max_width_phone=\u00bb\u00bb max_width_last_edited=\u00bbon|desktop\u00bb custom_padding=\u00bb0px|0px|0px|0px\u00bb make_fullwidth=\u00bbon\u00bb global_colors_info=\u00bb{}\u00bb][et_pb_column type=\u00bb1_3&#8243; _builder_version=\u00bb4.16&#8243; custom_padding=\u00bb|||\u00bb global_colors_info=\u00bb{}\u00bb custom_padding__hover=\u00bb|||\u00bb][\/et_pb_column][et_pb_column type=\u00bb1_3&#8243; _builder_version=\u00bb4.16&#8243; custom_padding=\u00bb|||\u00bb global_colors_info=\u00bb{}\u00bb custom_padding__hover=\u00bb|||\u00bb][et_pb_button button_url=\u00bbhttps:\/\/auroraflowers.nl\/es\/contacto\/\u00bb button_text=\u00bbCONTACTO\u00bb button_alignment=\u00bbright\u00bb admin_label=\u00bbKnop contact\u00bb _builder_version=\u00bb4.16&#8243; custom_button=\u00bbon\u00bb button_text_color=\u00bb#ffdd00&#8243; button_bg_color=\u00bb#00165b\u00bb button_border_color=\u00bb#00165b\u00bb button_icon=\u00bb&#x39;||divi||400&#8243; button_icon_color=\u00bb#ffdd00&#8243; button_on_hover=\u00bboff\u00bb button_text_color_hover=\u00bb#014587&#8243; button_border_color_hover=\u00bb#ffdd00&#8243; button_bg_color_hover=\u00bb#ffdd00&#8243; saved_tabs=\u00bball\u00bb global_colors_info=\u00bb{}\u00bb button_text_size__hover_enabled=\u00bboff\u00bb button_one_text_size__hover_enabled=\u00bboff\u00bb button_two_text_size__hover_enabled=\u00bboff\u00bb button_text_color__hover_enabled=\u00bbon\u00bb button_text_color__hover=\u00bb#014587&#8243; button_one_text_color__hover_enabled=\u00bboff\u00bb button_two_text_color__hover_enabled=\u00bboff\u00bb button_border_width__hover_enabled=\u00bboff\u00bb button_one_border_width__hover_enabled=\u00bboff\u00bb button_two_border_width__hover_enabled=\u00bboff\u00bb button_border_color__hover_enabled=\u00bbon\u00bb button_border_color__hover=\u00bb#ffdd00&#8243; button_one_border_color__hover_enabled=\u00bboff\u00bb button_two_border_color__hover_enabled=\u00bboff\u00bb button_border_radius__hover_enabled=\u00bboff\u00bb button_one_border_radius__hover_enabled=\u00bboff\u00bb button_two_border_radius__hover_enabled=\u00bboff\u00bb button_letter_spacing__hover_enabled=\u00bboff\u00bb button_one_letter_spacing__hover_enabled=\u00bboff\u00bb button_two_letter_spacing__hover_enabled=\u00bboff\u00bb button_bg_color__hover_enabled=\u00bbon\u00bb button_bg_color__hover=\u00bb#ffdd00&#8243; button_one_bg_color__hover_enabled=\u00bboff\u00bb button_two_bg_color__hover_enabled=\u00bboff\u00bb][\/et_pb_button][\/et_pb_column][et_pb_column type=\u00bb1_3&#8243; _builder_version=\u00bb4.16&#8243; background_color=\u00bbrgba(244,244,244,0.86)\u00bb custom_padding=\u00bb|||\u00bb global_colors_info=\u00bb{}\u00bb custom_padding__hover=\u00bb|||\u00bb][et_pb_text admin_label=\u00bbTekst TITEL\u00bb _builder_version=\u00bb4.16&#8243; text_font=\u00bbPlayfair Display|on|||\u00bb text_text_color=\u00bb#013366&#8243; text_font_size=\u00bb38&#8243; text_letter_spacing=\u00bb2px\u00bb text_line_height=\u00bb1.8em\u00bb background_size=\u00bbinitial\u00bb background_position=\u00bbtop_left\u00bb background_repeat=\u00bbrepeat\u00bb text_orientation=\u00bbcenter\u00bb module_alignment=\u00bbcenter\u00bb custom_margin=\u00bb30px|30px|30px|30px\u00bb border_style=\u00bbsolid\u00bb saved_tabs=\u00bball\u00bb global_colors_info=\u00bb{}\u00bb]SOBRE NOSOTROS<br \/>\n[\/et_pb_text][et_pb_text admin_label=\u00bbTekst OVER ONS\u00bb _builder_version=\u00bb4.16&#8243; text_text_color=\u00bb#013366&#8243; text_font_size=\u00bb18&#8243; text_line_height=\u00bb1.8em\u00bb background_size=\u00bbinitial\u00bb background_position=\u00bbtop_left\u00bb background_repeat=\u00bbrepeat\u00bb text_orientation=\u00bbcenter\u00bb module_alignment=\u00bbcenter\u00bb custom_margin=\u00bb15px|30px||30px\u00bb saved_tabs=\u00bball\u00bb global_colors_info=\u00bb{}\u00bb]<strong>Puede comprar nuestros productos on- line en nuestra webshop. Aurora Flowers empaqueta las flores y plantas profesionalmente \u00a0de la manera m\u00e1s adecuada y las env\u00eda por transporte a\u00e9reo o terrestre.<\/strong><\/p>\n<p><strong>Recibe nuestros productos al d\u00eda siguiente de realizar su pedido. Si tiene comentarios o sugestiones, por favor, ind\u00edquenoslo usando el formulario de contacto, enviando un correo electr\u00f3nico o poni\u00e9ndose en contacto telef\u00f3nico con nosotros.<\/strong><\/p>\n<p>&nbsp;<br \/>\n[\/et_pb_text][et_pb_button button_url=\u00bb#SOBRENOSOTROS\u00bb button_text=\u00bbSOBRE NOSOTROS\u00bb button_alignment=\u00bbleft\u00bb admin_label=\u00bbKnop over ons\u00bb _builder_version=\u00bb4.16&#8243; custom_button=\u00bbon\u00bb button_text_color=\u00bb#ffdd00&#8243; button_bg_color=\u00bb#00165b\u00bb button_border_color=\u00bb#00165b\u00bb button_icon=\u00bb&#x39;||divi||400&#8243; button_icon_color=\u00bb#ffdd00&#8243; button_on_hover=\u00bboff\u00bb button_text_color_hover=\u00bb#014587&#8243; button_border_color_hover=\u00bb#ffdd00&#8243; button_letter_spacing_hover=\u00bb0&#8243; button_bg_color_hover=\u00bb#ffdd00&#8243; saved_tabs=\u00bball\u00bb global_colors_info=\u00bb{}\u00bb button_text_size__hover_enabled=\u00bboff\u00bb button_one_text_size__hover_enabled=\u00bboff\u00bb button_two_text_size__hover_enabled=\u00bboff\u00bb button_text_color__hover_enabled=\u00bbon\u00bb button_text_color__hover=\u00bb#014587&#8243; button_one_text_color__hover_enabled=\u00bboff\u00bb button_two_text_color__hover_enabled=\u00bboff\u00bb button_border_width__hover_enabled=\u00bboff\u00bb button_one_border_width__hover_enabled=\u00bboff\u00bb button_two_border_width__hover_enabled=\u00bboff\u00bb button_border_color__hover_enabled=\u00bbon\u00bb button_border_color__hover=\u00bb#ffdd00&#8243; button_one_border_color__hover_enabled=\u00bboff\u00bb button_two_border_color__hover_enabled=\u00bboff\u00bb button_border_radius__hover_enabled=\u00bboff\u00bb button_one_border_radius__hover_enabled=\u00bboff\u00bb button_two_border_radius__hover_enabled=\u00bboff\u00bb button_letter_spacing__hover_enabled=\u00bbon\u00bb button_letter_spacing__hover=\u00bb0&#8243; button_one_letter_spacing__hover_enabled=\u00bboff\u00bb button_two_letter_spacing__hover_enabled=\u00bboff\u00bb button_bg_color__hover_enabled=\u00bbon\u00bb button_bg_color__hover=\u00bb#ffdd00&#8243; button_one_bg_color__hover_enabled=\u00bboff\u00bb button_two_bg_color__hover_enabled=\u00bboff\u00bb][\/et_pb_button][\/et_pb_column][\/et_pb_row][\/et_pb_section][et_pb_section fb_built=\u00bb1&#8243; _builder_version=\u00bb4.16&#8243; global_colors_info=\u00bb{}\u00bb][et_pb_row module_id=\u00bboverons\u00bb _builder_version=\u00bb4.16&#8243; global_colors_info=\u00bb{}\u00bb column_structure=\u00bb1_4,1_2,1_4&#8243;][et_pb_column type=\u00bb1_4&#8243; _builder_version=\u00bb4.16&#8243; custom_padding=\u00bb|||\u00bb global_colors_info=\u00bb{}\u00bb custom_padding__hover=\u00bb|||\u00bb][\/et_pb_column][et_pb_column type=\u00bb1_2&#8243; _builder_version=\u00bb4.16&#8243; custom_padding=\u00bb|||\u00bb global_colors_info=\u00bb{}\u00bb custom_padding__hover=\u00bb|||\u00bb]<\/p>\n<p>[et_pb_gallery gallery_ids=\u00bb24943,24945,24949,24951,24953,24963,24961,24959,24957,24955,24965,24968,24969,24970,24975,24974,24973,24971,24976,24977,24991,24983,24987,25218,25210,25224,25214,25207,24979,27002,26990,26996,27026,27020,27008,27640,27183,27177,27171,27165,27159,27147,27135,27123,27117,27111,27105,27036,27075,27081,27087,27099,26971,26965,26958,26948,26935,26131&#8243; fullwidth=\u00bbon\u00bb _builder_version=\u00bb4.14.8&#8243; animation_style=\u00bbzoom\u00bb animation_duration=\u00bb300ms\u00bb auto=\u00bbon\u00bb auto_speed=\u00bb1500&#8243; hover_enabled=\u00bb0&#8243; pagination_font_size_tablet=\u00bb51&#8243; pagination_line_height_tablet=\u00bb2&#8243; border_style=\u00bbsolid\u00bb global_colors_info=\u00bb{}\u00bb sticky_enabled=\u00bb0&#8243;][\/et_pb_gallery]<\/p>\n<p>[\/et_pb_column][et_pb_column type=\u00bb1_4&#8243; _builder_version=\u00bb4.16&#8243; custom_padding=\u00bb|||\u00bb global_colors_info=\u00bb{}\u00bb custom_padding__hover=\u00bb|||\u00bb][\/et_pb_column][\/et_pb_row][\/et_pb_section]<\/p>\n","protected":false},"excerpt":{"rendered":"<p>SOBRE NOSOTROS Puede comprar nuestros productos on- line en nuestra webshop. Aurora Flowers empaqueta las flores y plantas profesionalmente \u00a0de la manera m\u00e1s adecuada y las env\u00eda por transporte a\u00e9reo o terrestre. Recibe nuestros productos al d\u00eda siguiente de realizar su pedido. Si tiene comentarios o sugestiones, por favor, ind\u00edquenoslo usando el formulario de contacto, [&hellip;]<\/p>\n","protected":false},"author":1,"featured_media":0,"parent":0,"menu_order":0,"comment_status":"closed","ping_status":"closed","template":"","meta":{"_et_pb_use_builder":"on","_et_pb_old_content":"","_et_gb_content_width":"","footnotes":""},"dipi_cpt_category":[],"class_list":["post-25595","page","type-page","status-publish","hentry"],"yoast_head":"<!-- This site is optimized with the Yoast SEO plugin v27.4 - https:\/\/yoast.com\/product\/yoast-seo-wordpress\/ -->\n<title>SOBRE NOSOTROS &#8212; Aurora Flowers<\/title>\n<meta name=\"robots\" content=\"index, follow, max-snippet:-1, max-image-preview:large, max-video-preview:-1\" \/>\n<link rel=\"canonical\" href=\"https:\/\/auroraflowers.nl\/es\/sobre-nosotros\/\" \/>\n<meta property=\"og:locale\" content=\"es_ES\" \/>\n<meta property=\"og:type\" content=\"article\" \/>\n<meta property=\"og:title\" content=\"SOBRE NOSOTROS &#8212; Aurora Flowers\" \/>\n<meta property=\"og:description\" content=\"SOBRE NOSOTROS Puede comprar nuestros productos on- line en nuestra webshop. Aurora Flowers empaqueta las flores y plantas profesionalmente \u00a0de la manera m\u00e1s adecuada y las env\u00eda por transporte a\u00e9reo o terrestre. Recibe nuestros productos al d\u00eda siguiente de realizar su pedido. Si tiene comentarios o sugestiones, por favor, ind\u00edquenoslo usando el formulario de contacto, [&hellip;]\" \/>\n<meta property=\"og:url\" content=\"https:\/\/auroraflowers.nl\/es\/sobre-nosotros\/\" \/>\n<meta property=\"og:site_name\" content=\"Aurora Flowers\" \/>\n<meta property=\"article:publisher\" content=\"https:\/\/business.facebook.com\/AuroraFlowersNL\/\" \/>\n<meta property=\"article:modified_time\" content=\"2023-06-29T20:45:25+00:00\" \/>\n<meta name=\"twitter:card\" content=\"summary_large_image\" \/>\n<meta name=\"twitter:label1\" content=\"Tiempo de lectura\" \/>\n\t<meta name=\"twitter:data1\" content=\"5 minutos\" \/>\n<script type=\"application\/ld+json\" class=\"yoast-schema-graph\">{\"@context\":\"https:\\\/\\\/schema.org\",\"@graph\":[{\"@type\":\"WebPage\",\"@id\":\"https:\\\/\\\/auroraflowers.nl\\\/es\\\/sobre-nosotros\\\/\",\"url\":\"https:\\\/\\\/auroraflowers.nl\\\/es\\\/sobre-nosotros\\\/\",\"name\":\"SOBRE NOSOTROS &#8212; Aurora Flowers\",\"isPartOf\":{\"@id\":\"https:\\\/\\\/auroraflowers.nl\\\/#website\"},\"datePublished\":\"2017-11-01T10:30:41+00:00\",\"dateModified\":\"2023-06-29T20:45:25+00:00\",\"breadcrumb\":{\"@id\":\"https:\\\/\\\/auroraflowers.nl\\\/es\\\/sobre-nosotros\\\/#breadcrumb\"},\"inLanguage\":\"es\",\"potentialAction\":[{\"@type\":\"ReadAction\",\"target\":[\"https:\\\/\\\/auroraflowers.nl\\\/es\\\/sobre-nosotros\\\/\"]}]},{\"@type\":\"BreadcrumbList\",\"@id\":\"https:\\\/\\\/auroraflowers.nl\\\/es\\\/sobre-nosotros\\\/#breadcrumb\",\"itemListElement\":[{\"@type\":\"ListItem\",\"position\":1,\"name\":\"Home\",\"item\":\"https:\\\/\\\/auroraflowers.nl\\\/es\\\/\"},{\"@type\":\"ListItem\",\"position\":2,\"name\":\"SOBRE NOSOTROS\"}]},{\"@type\":\"WebSite\",\"@id\":\"https:\\\/\\\/auroraflowers.nl\\\/#website\",\"url\":\"https:\\\/\\\/auroraflowers.nl\\\/\",\"name\":\"Aurora Flowers\",\"description\":\"Flowers and Plants from The Netherlands\",\"potentialAction\":[{\"@type\":\"SearchAction\",\"target\":{\"@type\":\"EntryPoint\",\"urlTemplate\":\"https:\\\/\\\/auroraflowers.nl\\\/?s={search_term_string}\"},\"query-input\":{\"@type\":\"PropertyValueSpecification\",\"valueRequired\":true,\"valueName\":\"search_term_string\"}}],\"inLanguage\":\"es\"}]}<\/script>\n<!-- \/ Yoast SEO plugin. -->","yoast_head_json":{"title":"SOBRE NOSOTROS &#8212; Aurora Flowers","robots":{"index":"index","follow":"follow","max-snippet":"max-snippet:-1","max-image-preview":"max-image-preview:large","max-video-preview":"max-video-preview:-1"},"canonical":"https:\/\/auroraflowers.nl\/es\/sobre-nosotros\/","og_locale":"es_ES","og_type":"article","og_title":"SOBRE NOSOTROS &#8212; Aurora Flowers","og_description":"SOBRE NOSOTROS Puede comprar nuestros productos on- line en nuestra webshop. Aurora Flowers empaqueta las flores y plantas profesionalmente \u00a0de la manera m\u00e1s adecuada y las env\u00eda por transporte a\u00e9reo o terrestre. Recibe nuestros productos al d\u00eda siguiente de realizar su pedido. Si tiene comentarios o sugestiones, por favor, ind\u00edquenoslo usando el formulario de contacto, [&hellip;]","og_url":"https:\/\/auroraflowers.nl\/es\/sobre-nosotros\/","og_site_name":"Aurora Flowers","article_publisher":"https:\/\/business.facebook.com\/AuroraFlowersNL\/","article_modified_time":"2023-06-29T20:45:25+00:00","twitter_card":"summary_large_image","twitter_misc":{"Tiempo de lectura":"5 minutos"},"schema":{"@context":"https:\/\/schema.org","@graph":[{"@type":"WebPage","@id":"https:\/\/auroraflowers.nl\/es\/sobre-nosotros\/","url":"https:\/\/auroraflowers.nl\/es\/sobre-nosotros\/","name":"SOBRE NOSOTROS &#8212; Aurora Flowers","isPartOf":{"@id":"https:\/\/auroraflowers.nl\/#website"},"datePublished":"2017-11-01T10:30:41+00:00","dateModified":"2023-06-29T20:45:25+00:00","breadcrumb":{"@id":"https:\/\/auroraflowers.nl\/es\/sobre-nosotros\/#breadcrumb"},"inLanguage":"es","potentialAction":[{"@type":"ReadAction","target":["https:\/\/auroraflowers.nl\/es\/sobre-nosotros\/"]}]},{"@type":"BreadcrumbList","@id":"https:\/\/auroraflowers.nl\/es\/sobre-nosotros\/#breadcrumb","itemListElement":[{"@type":"ListItem","position":1,"name":"Home","item":"https:\/\/auroraflowers.nl\/es\/"},{"@type":"ListItem","position":2,"name":"SOBRE NOSOTROS"}]},{"@type":"WebSite","@id":"https:\/\/auroraflowers.nl\/#website","url":"https:\/\/auroraflowers.nl\/","name":"Aurora Flowers","description":"Flowers and Plants from The Netherlands","potentialAction":[{"@type":"SearchAction","target":{"@type":"EntryPoint","urlTemplate":"https:\/\/auroraflowers.nl\/?s={search_term_string}"},"query-input":{"@type":"PropertyValueSpecification","valueRequired":true,"valueName":"search_term_string"}}],"inLanguage":"es"}]}},"_links":{"self":[{"href":"https:\/\/auroraflowers.nl\/es\/wp-json\/wp\/v2\/pages\/25595","targetHints":{"allow":["GET"]}}],"collection":[{"href":"https:\/\/auroraflowers.nl\/es\/wp-json\/wp\/v2\/pages"}],"about":[{"href":"https:\/\/auroraflowers.nl\/es\/wp-json\/wp\/v2\/types\/page"}],"author":[{"embeddable":true,"href":"https:\/\/auroraflowers.nl\/es\/wp-json\/wp\/v2\/users\/1"}],"replies":[{"embeddable":true,"href":"https:\/\/auroraflowers.nl\/es\/wp-json\/wp\/v2\/comments?post=25595"}],"version-history":[{"count":5,"href":"https:\/\/auroraflowers.nl\/es\/wp-json\/wp\/v2\/pages\/25595\/revisions"}],"predecessor-version":[{"id":28800,"href":"https:\/\/auroraflowers.nl\/es\/wp-json\/wp\/v2\/pages\/25595\/revisions\/28800"}],"wp:attachment":[{"href":"https:\/\/auroraflowers.nl\/es\/wp-json\/wp\/v2\/media?parent=25595"}],"wp:term":[{"taxonomy":"dipi_cpt_category","embeddable":true,"href":"https:\/\/auroraflowers.nl\/es\/wp-json\/wp\/v2\/dipi_cpt_category?post=25595"}],"curies":[{"name":"wp","href":"https:\/\/api.w.org\/{rel}","templated":true}]}}