{"id":25405,"date":"2017-01-13T15:17:08","date_gmt":"2017-01-13T15:17:08","guid":{"rendered":"http:\/\/auroraflowers.tweejees.nl\/contacto\/"},"modified":"2026-03-30T14:33:49","modified_gmt":"2026-03-30T14:33:49","slug":"contacto","status":"publish","type":"page","link":"https:\/\/auroraflowers.nl\/es\/contacto\/","title":{"rendered":"CONTACTO"},"content":{"rendered":"<p>[et_pb_section fb_built=\u00bb1&#8243; _builder_version=\u00bb4.21.0&#8243; background_image=\u00bbhttps:\/\/auroraflowers.nl\/wp-content\/uploads\/2018\/04\/roze-rozen-Aurora-Flowers-w.jpg\u00bb custom_padding=\u00bb10px|0px|0px|10px\u00bb transparent_background=\u00bboff\u00bb make_fullwidth=\u00bboff\u00bb use_custom_width=\u00bboff\u00bb width_unit=\u00bbon\u00bb global_colors_info=\u00bb{}\u00bb][et_pb_row column_structure=\u00bb1_3,1_3,1_3&#8243; use_custom_gutter=\u00bbon\u00bb gutter_width=\u00bb1&#8243; module_class=\u00bb et_pb_row_fullwidth\u00bb _builder_version=\u00bb4.16&#8243; background_size=\u00bbinitial\u00bb background_position=\u00bbtop_left\u00bb background_repeat=\u00bbrepeat\u00bb width=\u00bb100%\u00bb width_tablet=\u00bb100%\u00bb width_phone=\u00bb100%\u00bb width_last_edited=\u00bbon|desktop\u00bb max_width=\u00bb100%\u00bb max_width_tablet=\u00bb100%\u00bb max_width_phone=\u00bb100%\u00bb max_width_last_edited=\u00bbon|desktop\u00bb custom_padding=\u00bb0px|0px|0px|0px\u00bb make_fullwidth=\u00bbon\u00bb global_colors_info=\u00bb{}\u00bb][et_pb_column type=\u00bb1_3&#8243; _builder_version=\u00bb4.16&#8243; custom_padding=\u00bb|||\u00bb global_colors_info=\u00bb{}\u00bb custom_padding__hover=\u00bb|||\u00bb][\/et_pb_column][et_pb_column type=\u00bb1_3&#8243; _builder_version=\u00bb4.16&#8243; custom_padding=\u00bb|0px||\u00bb global_colors_info=\u00bb{}\u00bb custom_padding__hover=\u00bb|||\u00bb][\/et_pb_column][et_pb_column type=\u00bb1_3&#8243; _builder_version=\u00bb4.16&#8243; background_color=\u00bbrgba(244,244,244,0.86)\u00bb custom_padding=\u00bb|||\u00bb global_colors_info=\u00bb{}\u00bb custom_padding__hover=\u00bb|||\u00bb][et_pb_text _builder_version=\u00bb4.16&#8243; text_font=\u00bbPlayfair Display|on|||\u00bb text_text_color=\u00bb#013366&#8243; text_font_size=\u00bb38&#8243; text_letter_spacing=\u00bb2px\u00bb text_line_height=\u00bb1.8em\u00bb background_size=\u00bbinitial\u00bb background_position=\u00bbtop_left\u00bb background_repeat=\u00bbrepeat\u00bb text_orientation=\u00bbcenter\u00bb module_alignment=\u00bbcenter\u00bb custom_margin=\u00bb30px|30px|30px|30px\u00bb border_style=\u00bbsolid\u00bb global_colors_info=\u00bb{}\u00bb]<\/p>\n<p>ESTAMOS ENCANTADOS EN AYUDARIES Y SIEMPRE A SU SERVICIO<\/p>\n<p>[\/et_pb_text][et_pb_text _builder_version=\u00bb4.16&#8243; text_font=\u00bb|700|||||||\u00bb text_text_color=\u00bb#013366&#8243; text_font_size=\u00bb18&#8243; text_line_height=\u00bb1.8em\u00bb background_size=\u00bbinitial\u00bb background_position=\u00bbtop_left\u00bb background_repeat=\u00bbrepeat\u00bb text_orientation=\u00bbcenter\u00bb module_alignment=\u00bbcenter\u00bb custom_margin=\u00bb15px|30px||30px\u00bb global_colors_info=\u00bb{}\u00bb]<\/p>\n<p><strong>Nuestra empresa est\u00e1 ubicada en la subasta FloraHolland, en Naaldwijk\u00a0 y all\u00ed es d\u00f3nde adquirimos la mayor\u00eda de nuestros productos.<\/strong> <strong>Adem\u00e1s, compramos los productos en las subastas de Aalsmeer y Rijnsburg o directamente del floricultor.<\/strong> \u00a0<\/p>\n<p>[\/et_pb_text][et_pb_button button_url=\u00bb#contactoformular\u00bb button_text=\u00bbP\u00d3NGASE EN CONTACTO\u00bb button_alignment=\u00bbleft\u00bb admin_label=\u00bbKnop CONTACT\u00bb _builder_version=\u00bb4.21.0&#8243; custom_button=\u00bbon\u00bb button_text_color=\u00bb#ffdd00&#8243; button_bg_color=\u00bb#00165b\u00bb button_border_color=\u00bb#00165b\u00bb button_icon=\u00bb&#x39;||divi||400&#8243; button_icon_color=\u00bb#ffdd00&#8243; button_on_hover=\u00bboff\u00bb button_text_color_hover=\u00bb#014587&#8243; button_border_color_hover=\u00bb#ffdd00&#8243; button_letter_spacing_hover=\u00bb0&#8243; button_bg_color_hover=\u00bb#ffdd00&#8243; global_colors_info=\u00bb{}\u00bb button_text_size__hover_enabled=\u00bboff\u00bb button_text_size__hover=\u00bbnull\u00bb button_one_text_size__hover_enabled=\u00bboff\u00bb button_one_text_size__hover=\u00bbnull\u00bb button_two_text_size__hover_enabled=\u00bboff\u00bb button_two_text_size__hover=\u00bbnull\u00bb button_text_color__hover_enabled=\u00bbon\u00bb button_text_color__hover=\u00bb#014587&#8243; button_one_text_color__hover_enabled=\u00bboff\u00bb button_one_text_color__hover=\u00bbnull\u00bb button_two_text_color__hover_enabled=\u00bboff\u00bb button_two_text_color__hover=\u00bbnull\u00bb button_border_width__hover_enabled=\u00bboff\u00bb button_border_width__hover=\u00bbnull\u00bb button_one_border_width__hover_enabled=\u00bboff\u00bb button_one_border_width__hover=\u00bbnull\u00bb button_two_border_width__hover_enabled=\u00bboff\u00bb button_two_border_width__hover=\u00bbnull\u00bb button_border_color__hover_enabled=\u00bbon\u00bb button_border_color__hover=\u00bb#ffdd00&#8243; button_one_border_color__hover_enabled=\u00bboff\u00bb button_one_border_color__hover=\u00bbnull\u00bb button_two_border_color__hover_enabled=\u00bboff\u00bb button_two_border_color__hover=\u00bbnull\u00bb button_border_radius__hover_enabled=\u00bboff\u00bb button_border_radius__hover=\u00bbnull\u00bb button_one_border_radius__hover_enabled=\u00bboff\u00bb button_one_border_radius__hover=\u00bbnull\u00bb button_two_border_radius__hover_enabled=\u00bboff\u00bb button_two_border_radius__hover=\u00bbnull\u00bb button_letter_spacing__hover_enabled=\u00bbon\u00bb button_letter_spacing__hover=\u00bb0&#8243; button_one_letter_spacing__hover_enabled=\u00bboff\u00bb button_one_letter_spacing__hover=\u00bbnull\u00bb button_two_letter_spacing__hover_enabled=\u00bboff\u00bb button_two_letter_spacing__hover=\u00bbnull\u00bb button_bg_color__hover_enabled=\u00bbon\u00bb button_bg_color__hover=\u00bb#ffdd00&#8243; button_one_bg_color__hover_enabled=\u00bboff\u00bb button_one_bg_color__hover=\u00bbnull\u00bb button_two_bg_color__hover_enabled=\u00bboff\u00bb button_two_bg_color__hover=\u00bbnull\u00bb][\/et_pb_button][\/et_pb_column][\/et_pb_row][\/et_pb_section][et_pb_section fb_built=\u00bb1&#8243; _builder_version=\u00bb4.16&#8243; global_colors_info=\u00bb{}\u00bb][et_pb_row column_structure=\u00bb1_2,1_2&#8243; module_id=\u00bbCONTACTFORMULIER\u00bb _builder_version=\u00bb4.16&#8243; background_size=\u00bbinitial\u00bb background_position=\u00bbtop_left\u00bb background_repeat=\u00bbrepeat\u00bb global_colors_info=\u00bb{}\u00bb][et_pb_column type=\u00bb1_2&#8243; _builder_version=\u00bb4.16&#8243; custom_padding=\u00bb|||\u00bb global_colors_info=\u00bb{}\u00bb custom_padding__hover=\u00bb|||\u00bb][et_pb_text _builder_version=\u00bb4.27.4&#8243; text_text_color=\u00bb#013366&#8243; text_font_size=\u00bb18&#8243; text_line_height=\u00bb1.8em\u00bb background_size=\u00bbinitial\u00bb background_position=\u00bbtop_left\u00bb background_repeat=\u00bbrepeat\u00bb text_orientation=\u00bbcenter\u00bb module_alignment=\u00bbcenter\u00bb custom_margin=\u00bb15px|30px||30px\u00bb border_style=\u00bbsolid\u00bb global_colors_info=\u00bb{}\u00bb]<\/p>\n<p>Nuestra direcci\u00f3n:<\/p>\n<p><strong>Aurora Flowers b.v.<\/strong><br \/>Venus 333<br \/>2675 LV Honselersdijk The Netherlands<br \/>Tel. : +31 174 638 720<br \/>Fax : +31 174 640 999<br \/>Email:<strong> <a href=\"mailto:info@auroraflowers.nl\">info@auroraflowers.nl<\/a><\/strong><\/p>\n<p>[\/et_pb_text][\/et_pb_column][et_pb_column type=\u00bb1_2&#8243; _builder_version=\u00bb4.16&#8243; custom_padding=\u00bb|||\u00bb global_colors_info=\u00bb{}\u00bb custom_padding__hover=\u00bb|||\u00bb][dsm_contact_form_7 cf7_library=\u00bb25805481&#8243; _builder_version=\u00bb4.27.6&#8243; _module_preset=\u00bbdefault\u00bb custom_button_one=\u00bbon\u00bb button_one_text_color=\u00bb#FFDD00&#8243; hover_enabled=\u00bb0&#8243; global_colors_info=\u00bb{}\u00bb button_one_text_color__hover_enabled=\u00bbon|hover\u00bb button_one_text_color__hover=\u00bb#FFDD00&#8243; sticky_enabled=\u00bb0&#8243;][\/dsm_contact_form_7][\/et_pb_column][\/et_pb_row][et_pb_row column_structure=\u00bb1_4,1_4,1_4,1_4&#8243; _builder_version=\u00bb4.16&#8243; background_size=\u00bbinitial\u00bb background_position=\u00bbtop_left\u00bb background_repeat=\u00bbrepeat\u00bb module_alignment=\u00bbcenter\u00bb global_colors_info=\u00bb{}\u00bb][et_pb_column type=\u00bb1_4&#8243; _builder_version=\u00bb4.16&#8243; custom_padding=\u00bb|||\u00bb global_colors_info=\u00bb{}\u00bb custom_padding__hover=\u00bb|||\u00bb][\/et_pb_column][et_pb_column type=\u00bb1_4&#8243; _builder_version=\u00bb4.16&#8243; custom_padding=\u00bb|||\u00bb global_colors_info=\u00bb{}\u00bb custom_padding__hover=\u00bb|||\u00bb][et_pb_cta button_url=\u00bbhttps:\/\/www.facebook.com\/AuroraFlowersES\/\u00bb url_new_window=\u00bbon\u00bb button_text=\u00bbFACEBOOK\u00bb admin_label=\u00bbOproep tot actie Facebook\u00bb _builder_version=\u00bb4.16&#8243; header_text_align=\u00bbcenter\u00bb body_text_align=\u00bbcenter\u00bb background_size=\u00bbinitial\u00bb background_position=\u00bbtop_left\u00bb background_repeat=\u00bbrepeat\u00bb button_alignment=\u00bbcenter\u00bb global_colors_info=\u00bb{}\u00bb button_text_size__hover_enabled=\u00bboff\u00bb button_text_size__hover=\u00bbnull\u00bb button_one_text_size__hover_enabled=\u00bboff\u00bb button_one_text_size__hover=\u00bbnull\u00bb button_two_text_size__hover_enabled=\u00bboff\u00bb button_two_text_size__hover=\u00bbnull\u00bb button_text_color__hover_enabled=\u00bboff\u00bb button_text_color__hover=\u00bbnull\u00bb button_one_text_color__hover_enabled=\u00bboff\u00bb button_one_text_color__hover=\u00bbnull\u00bb button_two_text_color__hover_enabled=\u00bboff\u00bb button_two_text_color__hover=\u00bbnull\u00bb button_border_width__hover_enabled=\u00bboff\u00bb button_border_width__hover=\u00bbnull\u00bb button_one_border_width__hover_enabled=\u00bboff\u00bb button_one_border_width__hover=\u00bbnull\u00bb button_two_border_width__hover_enabled=\u00bboff\u00bb button_two_border_width__hover=\u00bbnull\u00bb button_border_color__hover_enabled=\u00bboff\u00bb button_border_color__hover=\u00bbnull\u00bb button_one_border_color__hover_enabled=\u00bboff\u00bb button_one_border_color__hover=\u00bbnull\u00bb button_two_border_color__hover_enabled=\u00bboff\u00bb button_two_border_color__hover=\u00bbnull\u00bb button_border_radius__hover_enabled=\u00bboff\u00bb button_border_radius__hover=\u00bbnull\u00bb button_one_border_radius__hover_enabled=\u00bboff\u00bb button_one_border_radius__hover=\u00bbnull\u00bb button_two_border_radius__hover_enabled=\u00bboff\u00bb button_two_border_radius__hover=\u00bbnull\u00bb button_letter_spacing__hover_enabled=\u00bbon\u00bb button_letter_spacing__hover=\u00bb0&#8243; button_one_letter_spacing__hover_enabled=\u00bboff\u00bb button_one_letter_spacing__hover=\u00bbnull\u00bb button_two_letter_spacing__hover_enabled=\u00bboff\u00bb button_two_letter_spacing__hover=\u00bbnull\u00bb button_bg_color__hover_enabled=\u00bboff\u00bb button_bg_color__hover=\u00bbnull\u00bb button_one_bg_color__hover_enabled=\u00bboff\u00bb button_one_bg_color__hover=\u00bbnull\u00bb button_two_bg_color__hover_enabled=\u00bboff\u00bb button_two_bg_color__hover=\u00bbnull\u00bb][\/et_pb_cta][\/et_pb_column][et_pb_column type=\u00bb1_4&#8243; _builder_version=\u00bb4.16&#8243; custom_padding=\u00bb|||\u00bb global_colors_info=\u00bb{}\u00bb custom_padding__hover=\u00bb|||\u00bb][et_pb_cta button_url=\u00bbhttps:\/\/www.instagram.com\/auroraflowersbv\/\u00bb url_new_window=\u00bbon\u00bb button_text=\u00bbINSTAGRAM\u00bb admin_label=\u00bbOproep tot actie INSTAGRAM\u00bb _builder_version=\u00bb4.16&#8243; header_text_align=\u00bbcenter\u00bb body_text_align=\u00bbcenter\u00bb use_background_color_gradient=\u00bbon\u00bb background_color_gradient_stops=\u00bb#7f3fb1 0%|#eb6444 100%\u00bb background_color_gradient_start=\u00bb#7f3fb1&#8243; background_color_gradient_end=\u00bb#eb6444&#8243; background_size=\u00bbinitial\u00bb background_position=\u00bbtop_left\u00bb background_repeat=\u00bbrepeat\u00bb button_alignment=\u00bbcenter\u00bb global_colors_info=\u00bb{}\u00bb button_text_size__hover_enabled=\u00bboff\u00bb button_text_size__hover=\u00bbnull\u00bb button_one_text_size__hover_enabled=\u00bboff\u00bb button_one_text_size__hover=\u00bbnull\u00bb button_two_text_size__hover_enabled=\u00bboff\u00bb button_two_text_size__hover=\u00bbnull\u00bb button_text_color__hover_enabled=\u00bboff\u00bb button_text_color__hover=\u00bbnull\u00bb button_one_text_color__hover_enabled=\u00bboff\u00bb button_one_text_color__hover=\u00bbnull\u00bb button_two_text_color__hover_enabled=\u00bboff\u00bb button_two_text_color__hover=\u00bbnull\u00bb button_border_width__hover_enabled=\u00bboff\u00bb button_border_width__hover=\u00bbnull\u00bb button_one_border_width__hover_enabled=\u00bboff\u00bb button_one_border_width__hover=\u00bbnull\u00bb button_two_border_width__hover_enabled=\u00bboff\u00bb button_two_border_width__hover=\u00bbnull\u00bb button_border_color__hover_enabled=\u00bboff\u00bb button_border_color__hover=\u00bbnull\u00bb button_one_border_color__hover_enabled=\u00bboff\u00bb button_one_border_color__hover=\u00bbnull\u00bb button_two_border_color__hover_enabled=\u00bboff\u00bb button_two_border_color__hover=\u00bbnull\u00bb button_border_radius__hover_enabled=\u00bboff\u00bb button_border_radius__hover=\u00bbnull\u00bb button_one_border_radius__hover_enabled=\u00bboff\u00bb button_one_border_radius__hover=\u00bbnull\u00bb button_two_border_radius__hover_enabled=\u00bboff\u00bb button_two_border_radius__hover=\u00bbnull\u00bb button_letter_spacing__hover_enabled=\u00bbon\u00bb button_letter_spacing__hover=\u00bb0&#8243; button_one_letter_spacing__hover_enabled=\u00bboff\u00bb button_one_letter_spacing__hover=\u00bbnull\u00bb button_two_letter_spacing__hover_enabled=\u00bboff\u00bb button_two_letter_spacing__hover=\u00bbnull\u00bb button_bg_color__hover_enabled=\u00bboff\u00bb button_bg_color__hover=\u00bbnull\u00bb button_one_bg_color__hover_enabled=\u00bboff\u00bb button_one_bg_color__hover=\u00bbnull\u00bb button_two_bg_color__hover_enabled=\u00bboff\u00bb button_two_bg_color__hover=\u00bbnull\u00bb][\/et_pb_cta][\/et_pb_column][et_pb_column type=\u00bb1_4&#8243; _builder_version=\u00bb4.16&#8243; custom_padding=\u00bb|||\u00bb global_colors_info=\u00bb{}\u00bb custom_padding__hover=\u00bb|||\u00bb][\/et_pb_column][\/et_pb_row][\/et_pb_section]<\/p>\n","protected":false},"excerpt":{"rendered":"<p>ESTAMOS ENCANTADOS EN AYUDARIES Y SIEMPRE A SU SERVICIO Nuestra empresa est\u00e1 ubicada en la subasta FloraHolland, en Naaldwijk\u00a0 y all\u00ed es d\u00f3nde adquirimos la mayor\u00eda de nuestros productos. Adem\u00e1s, compramos los productos en las subastas de Aalsmeer y Rijnsburg o directamente del floricultor. \u00a0 Nuestra direcci\u00f3n: Aurora Flowers b.v.Venus 3332675 LV Honselersdijk The NetherlandsTel. [&hellip;]<\/p>\n","protected":false},"author":1,"featured_media":0,"parent":0,"menu_order":0,"comment_status":"closed","ping_status":"closed","template":"","meta":{"_et_pb_use_builder":"on","_et_pb_old_content":"","_et_gb_content_width":"","footnotes":""},"dipi_cpt_category":[],"class_list":["post-25405","page","type-page","status-publish","hentry"],"yoast_head":"<!-- This site is optimized with the Yoast SEO plugin v27.4 - https:\/\/yoast.com\/product\/yoast-seo-wordpress\/ -->\n<title>CONTACTO &#8212; Aurora Flowers<\/title>\n<meta name=\"robots\" content=\"index, follow, max-snippet:-1, max-image-preview:large, max-video-preview:-1\" \/>\n<link rel=\"canonical\" href=\"https:\/\/auroraflowers.nl\/es\/contacto\/\" \/>\n<meta property=\"og:locale\" content=\"es_ES\" \/>\n<meta property=\"og:type\" content=\"article\" \/>\n<meta property=\"og:title\" content=\"CONTACTO &#8212; Aurora Flowers\" \/>\n<meta property=\"og:description\" content=\"ESTAMOS ENCANTADOS EN AYUDARIES Y SIEMPRE A SU SERVICIO Nuestra empresa est\u00e1 ubicada en la subasta FloraHolland, en Naaldwijk\u00a0 y all\u00ed es d\u00f3nde adquirimos la mayor\u00eda de nuestros productos. Adem\u00e1s, compramos los productos en las subastas de Aalsmeer y Rijnsburg o directamente del floricultor. \u00a0 Nuestra direcci\u00f3n: Aurora Flowers b.v.Venus 3332675 LV Honselersdijk The NetherlandsTel. [&hellip;]\" \/>\n<meta property=\"og:url\" content=\"https:\/\/auroraflowers.nl\/es\/contacto\/\" \/>\n<meta property=\"og:site_name\" content=\"Aurora Flowers\" \/>\n<meta property=\"article:publisher\" content=\"https:\/\/business.facebook.com\/AuroraFlowersNL\/\" \/>\n<meta property=\"article:modified_time\" content=\"2026-03-30T14:33:49+00:00\" \/>\n<meta name=\"twitter:card\" content=\"summary_large_image\" \/>\n<meta name=\"twitter:label1\" content=\"Tiempo de lectura\" \/>\n\t<meta name=\"twitter:data1\" content=\"1 minuto\" \/>\n<script type=\"application\/ld+json\" class=\"yoast-schema-graph\">{\"@context\":\"https:\\\/\\\/schema.org\",\"@graph\":[{\"@type\":\"WebPage\",\"@id\":\"https:\\\/\\\/auroraflowers.nl\\\/es\\\/contacto\\\/\",\"url\":\"https:\\\/\\\/auroraflowers.nl\\\/es\\\/contacto\\\/\",\"name\":\"CONTACTO &#8212; Aurora Flowers\",\"isPartOf\":{\"@id\":\"https:\\\/\\\/auroraflowers.nl\\\/#website\"},\"datePublished\":\"2017-01-13T15:17:08+00:00\",\"dateModified\":\"2026-03-30T14:33:49+00:00\",\"breadcrumb\":{\"@id\":\"https:\\\/\\\/auroraflowers.nl\\\/es\\\/contacto\\\/#breadcrumb\"},\"inLanguage\":\"es\",\"potentialAction\":[{\"@type\":\"ReadAction\",\"target\":[\"https:\\\/\\\/auroraflowers.nl\\\/es\\\/contacto\\\/\"]}]},{\"@type\":\"BreadcrumbList\",\"@id\":\"https:\\\/\\\/auroraflowers.nl\\\/es\\\/contacto\\\/#breadcrumb\",\"itemListElement\":[{\"@type\":\"ListItem\",\"position\":1,\"name\":\"Home\",\"item\":\"https:\\\/\\\/auroraflowers.nl\\\/es\\\/\"},{\"@type\":\"ListItem\",\"position\":2,\"name\":\"CONTACTO\"}]},{\"@type\":\"WebSite\",\"@id\":\"https:\\\/\\\/auroraflowers.nl\\\/#website\",\"url\":\"https:\\\/\\\/auroraflowers.nl\\\/\",\"name\":\"Aurora Flowers\",\"description\":\"Flowers and Plants from The Netherlands\",\"potentialAction\":[{\"@type\":\"SearchAction\",\"target\":{\"@type\":\"EntryPoint\",\"urlTemplate\":\"https:\\\/\\\/auroraflowers.nl\\\/?s={search_term_string}\"},\"query-input\":{\"@type\":\"PropertyValueSpecification\",\"valueRequired\":true,\"valueName\":\"search_term_string\"}}],\"inLanguage\":\"es\"}]}<\/script>\n<!-- \/ Yoast SEO plugin. -->","yoast_head_json":{"title":"CONTACTO &#8212; Aurora Flowers","robots":{"index":"index","follow":"follow","max-snippet":"max-snippet:-1","max-image-preview":"max-image-preview:large","max-video-preview":"max-video-preview:-1"},"canonical":"https:\/\/auroraflowers.nl\/es\/contacto\/","og_locale":"es_ES","og_type":"article","og_title":"CONTACTO &#8212; Aurora Flowers","og_description":"ESTAMOS ENCANTADOS EN AYUDARIES Y SIEMPRE A SU SERVICIO Nuestra empresa est\u00e1 ubicada en la subasta FloraHolland, en Naaldwijk\u00a0 y all\u00ed es d\u00f3nde adquirimos la mayor\u00eda de nuestros productos. Adem\u00e1s, compramos los productos en las subastas de Aalsmeer y Rijnsburg o directamente del floricultor. \u00a0 Nuestra direcci\u00f3n: Aurora Flowers b.v.Venus 3332675 LV Honselersdijk The NetherlandsTel. [&hellip;]","og_url":"https:\/\/auroraflowers.nl\/es\/contacto\/","og_site_name":"Aurora Flowers","article_publisher":"https:\/\/business.facebook.com\/AuroraFlowersNL\/","article_modified_time":"2026-03-30T14:33:49+00:00","twitter_card":"summary_large_image","twitter_misc":{"Tiempo de lectura":"1 minuto"},"schema":{"@context":"https:\/\/schema.org","@graph":[{"@type":"WebPage","@id":"https:\/\/auroraflowers.nl\/es\/contacto\/","url":"https:\/\/auroraflowers.nl\/es\/contacto\/","name":"CONTACTO &#8212; Aurora Flowers","isPartOf":{"@id":"https:\/\/auroraflowers.nl\/#website"},"datePublished":"2017-01-13T15:17:08+00:00","dateModified":"2026-03-30T14:33:49+00:00","breadcrumb":{"@id":"https:\/\/auroraflowers.nl\/es\/contacto\/#breadcrumb"},"inLanguage":"es","potentialAction":[{"@type":"ReadAction","target":["https:\/\/auroraflowers.nl\/es\/contacto\/"]}]},{"@type":"BreadcrumbList","@id":"https:\/\/auroraflowers.nl\/es\/contacto\/#breadcrumb","itemListElement":[{"@type":"ListItem","position":1,"name":"Home","item":"https:\/\/auroraflowers.nl\/es\/"},{"@type":"ListItem","position":2,"name":"CONTACTO"}]},{"@type":"WebSite","@id":"https:\/\/auroraflowers.nl\/#website","url":"https:\/\/auroraflowers.nl\/","name":"Aurora Flowers","description":"Flowers and Plants from The Netherlands","potentialAction":[{"@type":"SearchAction","target":{"@type":"EntryPoint","urlTemplate":"https:\/\/auroraflowers.nl\/?s={search_term_string}"},"query-input":{"@type":"PropertyValueSpecification","valueRequired":true,"valueName":"search_term_string"}}],"inLanguage":"es"}]}},"_links":{"self":[{"href":"https:\/\/auroraflowers.nl\/es\/wp-json\/wp\/v2\/pages\/25405","targetHints":{"allow":["GET"]}}],"collection":[{"href":"https:\/\/auroraflowers.nl\/es\/wp-json\/wp\/v2\/pages"}],"about":[{"href":"https:\/\/auroraflowers.nl\/es\/wp-json\/wp\/v2\/types\/page"}],"author":[{"embeddable":true,"href":"https:\/\/auroraflowers.nl\/es\/wp-json\/wp\/v2\/users\/1"}],"replies":[{"embeddable":true,"href":"https:\/\/auroraflowers.nl\/es\/wp-json\/wp\/v2\/comments?post=25405"}],"version-history":[{"count":5,"href":"https:\/\/auroraflowers.nl\/es\/wp-json\/wp\/v2\/pages\/25405\/revisions"}],"predecessor-version":[{"id":25805482,"href":"https:\/\/auroraflowers.nl\/es\/wp-json\/wp\/v2\/pages\/25405\/revisions\/25805482"}],"wp:attachment":[{"href":"https:\/\/auroraflowers.nl\/es\/wp-json\/wp\/v2\/media?parent=25405"}],"wp:term":[{"taxonomy":"dipi_cpt_category","embeddable":true,"href":"https:\/\/auroraflowers.nl\/es\/wp-json\/wp\/v2\/dipi_cpt_category?post=25405"}],"curies":[{"name":"wp","href":"https:\/\/api.w.org\/{rel}","templated":true}]}}